{"id":999,"date":"2020-03-10T12:28:44","date_gmt":"2020-03-10T11:28:44","guid":{"rendered":"https:\/\/muzeumpolonii.uw.edu.pl\/?page_id=999"},"modified":"2025-04-14T23:05:11","modified_gmt":"2025-04-14T21:05:11","slug":"ksiazki","status":"publish","type":"page","link":"https:\/\/muzeumpolonii.uw.edu.pl\/?page_id=999","title":{"rendered":"Ksi\u0105\u017cki"},"content":{"rendered":"\n<hr color=\"red\">\n\n<p style=\"font-weight: 400;\">Liczba dokument\u00f3w:\u00a0<strong><b>62<\/b><\/strong>.<\/p>\n\n<p style=\"font-weight: 400;\">Aprile, Sylvie,\u00a0Laurent, Maryla,\u00a0Ponty, Janine\u00a0(2015)\u00a0<a href=\"http:\/\/pbc.uw.edu.pl\/10843\/\"><em><i>Polonaises aux champs : lettres de femmes immigre\u0301es dans les campagnes franc\u0327aises (1930-1935).<\/i><\/em><\/a>\u00a0Le rocher de Calliope, 7. Numilog, Paris. ISBN 978-2-9529140-6-2<\/p>\n\n<p style=\"font-weight: 400;\">Askenazy, Szymon,\u00a0Bali\u0144ski, Ignacy,\u00a0Bogus\u0142awska, Teresa,\u00a0Dziewanowski, M.K.,\u00a0Grabowski, Zbigniew,\u00a0Kobrzy\u0144ski, Boles\u0142aw\u00a0,\u00a0Korzeniowski, J\u00f3zef,\u00a0Morcinek, Gustaw,\u00a0Nowakowski, Zygmunt,\u00a0Peretiatkowicz, Hanna,\u00a0Skar\u017cy\u0144ski, Boles\u0142aw,\u00a0Zimorowic, Szymon\u00a0(1946)\u00a0<a href=\"http:\/\/pbc.uw.edu.pl\/89\/\"><em><i>Dziewczyna z Champs-\u00c9lys\u00e9es.<\/i><\/em><\/a>\u00a0Pami\u0119tnik W\u0119drowca. Londyn.<\/p>\n\n<p style=\"font-weight: 400;\">Berrier, Marie,\u00a0Hochart, Jacques\u00a0(2012)\u00a0<a href=\"http:\/\/pbc.uw.edu.pl\/24042\/\"><em><i>Hommage aux pilotes de chasse polonais de la seconde guerre mondiale.<\/i><\/em><\/a><\/p>\n\n<p style=\"font-weight: 400;\">Bayer, Boles\u0142aw, ed.\u00a0(1906)\u00a0<a href=\"http:\/\/pbc.uw.edu.pl\/1058\/\"><em><i>Katechizm czyli kr\u00f3tki zbi\u00f3r zasad religii \u015bwi\u0119tej rzymsko-katolickiej do u\u017cytku wiernych zamieszka\u0142ych w dyecezyach stanowi\u0105cych Prowincy\u0119 Ko\u015bcieln\u0105 Po\u0142udniowo-Brazylijsk\u0105 : wydanie urz\u0119dowe = Catecismo resumido da doutrina crist\u00e3 para uso das dioceses da Provincia Ecclesiastica Meridional do Brasil.<\/i><\/em><\/a>\u00a0Curityba.<\/p>\n\n<p style=\"font-weight: 400;\">Castro Nevares, Jos\u00e9 Mar\u00eda\u00a0(1939)\u00a0<a href=\"http:\/\/pbc.uw.edu.pl\/382\/\"><em><i>Polonia.<\/i><\/em><\/a>\u00a0Tall. C. N. Kurjer Polski, Buenos Aires.<\/p>\n\n<p style=\"font-weight: 400;\">Chwa\u0142kowski, Miko\u0142aj\u00a0(1693)\u00a0<a href=\"http:\/\/pbc.uw.edu.pl\/812\/\"><em><i>Singularia Quaedam Polonica.<\/i><\/em><\/a>\u00a0Joannis Christophori Wildil.<\/p>\n\n<p style=\"font-weight: 400;\">Ciapciak-Riedel, Krystyna\u00a0<a href=\"http:\/\/pbc.uw.edu.pl\/435\/\"><em><i>Bajki babuni.<\/i><\/em><\/a>\u00a0.<\/p>\n\n<p style=\"font-weight: 400;\">Ciapciak-Riedel, Krystyna\u00a0(1998)\u00a0<a href=\"http:\/\/pbc.uw.edu.pl\/205\/\"><em><i>Mi \u201cPeque\u00f1a Polonia\u201d. La Segunda Guerra Mundial en los recuerdos de una ni\u00f1a.<\/i><\/em><\/a>\u00a0.<\/p>\n\n<p style=\"font-weight: 400;\">Dacka-G\u00f3rzy\u0144ska, Iwona M.,\u00a0G\u00f3rzy\u0144ski, S\u0142awomir\u00a0(2023)\u00a0<a href=\"http:\/\/pbc.uw.edu.pl\/31817\/\"><em><i>Nagrobki i inne formy upami\u0119tnienia polskich w\u0142adc\u00f3w i ich rodzin we Francji od XIV do XVIII wieku.<\/i><\/em><\/a>\u00a0Wydawnictwo DiG, Warszawa. ISBN 978-83-286-0249-6<\/p>\n\n<p style=\"font-weight: 400;\">Dacka-G\u00f3rzy\u0144ska, Iwona M.,\u00a0G\u00f3rzy\u0144ski, S\u0142awomir,\u00a0Ugniewski, Piotr\u00a0(2008)\u00a0<a href=\"http:\/\/pbc.uw.edu.pl\/10938\/\"><em><i>Polacy pochowani na cmentarzu w Montr\u00e9sor = Les Polonais enterr\u00e9s au cimeti\u00e8re de Montr\u00e9sor.<\/i><\/em><\/a>\u00a0Poza Krajem . Wydawnictwo DiG, Warszawa. ISBN 9788392431138<\/p>\n\n<p style=\"font-weight: 400;\">Daty, Gabriel\u00a0(1933)\u00a0<a href=\"http:\/\/pbc.uw.edu.pl\/92\/\"><em><i>La Constitution Polonaise.<\/i><\/em><\/a>\u00a0Librairie HUFFEL , Colmar.<\/p>\n\n<p style=\"font-weight: 400;\">Dziewanowski, M. K.\u00a0(1945)\u00a0<a href=\"http:\/\/pbc.uw.edu.pl\/91\/\"><em><i>\u015al\u0105sk Opolski.<\/i><\/em><\/a>\u00a0Nak\u0142adem Oddzia\u0142u Kultury i Prasy 2 Korpusu, Rzym.<\/p>\n\n<p style=\"font-weight: 400;\">Elementarz\u00a0(1915)\u00a0<a href=\"\/wp-content\/uploads\/Elementarz.pdf\"><em><i>Elementarz dla m\u0142odzie\u017cy polskiej w Brazylii.<\/i><\/em><\/a> Kurytyba<\/p>\n\n<p style=\"font-weight: 400;\">Fredecensis,\u00a0(1923)\u00a0<a href=\"http:\/\/pbc.uw.edu.pl\/1025\/\"><em><i>Szymon Kosynier : wielki bohater para\u0144ski.<\/i><\/em><\/a>\u00a0, Curitiba.<\/p>\n\n<p style=\"font-weight: 400;\">G\u00f3ral, Joachim.\u00a0(1917)\u00a0<a href=\"http:\/\/pbc.uw.edu.pl\/1024\/\"><em><i>O mi\u0142o\u015bci ojczyzny.<\/i><\/em><\/a>\u00a0Drukiem &#8222;Narodu Polskiego&#8221; Chicago, Chicago.<\/p>\n\n<p style=\"font-weight: 400;\">G\u00f3ral, Joachim\u00a0(1928)\u00a0<a href=\"\/wp-content\/uploads\/Rozmowki_polsko-portugalskie.pdf\"><em><i>Rozm\u00f3wki polsko portugalskie : podane z akcentem i wymow\u0105.<\/i><\/em><\/a> Kurytyba<\/p>\n\n<p style=\"font-weight: 400;\">G\u00f3rniak, Stanis\u0142aw\u00a0(1924)\u00a0<a href=\"http:\/\/pbc.uw.edu.pl\/892\/\"><em><i>Racjonalna gospodarka hodowlana w Paranie. Opracowanie specjalne dla kolonist\u00f3w.<\/i><\/em><\/a>\u00a0Odbito w t\u0142oczni &#8222;\u015awitu&#8221;, Kurytyba.<\/p>\n\n<p style=\"font-weight: 400;\">Gral\u00e2, H., red.,\u00a0Petrovskij, A. L., red.,\u00a0Selickij, A. I., red.\u00a0(2009)\u00a0<a href=\"http:\/\/pbc.uw.edu.pl\/385\/\"><em><i>Pol\u00e2ki v Rossii : epohi i sud&#8217;by = Polacy w Rosji : epoki i losy.<\/i><\/em><\/a>\u00a0Kubanskij gosudarstvennyj universitet, Krasnodar. ISBN 978-5-904423-06-3<\/p>\n\n<p style=\"font-weight: 400;\">Gral\u00e2, H., red.,\u00a0Petrovskij, A. L., red.,\u00a0Selickij, A. I., red.\u00a0(2007)\u00a0<a href=\"http:\/\/pbc.uw.edu.pl\/383\/\"><em><i>Pol\u00e2ki v Rossii : istori\u00e2 i sovremennost&#8217; = Polacy w Rosji : dzieje i wsp\u00f3\u0142czesno\u015b\u0107.<\/i><\/em><\/a>\u00a0Kubanskij gosudarstvennyj universitet, Krasnodar. ISBN 978-5-8209-0606-0<\/p>\n\n<p style=\"font-weight: 400;\">Gral\u00e2, H., red.,\u00a0Petrovskij, A. L., red.,\u00a0Selickij, A. I., red.\u00a0(2008)\u00a0<a href=\"http:\/\/pbc.uw.edu.pl\/384\/\"><em><i>Pol\u00e2ki v Rossii : vehi istorii = Polacy w Rosji : etapy dziej\u00f3w.<\/i><\/em><\/a>\u00a0Kubanskij gosudarstvennyj universitet, Krasnodar. ISBN 978-5-8209-0635-0<\/p>\n\n<p style=\"font-weight: 400;\">Jeziorowski, K.,\u00a0Zarychta, A.\u00a0(1924)\u00a0<a href=\"http:\/\/pbc.uw.edu.pl\/2907\/\"><em><i>Ksi\u0105\u017cka do czytania dla klasy trzeciej polskich szk\u00f3\u0142 w Brazylji.<\/i><\/em><\/a>\u00a0Nak\u0142adem Zwi\u0105zku Zawodowego Nauczycieli Polskich Szk\u00f3\u0142 Prywatnych w Brazylji, Kurytyba.<\/p>\n\n<p style=\"font-weight: 400;\">Kamler, Anna,\u00a0Pietrzkiewicz, Dorota,\u00a0Seroka, Katarzyna\u00a0(2018)\u00a0<a href=\"http:\/\/pbc.uw.edu.pl\/13702\/\"><em><i>Polska i \u015bwiat przez kuchni\u0119 : studia o dziedzictwie kulinarnym.<\/i><\/em><\/a>\u00a0, Warszawa.<\/p>\n\n<p style=\"font-weight: 400;\">Krakowiecki, Anatol\u00a0(1944)\u00a0<a href=\"http:\/\/pbc.uw.edu.pl\/86\/\"><em><i>Bajki bia\u0142o-czerwone.<\/i><\/em><\/a>\u00a0Wydawnictwo &#8222;W Drodze&#8221;, Jerozolima.<\/p>\n\n<p style=\"font-weight: 400;\">Kropaczew, Siergiej,\u00a0Selickij, A. I.\u00a0(2016)\u00a0<a href=\"http:\/\/pbc.uw.edu.pl\/7678\/\"><em><i>Martirolog poljakov Kubani : repressirovannye v khode &#8222;polskojj operacii&#8221; NKVD 1937\u20131938 gg. = Martyrologium Polak\u00f3w z Kubania : represjonowani w toku &#8222;operacji polskiej&#8221; NKWD w latach 1937-1938.<\/i><\/em><\/a>\u00a0OOO Poligraf Jug, Majjkop. ISBN 978-5-9908723-3-2<\/p>\n\n<p style=\"font-weight: 400;\">Ku\u017amina, Dariusz\u00a0(2004)\u00a0<a href=\"http:\/\/pbc.uw.edu.pl\/9863\/\"><em><i>Jakub Wujek (1541-1597) &#8211; pisarz, t\u0142umacz i misjonarz.<\/i><\/em><\/a>\u00a0Seria : Nauka, Dydaktyka, Praktyka ; t. 71 . Wydaw. SBP, Warszawa.<\/p>\n\n<p style=\"font-weight: 400;\">Ku\u017amina, Dariusz, red.\u00a0,\u00a0Pugacewicz, Iwona, red.\u00a0(2010)\u00a0<a href=\"http:\/\/pbc.uw.edu.pl\/269\/\"><em><i>Les Besoins en information de la Polonia.<\/i><\/em><\/a>\u00a0Stowarzyszenie Bibliotekarzy Polskich, Varsovie. ISBN 978-83-61464-33-4<\/p>\n\n<p style=\"font-weight: 400;\">Ku\u017amina, Dariusz, red.\u00a0,\u00a0Pugacewicz, Iwona, red.\u00a0(2011)\u00a0<a href=\"http:\/\/pbc.uw.edu.pl\/8\/\"><em><i>Patrimoine polonais en France : protection, axes de recherche.<\/i><\/em><\/a>\u00a0Institut d&#8217;Information Scientifique et d&#8217;Etudes Bibliologiques , Varsovie . ISBN 978-83-931164-4-7<\/p>\n\n<p style=\"font-weight: 400;\">Ku\u017amina, Dariusz, red.\u00a0,\u00a0Pugacewicz, Iwona, red.\u00a0(2010)\u00a0<a href=\"http:\/\/pbc.uw.edu.pl\/274\/\"><em><i>Potrzeby informacyjne Polonii.<\/i><\/em><\/a>\u00a0Wydawnictwo Stowarzyszenia Bibliotekarzy Polskich, Warszawa. ISBN 9788361464327<\/p>\n\n<p style=\"font-weight: 400;\">Lakomy, Agnieszka\u00a0(2011)\u00a0<a href=\"http:\/\/pbc.uw.edu.pl\/13547\/\"><em><i>Polska ksi\u0105\u017cka na obczy\u017anie : Niemcy Zachodnie 1945-1950.<\/i><\/em><\/a>\u00a0Wydawnictwo SBP, Warszawa.<\/p>\n\n<p style=\"font-weight: 400;\">Lepecki, M. B.\u00a0(1931)\u00a0<a href=\"http:\/\/pbc.uw.edu.pl\/307\/\"><em><i>Na Amazonce i we wschodnim Peru.<\/i><\/em><\/a>\u00a0Biblioteka Iskier, 34 . Ksi\u0105\u017cnica &#8211; Atlas, Lw\u00f3w &#8211; Warszawa.<\/p>\n\n<p style=\"font-weight: 400;\">Lepecki , M. B.\u00a0(1930)\u00a0<a href=\"http:\/\/pbc.uw.edu.pl\/305\/\"><em><i>Opis polskich teren\u00f3w kolonizacyjnych w Peru.<\/i><\/em><\/a>\u00a0Nak\u0142adem Naukowego Instytutu Emigracyjnego, Warszawa.<\/p>\n\n<p style=\"font-weight: 400;\">Lorenz, Franciszek\u00a0(1907)\u00a0<a href=\"\/wp-content\/uploads\/Praktyczna_gramatyka_jezyka_portugalskiego.pdf\"><em><i>Praktyczna gramatyka j\u0119zyka portugalskiego.<\/i><\/em><\/a> Kurytyba<\/p>\n\n<p style=\"font-weight: 400;\">Lyp, Franciszek\u00a0(1923)\u00a0<a href=\"http:\/\/pbc.uw.edu.pl\/1026\/\"><em><i>O immunizowaniu zbo\u017ca.<\/i><\/em><\/a>\u00a0O\u015bwiata &#8211; Biblioteka . Odbito w t\u0142oczni &#8222;\u015awitu&#8221;, Kurytyba..<\/p>\n\n<p style=\"font-weight: 400;\">M.\u00a0(1784)\u00a0<a href=\"http:\/\/pbc.uw.edu.pl\/306\/\"><em><i>Voyage en Allemagne et en Pologne, commenc\u00e9 en 1776 \/ par M. de L.S.M.A.S.D.P.<\/i><\/em><\/a>\u00a0Prault, Paris.<\/p>\n\n<p style=\"font-weight: 400;\">(1924)\u00a0<a href=\"\/wp-content\/uploads\/Mala_gramatyka_jezyka_portugalskiego.pdf\"><em><i>Ma\u0142a gramatyka j\u0119zyka portugalskiego wraz z rozm\u00f3wkami: dla szk\u00f3\u0142 i samouk\u00f3w.<\/i><\/em><\/a> Kurytyba<\/p>\n\n<p style=\"font-weight: 400;\">Mickiewicz, Adam\u00a0(1929)\u00a0<a href=\"http:\/\/pbc.uw.edu.pl\/88\/\"><em><i>Pages Choisies.<\/i><\/em><\/a>\u00a0Editions Des &#8222;Amis De La Pologne&#8221;, Paris.<\/p>\n\n<p style=\"font-weight: 400;\">Oxi\u0144ski, Tomasz\u00a0(1932)\u00a0<a href=\"http:\/\/pbc.uw.edu.pl\/235\/\"><em><i>Peru.<\/i><\/em><\/a>\u00a0Wydawnictwo Wies\u0142awa Tomaszewskiego, Warszawa &#8212; Pozna\u0144.<\/p>\n\n<p style=\"font-weight: 400;\">Pami\u0119tniki emigrant\u00f3w,\u00a0(1939)\u00a0<a href=\"http:\/\/pbc.uw.edu.pl\/18714\/\"><em><i>Pami\u0119tniki emigrant\u00f3w : Ameryka Po\u0142udniowa = Memoires des emigrants polonais : Amerique du Sud.<\/i><\/em><\/a>\u00a0.<\/p>\n\n<p style=\"font-weight: 400;\">Polska Federacja Syndykatu Wolnego G\u00f3rnik\u00f3w C.F.T.C,\u00a0(1961)\u00a0<a href=\"http:\/\/pbc.uw.edu.pl\/119\/\"><em><i>Sprawozdanie z dzia\u0142alno\u015bci syndykalnej (raport moralny).<\/i><\/em><\/a>\u00a0In: XVI Kongres Polskiej Federacji G\u00f3rnik\u00f3w C.F.T.C.- Lens, dnia 1 Pa\u017adziernika 1961 r..<\/p>\n\n<p style=\"font-weight: 400;\">Polsko-Ameryka\u0144ski Syndykat Kolonizacyjny,\u00a0(1930)\u00a0<a href=\"http:\/\/pbc.uw.edu.pl\/237\/\"><em><i>Gospodarcze i kolonizacyjne stosunki Peru ze specjalnym uwzgl\u0119dnieniem teren\u00f3w koncesyjnych Polsko-Ameryka\u0144skiego Syndykatu Kolonizacyjnego we Lwowie.<\/i><\/em><\/a>\u00a0Nak\u0142adem Polsko-Ameryka\u0144skiego Syndykatu Kolonizacyjnego , Lw\u00f3w.<\/p>\n\n<p style=\"font-weight: 400;\">Selickij, A. I.\u00a0(2008)\u00a0<a href=\"http:\/\/pbc.uw.edu.pl\/386\/\"><em><i>Pol\u00e2ki na Kubani : istori\u010deskie o\u010derki = Polacy na Kubaniu : zarysy historyczne.<\/i><\/em><\/a>\u00a0Kubanskij gosudarstvennyj universitet, Krasnodar. ISBN 978-5-8209-0636-7<\/p>\n\n<p style=\"font-weight: 400;\">Selickij, A. I., red.\u00a0(2003)\u00a0<a href=\"http:\/\/pbc.uw.edu.pl\/387\/\"><em><i>Pol\u00e2ki v Rossii: XVII-XX vv. : materialy me\u017edunarodnoj nau\u010dnoj konferencii Krasnodar, 10-11 i\u00fbl\u00e2 2002 g. = Polacy w Rosji: XVII-XX w. : Materia\u0142y miedzynarodowej konferencji naukowej Krasnodar, 10-11 lipca 2002 r.<\/i><\/em><\/a>\u00a0Izdat. &#8222;Kuban&#8217;kino&#8221;, Krasnodar. ISBN 5-94932-009-3<\/p>\n\n<p style=\"font-weight: 400;\">Seroka, Katarzyna\u00a0(2017)\u00a0<a href=\"http:\/\/pbc.uw.edu.pl\/12833\/\"><em><i>Biblioteka Polska w Pary\u017cu (1838-1871) : studium bibliologiczne.<\/i><\/em><\/a>\u00a0Grupa Cogito, Warszawa. ISBN 9788385534921<\/p>\n\n<p style=\"font-weight: 400;\">Sieci\u0144ski, Piotr\u00a0<a href=\"http:\/\/pbc.uw.edu.pl\/1023\/\"><em><i>Echo z Brazylii : utwory wierszem.<\/i><\/em><\/a>\u00a0.<\/p>\n\n<p style=\"font-weight: 400;\">Skarszewski, Wojciech\u00a0(1776)\u00a0<a href=\"http:\/\/pbc.uw.edu.pl\/814\/\"><em><i>Prawdziwy Stan Duchowienstwa W Polszcze.<\/i><\/em><\/a>\u00a0Drukarnia Nadworna Jego Kr\u00f3lewskiej Mo\u015bci i Komisji Edukacji Narodowej, Warszawa.<\/p>\n\n<p style=\"font-weight: 400;\">Skomorowski, Jan\u00a0(1933)\u00a0<a href=\"http:\/\/pbc.uw.edu.pl\/236\/\"><em><i>Klimat jako jeden z najwa\u017cniejszych czynnik\u00f3w przy wyborze teren\u00f3w dla polskiego wychod\u017atwa zamorskiego.<\/i><\/em><\/a>\u00a0Nak\u0142adem Autora. Drukarnia Spo\u0142eczna, Warszawa.<\/p>\n\n<p style=\"font-weight: 400;\">Skoryna, Jerzy\u00a0(2005)\u00a0<a href=\"http:\/\/pbc.uw.edu.pl\/9982\/\"><em><i>Polskie \u015blady w Meksyku.<\/i><\/em><\/a>\u00a0, Miasto Meksyk.<\/p>\n\n<p style=\"font-weight: 400;\">Smolana, Krzysztof\u00a0(1995)\u00a0<a href=\"http:\/\/pbc.uw.edu.pl\/10941\/\"><em><i>Los polacos en Chile = Polacy w Chile.<\/i><\/em><\/a>\u00a0Polska a \u015awiat Iberoameryka\u0144ski . Centrum Studi\u00f3w Latynoameryka\u0144skich. Uniwersytet Warszawski &#8211; CESLA, Warszawa. ISBN 8385620214<\/p>\n\n<p style=\"font-weight: 400;\">Sta\u0144czewski, J\u00f3zef\u00a0(1925)\u00a0<a href=\"http:\/\/pbc.uw.edu.pl\/893\/\"><em><i>S\u0142ownik portugalsko &#8211; polski kolonisty polskiego w Brazylii. Wp\u0142yw j\u0119zyka portugalskiego na j\u0119zyk kolonist\u00f3w polskich w Brazylii.<\/i><\/em><\/a>\u00a0Wydawnictwa O\u015bwiaty (10). Czcionkami Drukarni &#8222;Ludu&#8221;, Kurytyba.<\/p>\n\n<p style=\"font-weight: 400;\">Suracka-Muchli\u0144ska, Maria,\u00a0Strzelec-Zakrzewska, Nuna, eds.\u00a0<a href=\"http:\/\/pbc.uw.edu.pl\/554\/\"><em><i>Ksi\u0105\u017cka pami\u0105tkowa szk\u00f3\u0142 m\u0142odszych ochotniczek.<\/i><\/em><\/a>\u00a0Zwi\u0105zek Szk\u00f3\u0142 M\u0142odszych Ochotniczek, Londyn.<\/p>\n\n<p style=\"font-weight: 400;\">Szczepaniak, Franciszek\u00a0(1953)\u00a0<a href=\"http:\/\/pbc.uw.edu.pl\/118\/\"><em><i>Raport Moralny (sprawozdanie z dzia\u0142alno\u015bci syndykalnej).<\/i><\/em><\/a>\u00a0In: XII Kongres Polskiej Federacji G\u00f3rnik\u00f3w C.F.T.C. Lens 31 maja 1953 r..<\/p>\n\n<p style=\"font-weight: 400;\">Szczygielski, Andrzej, ed.\u00a0(1981)\u00a0<a href=\"http:\/\/pbc.uw.edu.pl\/9884\/\"><em><i>Pomnik Katy\u0144ski.<\/i><\/em><\/a>\u00a0Stowarzyszenie Polskich Kombatant\u00f3w w Australii, Adelaide.<\/p>\n\n<p style=\"font-weight: 400;\">Szmidt, Jadwiga\u00a0(1998)\u00a0<a href=\"http:\/\/pbc.uw.edu.pl\/270\/\"><em><i>Biblioteki polskie we wsp\u00f3\u0142czesnym Londynie.<\/i><\/em><\/a>\u00a0Wydawnictwo SBP, Warszawa. ISBN 83-87629-06-5<\/p>\n\n<p style=\"font-weight: 400;\">Szukiewicz, Wojciech\u00a0(1916)\u00a0<a href=\"http:\/\/pbc.uw.edu.pl\/906\/\"><em><i>Kilka s\u0142\u00f3w o pszczelnictwie.<\/i><\/em><\/a>\u00a0Odbitka z &#8222;Gazety Polskiej w Brazylii&#8221;, Kurytyba.<\/p>\n\n<p style=\"font-weight: 400;\">Warcha\u0142owski, Kazimierz\u00a0(1914)\u00a0<a href=\"http:\/\/pbc.uw.edu.pl\/2905\/\"><em><i>\u015apiewnik polski : Zbi\u00f3r pie\u015bni narodowych, dumek i krakowiak\u00f3w.<\/i><\/em><\/a>\u00a0Nak\u0142adem i drukiem Ksi\u0105garni Polskiej Kazimierza Warcha\u0142owskiego, Kurytyba.<\/p>\n\n<p style=\"font-weight: 400;\">Wargowski, W\u0142adys\u0142aw (oprac.)\u00a0(1941)\u00a0<a href=\"http:\/\/pbc.uw.edu.pl\/2906\/\"><em><i>Z polskiej niwy : Zbi\u00f3r pie\u015bni polskich.<\/i><\/em><\/a>\u00a0, Tel-Aviv.<\/p>\n\n<p style=\"font-weight: 400;\">Wa\u0144kowicz, M.\u00a0(1938)\u00a0<a href=\"http:\/\/pbc.uw.edu.pl\/10610\/\"><em><i>In a Polish field-hospital in 1918.<\/i><\/em><\/a>\u00a0.<\/p>\n\n<p style=\"font-weight: 400;\">W\u00f3jcik, W\u0142adys\u0142aw\u00a0(1928)\u00a0<a href=\"http:\/\/pbc.uw.edu.pl\/907\/\"><em><i>Bezdomne. Obrazek sceniczny jednoaktowy z czas\u00f3w wojny \u015bwiatowej w Polsce dla Teatrzyk\u00f3w Dzieci\u0119cych.<\/i><\/em><\/a>\u00a0Wydawnictwa T-wa Kultury Teatralnej w Brazylii. Odbito w drukarni &#8222;\u015awitu&#8221;., Curitiba &#8211; Paran\u00e1.<\/p>\n\n<p style=\"font-weight: 400;\">\u017beromski, Stefan\u00a0<a href=\"http:\/\/pbc.uw.edu.pl\/87\/\"><em><i>O \u017co\u0142nierzu tu\u0142aczu.<\/i><\/em><\/a>\u00a0Ksi\u0119garnia Polska w Pary\u017cu, Pary\u017c.<\/p>\n\n<p style=\"font-weight: 400;\">\u017burek, Adam\u00a0(2023)\u00a0<a href=\"http:\/\/pbc.uw.edu.pl\/31818\/\"><em><i>Zwi\u0105zki dynastyczne pomi\u0119dzy dawn\u0105 Polsk\u0105 a dawn\u0105 Rzesz\u0105 \u2013 miejsca pami\u0119ci na obszarze dzisiejszych Niemiec i Austrii.<\/i><\/em><\/a>\u00a0Wydawnictwo DiG, Warszawa. ISBN 978-83-286-0250-2<\/p>\n\n<p style=\"font-weight: 400;\"><\/p>\n\n\n\n<p class=\"citation\"><\/p>\n","protected":false},"excerpt":{"rendered":"<div class=\"mh-excerpt\"> <a class=\"mh-excerpt-more\" href=\"https:\/\/muzeumpolonii.uw.edu.pl\/?page_id=999\" title=\"Ksi\u0105\u017cki\">[&#8230;]<\/a><\/div>\n","protected":false},"author":1,"featured_media":0,"parent":0,"menu_order":0,"comment_status":"closed","ping_status":"closed","template":"","meta":{"footnotes":""},"class_list":["post-999","page","type-page","status-publish"],"_links":{"self":[{"href":"https:\/\/muzeumpolonii.uw.edu.pl\/index.php?rest_route=\/wp\/v2\/pages\/999","targetHints":{"allow":["GET"]}}],"collection":[{"href":"https:\/\/muzeumpolonii.uw.edu.pl\/index.php?rest_route=\/wp\/v2\/pages"}],"about":[{"href":"https:\/\/muzeumpolonii.uw.edu.pl\/index.php?rest_route=\/wp\/v2\/types\/page"}],"author":[{"embeddable":true,"href":"https:\/\/muzeumpolonii.uw.edu.pl\/index.php?rest_route=\/wp\/v2\/users\/1"}],"replies":[{"embeddable":true,"href":"https:\/\/muzeumpolonii.uw.edu.pl\/index.php?rest_route=%2Fwp%2Fv2%2Fcomments&post=999"}],"version-history":[{"count":27,"href":"https:\/\/muzeumpolonii.uw.edu.pl\/index.php?rest_route=\/wp\/v2\/pages\/999\/revisions"}],"predecessor-version":[{"id":5723,"href":"https:\/\/muzeumpolonii.uw.edu.pl\/index.php?rest_route=\/wp\/v2\/pages\/999\/revisions\/5723"}],"wp:attachment":[{"href":"https:\/\/muzeumpolonii.uw.edu.pl\/index.php?rest_route=%2Fwp%2Fv2%2Fmedia&parent=999"}],"curies":[{"name":"wp","href":"https:\/\/api.w.org\/{rel}","templated":true}]}}