{"id":980,"date":"2020-03-10T12:29:02","date_gmt":"2020-03-10T11:29:02","guid":{"rendered":"https:\/\/muzeumpolonii.uw.edu.pl\/?page_id=980"},"modified":"2025-02-06T17:08:19","modified_gmt":"2025-02-06T16:08:19","slug":"prasa","status":"publish","type":"page","link":"https:\/\/muzeumpolonii.uw.edu.pl\/?page_id=980","title":{"rendered":"Prasa"},"content":{"rendered":"\n<hr color=\"red\">\n\n\n\n<ul>\n<li><a href=\"https:\/\/pbc.uw.edu.pl\/view\/divisions\/Afisz.html\">Afisz Polsko-Mo\u0142dawski<\/a><\/li>\n\n\n\n<li><a href=\"https:\/\/pbc.uw.edu.pl\/view\/divisions\/Almatynski=5FKurier.html\">A\u0142maty\u0144ski Kurier Polonijny<\/a><\/li>\n\n\n\n<li><a href=\"https:\/\/pbc.uw.edu.pl\/view\/divisions\/Anais.html\">Anais da Comunidade Brasileiro-Polonesa<\/a><\/li>\n\n\n\n<li><a href=\"https:\/\/pbc.uw.edu.pl\/view\/divisions\/Antena.html\">Antena Radiowa<\/a><\/li>\n\n\n\n<li><a href=\"https:\/\/pbc.uw.edu.pl\/view\/divisions\/Arka.html\">Arka de Informaciones<\/a><\/li>\n\n\n\n<li><a href=\"https:\/\/pbc.uw.edu.pl\/view\/divisions\/Asystent.html\">Asystent<\/a><\/li>\n\n\n\n<li><a href=\"https:\/\/pbc.uw.edu.pl\/view\/divisions\/BialyOrzel.html\">Bia\u0142y Orze\u0142 = White Eagle (Stany Zjednoczone)<\/a><\/li>\n\n\n\n<li><a href=\"https:\/\/pbc.uw.edu.pl\/view\/divisions\/Biuletyn=5FC.html\">Biuletyn Centralnego Zwi\u0105zku Polak\u00f3w w Brazylji<\/a><\/li>\n\n\n\n<li><a href=\"https:\/\/pbc.uw.edu.pl\/view\/divisions\/BIT.html\">Biuletyn Informacyjny \/Towarzystwo Przyjaci\u00f3\u0142 Lwowa. Oddzia\u0142 Sto\u0142eczny<\/a><\/li>\n\n\n\n<li><a href=\"https:\/\/pbc.uw.edu.pl\/view\/divisions\/Biul=5FInf.html\">Biuletyn Informacyjny (Australia)<\/a><\/li>\n\n\n\n<li><a href=\"https:\/\/pbc.uw.edu.pl\/view\/divisions\/BL.html\">Biuletyn Lwowiak\u00f3w \/Towarzystwo Przyjaci\u00f3\u0142 Lwowa. Oddzia\u0142 Sto\u0142eczny<\/a><\/li>\n\n\n\n<li><a href=\"https:\/\/pbc.uw.edu.pl\/view\/divisions\/B=5FPMK.html\">Biuletyn PMK [Polskiej Misji Katolickiej we Francji]<\/a><\/li>\n\n\n\n<li><a href=\"https:\/\/pbc.uw.edu.pl\/view\/divisions\/B=5FPPP.html\">Biuletyn Polskich Parafii w Pary\u017cu<\/a><\/li>\n\n\n\n<li><a href=\"https:\/\/pbc.uw.edu.pl\/view\/divisions\/Boletin.html\">Boletin Informativo<\/a><\/li>\n\n\n\n<li><a href=\"https:\/\/pbc.uw.edu.pl\/view\/divisions\/Brasil.html\">Brasil Polonia<\/a><\/li>\n\n\n\n<li><a href=\"https:\/\/pbc.uw.edu.pl\/view\/divisions\/CA.html\">Cahiers Franco Polonais<\/a><\/li>\n\n\n\n<li><a href=\"https:\/\/pbc.uw.edu.pl\/view\/divisions\/NKP.html\">Codzienny Niezale\u017cny Kurier Polski w Argentynie<\/a><\/li>\n\n\n\n<li><a href=\"https:\/\/pbc.uw.edu.pl\/view\/divisions\/Cogito.html\">Cogito dla Polonii<\/a><\/li>\n\n\n\n<li><a href=\"https:\/\/pbc.uw.edu.pl\/view\/divisions\/Czerwony=5FSztandar.html\">Czerwony Sztandar<\/a><\/li>\n\n\n\n<li><a href=\"https:\/\/pbc.uw.edu.pl\/view\/divisions\/Czyn=5FM.html\">Czyn M\u0142odych<\/a><\/li>\n\n\n\n<li><a href=\"https:\/\/pbc.uw.edu.pl\/view\/divisions\/Documents=5FResistance=5Fpolonaise.html\">Documents : R\u00e9sistance polonaise<\/a><\/li>\n\n\n\n<li><a href=\"https:\/\/pbc.uw.edu.pl\/view\/divisions\/Dwukropek.html\">Dwukropek<\/a><\/li>\n\n\n\n<li><a href=\"https:\/\/pbc.uw.edu.pl\/view\/divisions\/Dziatwa.html\">Dziatwa : pismo dla dzieci<\/a><\/li>\n\n\n\n<li><a href=\"https:\/\/pbc.uw.edu.pl\/view\/divisions\/Dziennik=5FKijowski.html\">Dziennik Kijowski<\/a><\/li>\n\n\n\n<li><a href=\"https:\/\/pbc.uw.edu.pl\/view\/divisions\/Dzien=5FDobry.html\">Dzie\u0144 Dobry<\/a><\/li>\n\n\n\n<li><a href=\"https:\/\/pbc.uw.edu.pl\/view\/divisions\/Echo=5FT.html\">Echo &#8211; Tygodnik Polski<\/a><\/li>\n\n\n\n<li><a href=\"https:\/\/pbc.uw.edu.pl\/view\/divisions\/Echo.html\">Echo : Polish &amp; Slavic Center<\/a><\/li>\n\n\n\n<li><a href=\"https:\/\/pbc.uw.edu.pl\/view\/divisions\/Echo=5FPolonii.html\">Echo Polonii<\/a><\/li>\n\n\n\n<li><a href=\"https:\/\/pbc.uw.edu.pl\/view\/divisions\/ET.html\">Echo Tygodnia<\/a><\/li>\n\n\n\n<li><a href=\"https:\/\/pbc.uw.edu.pl\/view\/divisions\/Echo=5Fde.html\">Echo de la Polonia<\/a><\/li>\n\n\n\n<li><a href=\"https:\/\/pbc.uw.edu.pl\/view\/divisions\/Flandria.html\">Flandria po Polsku<\/a><\/li>\n\n\n\n<li><a href=\"https:\/\/pbc.uw.edu.pl\/view\/divisions\/Gaz=5FPL.html\">Gazeta Polonia<\/a><\/li>\n\n\n\n<li><a href=\"https:\/\/pbc.uw.edu.pl\/view\/divisions\/Bukowina.html\">Gazeta Polska Bukowiny<\/a><\/li>\n\n\n\n<li><a href=\"https:\/\/pbc.uw.edu.pl\/view\/divisions\/Gaz=5FPol.html\">Gazeta Polska w Brazylii<\/a><\/li>\n\n\n\n<li><a href=\"https:\/\/pbc.uw.edu.pl\/view\/divisions\/Ga.html\">Gazetka Dom Polski<\/a><\/li>\n\n\n\n<li><a href=\"https:\/\/pbc.uw.edu.pl\/view\/divisions\/Gazetka=5FObozowa.html\">Gazetka Obozowa<\/a><\/li>\n\n\n\n<li><a href=\"https:\/\/pbc.uw.edu.pl\/view\/divisions\/Glos.html\">G\u0142os<\/a><\/li>\n\n\n\n<li><a href=\"https:\/\/pbc.uw.edu.pl\/view\/divisions\/Glos=5FKatolicki.html\">G\u0142os Katolicki<\/a><\/li>\n\n\n\n<li><a href=\"https:\/\/pbc.uw.edu.pl\/view\/divisions\/Glos=5FL.html\">G\u0142os Ludu<\/a><\/li>\n\n\n\n<li><a href=\"https:\/\/pbc.uw.edu.pl\/view\/divisions\/Glos=5FNauczyciela.html\">G\u0142os Nauczyciela (Stany Zjednoczone)<\/a><\/li>\n\n\n\n<li><a href=\"https:\/\/pbc.uw.edu.pl\/view\/divisions\/Glos=5FPorto.html\">G\u0142os Nauczyciela (Brazylia)<\/a><\/li>\n\n\n\n<li><a href=\"https:\/\/pbc.uw.edu.pl\/view\/divisions\/Glos=5FPolonii=5FUkraina.html\">G\u0142os Polonii (Ukraina)<\/a><\/li>\n\n\n\n<li><a href=\"https:\/\/pbc.uw.edu.pl\/view\/divisions\/Glos=5FPolonii.html\">G\u0142os Polonii (W\u0119gry)<\/a><\/li>\n\n\n\n<li><a href=\"https:\/\/pbc.uw.edu.pl\/view\/divisions\/Glos=5FPolski.html\">G\u0142os Polski<\/a><\/li>\n\n\n\n<li><a href=\"https:\/\/pbc.uw.edu.pl\/view\/divisions\/GS.html\">G\u0142os Syberii<\/a><\/li>\n\n\n\n<li><a href=\"https:\/\/pbc.uw.edu.pl\/view\/divisions\/Glos=5Fznad=5FNiemna.html\">G\u0142os znad Niemna<\/a><\/li>\n\n\n\n<li><a href=\"https:\/\/pbc.uw.edu.pl\/view\/divisions\/Harcerz=5FBrzescia.html\">Harcerz Brze\u015bcia<\/a><\/li>\n\n\n\n<li><a href=\"https:\/\/pbc.uw.edu.pl\/view\/divisions\/Horyzonty.html\">Horyzonty<\/a><\/li>\n\n\n\n<li><a href=\"https:\/\/pbc.uw.edu.pl\/view\/divisions\/Ilustr=5FGazeta=5FPol.html\">Ilustrowana Gazeta Polska w Brazylji<\/a><\/li>\n\n\n\n<li><a href=\"https:\/\/pbc.uw.edu.pl\/view\/divisions\/Jednosc.html\">Jedno\u015b\u0107<\/a><\/li>\n\n\n\n<li><a href=\"https:\/\/pbc.uw.edu.pl\/view\/divisions\/JPjC.html\">Jedynie Prawda jest Ciekawa (Litwa)<\/a><\/li>\n\n\n\n<li><a href=\"https:\/\/pbc.uw.edu.pl\/view\/divisions\/Jutrzenka.html\">Jutrzenka<\/a><\/li>\n\n\n\n<li><a href=\"https:\/\/pbc.uw.edu.pl\/view\/divisions\/Kalejdoskop.html\">Kalejdoskop<\/a><\/li>\n\n\n\n<li><a href=\"https:\/\/pbc.uw.edu.pl\/view\/divisions\/Karpatczyk.html\">Karpatczyk na \u015arodkowym Wschodzie<\/a><\/li>\n\n\n\n<li><a href=\"https:\/\/pbc.uw.edu.pl\/view\/divisions\/Kopernik.html\">Kopernik<\/a><\/li>\n\n\n\n<li><a href=\"https:\/\/pbc.uw.edu.pl\/view\/divisions\/Krasnoludki.html\">Krasnoludki<\/a><\/li>\n\n\n\n<li><a href=\"https:\/\/pbc.uw.edu.pl\/view\/divisions\/Kro=5FPL.html\">Kronika Polonii<\/a><\/li>\n\n\n\n<li><a href=\"https:\/\/pbc.uw.edu.pl\/view\/divisions\/Kronika.html\">Kronika Tygodniowa<\/a><\/li>\n\n\n\n<li><a href=\"https:\/\/pbc.uw.edu.pl\/view\/divisions\/Kto.html\">Kto Ty Jeste\u015b? : Polak Ma\u0142y<\/a><\/li>\n\n\n\n<li><a href=\"https:\/\/pbc.uw.edu.pl\/view\/divisions\/Kumpel.html\">Kumpel dla Polonii<\/a><\/li>\n\n\n\n<li><a href=\"https:\/\/pbc.uw.edu.pl\/view\/divisions\/Kupiec=5FPolski.html\">Kupiec Polski we Francji<\/a><\/li>\n\n\n\n<li><a href=\"https:\/\/pbc.uw.edu.pl\/view\/divisions\/Kupiec.html\">Kupiec i Rzemie\u015blnik Polski we Francji<\/a><\/li>\n\n\n\n<li><a href=\"https:\/\/pbc.uw.edu.pl\/view\/divisions\/Kurier=5FAteny.html\">Kurier Ate\u0144ski<\/a><\/li>\n\n\n\n<li><a href=\"https:\/\/pbc.uw.edu.pl\/view\/divisions\/KPS.html\">Kurier Polski: Swiat &#8211; Ludzie &#8211; Wydarzenia<\/a><\/li>\n\n\n\n<li><a href=\"https:\/\/pbc.uw.edu.pl\/view\/divisions\/KPT.html\">Kurier Polski: Tygodnik Niezale\u017cny na Ameryk\u0119 Po\u0142udniow\u0105<\/a><\/li>\n\n\n\n<li><a href=\"https:\/\/pbc.uw.edu.pl\/view\/divisions\/Kurier=5FWilenski.html\">Kurier Wile\u0144ski<\/a><\/li>\n\n\n\n<li><a href=\"https:\/\/pbc.uw.edu.pl\/view\/divisions\/KW=5FINF.html\">Kwartalnik Informacyjny<\/a><\/li>\n\n\n\n<li><a href=\"https:\/\/pbc.uw.edu.pl\/view\/divisions\/La=5FPologne.html\">La Pologne<\/a><\/li>\n\n\n\n<li><a href=\"https:\/\/pbc.uw.edu.pl\/view\/divisions\/Leopolis.html\">Leopolis \/Towarzystwo Przyjaci\u00f3\u0142 Lwowa. Oddzia\u0142 Sto\u0142eczny<\/a><\/li>\n\n\n\n<li><a href=\"https:\/\/pbc.uw.edu.pl\/view\/divisions\/Les.html\">Les Amis de la Pologne<\/a><\/li>\n\n\n\n<li><a href=\"https:\/\/pbc.uw.edu.pl\/view\/divisions\/Lud.html\">Lud<\/a><\/li>\n\n\n\n<li><a href=\"https:\/\/pbc.uw.edu.pl\/view\/divisions\/LBI.html\">Lwowski Biuletyn Informacyjny \/Towarzystwo Przyjaci\u00f3\u0142 Lwowa. Oddzia\u0142 Sto\u0142eczny<\/a><\/li>\n\n\n\n<li><a href=\"https:\/\/pbc.uw.edu.pl\/view\/divisions\/Magazyn=5FKurier.html\">Magazyn Kurier Wile\u0144ski<\/a><\/li>\n\n\n\n<li><a href=\"https:\/\/pbc.uw.edu.pl\/view\/divisions\/Magnificat.html\">Magnificat<\/a><\/li>\n\n\n\n<li><a href=\"https:\/\/pbc.uw.edu.pl\/view\/divisions\/Magazyn.html\">Magazyn Polski<\/a><\/li>\n\n\n\n<li><a href=\"https:\/\/pbc.uw.edu.pl\/view\/divisions\/Maly=5FPolak.html\">Ma\u0142y Polak W\u015br\u00f3d G\u00f3r<\/a><\/li>\n\n\n\n<li><a href=\"https:\/\/pbc.uw.edu.pl\/view\/divisions\/Mir.html\">Mir<\/a><\/li>\n\n\n\n<li><a href=\"https:\/\/pbc.uw.edu.pl\/view\/divisions\/Moje=5FMiasto.html\">Moje Miasto<\/a><\/li>\n\n\n\n<li><a href=\"https:\/\/pbc.uw.edu.pl\/view\/divisions\/Monitor=5FPolonijny.html\">Monitor Polonijny<\/a><\/li>\n\n\n\n<li><a href=\"https:\/\/pbc.uw.edu.pl\/view\/divisions\/MonitorWolynski.html\">Monitor Wo\u0142y\u0144ski<\/a><\/li>\n\n\n\n<li><a href=\"https:\/\/pbc.uw.edu.pl\/view\/divisions\/Mozaika.html\">Mozaika Berdyczowska<\/a><\/li>\n\n\n\n<li><a href=\"https:\/\/pbc.uw.edu.pl\/view\/divisions\/Biuletyn=5FMysl.html\">My\u015bl<\/a><\/li>\n\n\n\n<li><a href=\"https:\/\/pbc.uw.edu.pl\/view\/divisions\/Mysl.html\">My\u015bl Polska<\/a><\/li>\n\n\n\n<li><a href=\"https:\/\/pbc.uw.edu.pl\/view\/divisions\/Narodowiec.html\">Narodowiec<\/a><\/li>\n\n\n\n<li><a href=\"https:\/\/pbc.uw.edu.pl\/view\/divisions\/Nasz=5FGlos.html\">Nasz G\u0142os<\/a><\/li>\n\n\n\n<li><a href=\"https:\/\/pbc.uw.edu.pl\/view\/divisions\/Nasz=5FPrzyjaciel.html\">Nasz Przyjaciel<\/a><\/li>\n\n\n\n<li><a href=\"https:\/\/pbc.uw.edu.pl\/view\/divisions\/Nasza=5FSzkola.html\">Nasza Szko\u0142a<\/a><\/li>\n\n\n\n<li><a href=\"https:\/\/pbc.uw.edu.pl\/view\/divisions\/Nasza=5FSzk.html\">Nasza Szk\u00f3\u0142ka<\/a><\/li>\n\n\n\n<li><a href=\"https:\/\/pbc.uw.edu.pl\/view\/divisions\/Nasze=5FDrogi.html\">Nasze Drogi<\/a><\/li>\n\n\n\n<li><a href=\"https:\/\/pbc.uw.edu.pl\/view\/divisions\/Nasze=5FZycie.html\">Nasze \u017bycie [Brazylia]<\/a><\/li>\n\n\n\n<li><a href=\"https:\/\/pbc.uw.edu.pl\/view\/divisions\/Nasze.html\">Nasze \u017bycie [\u0141otwa]<\/a>&nbsp;<\/li>\n\n\n\n<li><a href=\"https:\/\/pbc.uw.edu.pl\/view\/divisions\/NKPwA.html\">Niezale\u017cny Kurier Polski w Argentynie<\/a><\/li>\n\n\n\n<li><a href=\"https:\/\/pbc.uw.edu.pl\/view\/divisions\/Niwa.html\">Niwa Para\u0144ska<\/a><\/li>\n\n\n\n<li><a href=\"https:\/\/pbc.uw.edu.pl\/view\/divisions\/NotrePologne.html\">Notre Pologne<\/a><\/li>\n\n\n\n<li><a href=\"https:\/\/pbc.uw.edu.pl\/view\/divisions\/Kurier=5FGalicyjski.html\">Nowy Kurier Galicyjski<\/a><\/li>\n\n\n\n<li><a href=\"https:\/\/pbc.uw.edu.pl\/view\/divisions\/Ochotniczki.html\">Ochotniczka<\/a><\/li>\n\n\n\n<li><a href=\"https:\/\/pbc.uw.edu.pl\/view\/divisions\/Odrodzenie.html\">Odrodzenie<\/a><\/li>\n\n\n\n<li><a href=\"https:\/\/pbc.uw.edu.pl\/view\/divisions\/Ogniwo.html\">Ogniwo<\/a><\/li>\n\n\n\n<li><a href=\"https:\/\/pbc.uw.edu.pl\/view\/divisions\/Orzel.html\">Orze\u0142 Bia\u0142y<\/a><\/li>\n\n\n\n<li><a href=\"https:\/\/pbc.uw.edu.pl\/view\/divisions\/Oredownik.html\">Or\u0119downik<\/a><\/li>\n\n\n\n<li><a href=\"https:\/\/pbc.uw.edu.pl\/view\/divisions\/Osadnik.html\">Osadnik<\/a><\/li>\n\n\n\n<li><a href=\"https:\/\/pbc.uw.edu.pl\/view\/divisions\/Panorama=5FMontreal.html\">Panorama : kwartalnik Polonii Montrealskiej<\/a><\/li>\n\n\n\n<li><a href=\"https:\/\/pbc.uw.edu.pl\/view\/divisions\/Parada.html\">Parada<\/a><\/li>\n\n\n\n<li><a href=\"https:\/\/pbc.uw.edu.pl\/view\/divisions\/Placowka.html\">Plac\u00f3wka<\/a><\/li>\n\n\n\n<li><a href=\"https:\/\/pbc.uw.edu.pl\/view\/divisions\/Plus.html\">Plus (Stany Zjednoczone)<\/a><\/li>\n\n\n\n<li><a href=\"https:\/\/pbc.uw.edu.pl\/view\/divisions\/PodPr.html\">Pod Pr\u0105d<\/a><\/li>\n\n\n\n<li><a href=\"https:\/\/pbc.uw.edu.pl\/view\/divisions\/Podhalanin.html\">Podhalanin (Stany Zjednoczone)<\/a><\/li>\n\n\n\n<li><a href=\"https:\/\/pbc.uw.edu.pl\/view\/divisions\/Pol-Presse.html\">Pol-Presse<\/a><\/li>\n\n\n\n<li><a href=\"https:\/\/pbc.uw.edu.pl\/view\/divisions\/Polak=5Fna=5FLotwie.html\">Polak na \u0141otwie<\/a><\/li>\n\n\n\n<li><a href=\"https:\/\/pbc.uw.edu.pl\/view\/divisions\/Polak.html\">Polak w Brazylji<\/a><\/li>\n\n\n\n<li><a href=\"https:\/\/pbc.uw.edu.pl\/view\/divisions\/PolakwIndiach.html\">Polak w Indiach<\/a><\/li>\n\n\n\n<li><a href=\"https:\/\/pbc.uw.edu.pl\/view\/divisions\/Polak=5Fw=5FIranie.html\">Polak w Iranie<\/a><\/li>\n\n\n\n<li><a href=\"https:\/\/pbc.uw.edu.pl\/view\/divisions\/PwN.html\">Polak w Niemczech<\/a><\/li>\n\n\n\n<li><a href=\"https:\/\/pbc.uw.edu.pl\/view\/divisions\/Polen.html\">Polen<\/a><\/li>\n\n\n\n<li><a href=\"https:\/\/pbc.uw.edu.pl\/view\/divisions\/News.html\">Polish Heritage Trust Museum Newsletter<\/a><\/li>\n\n\n\n<li><a href=\"https:\/\/pbc.uw.edu.pl\/view\/divisions\/Pol=5FHer.html\">Polish Heritage of Otago and Southland<\/a><\/li>\n\n\n\n<li><a href=\"https:\/\/pbc.uw.edu.pl\/view\/divisions\/Polonia=5FUS.html\">Polonia (Stany Zjednoczone)<\/a><\/li>\n\n\n\n<li><a href=\"https:\/\/pbc.uw.edu.pl\/view\/divisions\/PoloniaCharkowa.html\">Polonia Charkowa<\/a><\/li>\n\n\n\n<li><a href=\"https:\/\/pbc.uw.edu.pl\/view\/divisions\/Polonia=5FKaukaska.html\">Polonia Kaukaska<\/a><\/li>\n\n\n\n<li><a href=\"https:\/\/pbc.uw.edu.pl\/view\/divisions\/Polonia=5FMoldawska.html\">Polonia Mo\u0142dawska<\/a><\/li>\n\n\n\n<li><a href=\"https:\/\/pbc.uw.edu.pl\/view\/divisions\/Polonia=5FNowa.html\">Polonia Nowa<\/a><\/li>\n\n\n\n<li><a href=\"https:\/\/pbc.uw.edu.pl\/view\/divisions\/Polonia=5FRio.html\">Polonia Riogrande\u0144ska<\/a><\/li>\n\n\n\n<li><a href=\"https:\/\/pbc.uw.edu.pl\/view\/divisions\/Polonia=5FWegierska.html\">Polonia W\u0119gierska<\/a><\/li>\n\n\n\n<li><a href=\"https:\/\/pbc.uw.edu.pl\/view\/divisions\/Polonia=5FWloska.html\">Polonia W\u0142oska<\/a><\/li>\n\n\n\n<li><a href=\"https:\/\/pbc.uw.edu.pl\/view\/divisions\/Polonika.html\">Polonika<\/a><\/li>\n\n\n\n<li><a href=\"https:\/\/pbc.uw.edu.pl\/view\/divisions\/PolonusKirgistan.html\">Polonus w Kirgistanie<\/a><\/li>\n\n\n\n<li><a href=\"https:\/\/pbc.uw.edu.pl\/view\/divisions\/PP.html\">Polskie Pachole<\/a><\/li>\n\n\n\n<li><a href=\"https:\/\/pbc.uw.edu.pl\/view\/divisions\/PolskiePodole.html\">Polskie Podole<\/a><\/li>\n\n\n\n<li><a href=\"https:\/\/pbc.uw.edu.pl\/view\/divisions\/My.html\">P\u00f3ki My \u017byjemy (Armenia)<\/a><\/li>\n\n\n\n<li><a href=\"https:\/\/pbc.uw.edu.pl\/view\/divisions\/Prawda=5FWyzwolenie.html\">Prawda i Wyzwolenie<\/a><\/li>\n\n\n\n<li><a href=\"https:\/\/pbc.uw.edu.pl\/view\/divisions\/Przeglad=5FPolski.html\">Przegl\u0105d Polski<\/a><\/li>\n\n\n\n<li><a href=\"https:\/\/pbc.uw.edu.pl\/view\/divisions\/Quo=5FVadis.html\">Quo Vadis?<\/a><\/li>\n\n\n\n<li><a href=\"https:\/\/pbc.uw.edu.pl\/view\/divisions\/RMP.html\">Razem M\u0142odzi Przyjaciele<\/a><\/li>\n\n\n\n<li><a href=\"https:\/\/pbc.uw.edu.pl\/view\/divisions\/Rodacy.html\">Rodacy<\/a><\/li>\n\n\n\n<li><a href=\"https:\/\/pbc.uw.edu.pl\/view\/divisions\/Rota.html\">Rota<\/a><\/li>\n\n\n\n<li><a href=\"https:\/\/pbc.uw.edu.pl\/view\/divisions\/Sarmata.html\">Sarmata<\/a><\/li>\n\n\n\n<li><a href=\"https:\/\/pbc.uw.edu.pl\/view\/divisions\/Skarpa.html\">Skarpa<\/a><\/li>\n\n\n\n<li><a href=\"https:\/\/pbc.uw.edu.pl\/view\/divisions\/Sk.html\">Skaut<\/a><\/li>\n\n\n\n<li><a href=\"https:\/\/pbc.uw.edu.pl\/view\/divisions\/Skrzydla.html\">Skrzyd\u0142a<\/a><\/li>\n\n\n\n<li><a href=\"https:\/\/pbc.uw.edu.pl\/view\/divisions\/Slowo=5FPolskie.html\">S\u0142owo Polskie<\/a><\/li>\n\n\n\n<li><a href=\"https:\/\/pbc.uw.edu.pl\/view\/divisions\/Soleczniki.html\">Soleczniki<\/a><\/li>\n\n\n\n<li><a href=\"https:\/\/pbc.uw.edu.pl\/view\/divisions\/Spotkania.html\">Spotkania<\/a><\/li>\n\n\n\n<li><a href=\"https:\/\/pbc.uw.edu.pl\/view\/divisions\/Swiat=5FParanski.html\">\u015awiat Para\u0144ski<\/a><\/li>\n\n\n\n<li><a href=\"https:\/\/pbc.uw.edu.pl\/view\/divisions\/Tecza.html\">T\u0119cza \u017bytomierszczyzny<\/a><\/li>\n\n\n\n<li><a href=\"https:\/\/pbc.uw.edu.pl\/view\/divisions\/TwojeMiasto.html\">Twoje Miasto<\/a><\/li>\n\n\n\n<li><a href=\"https:\/\/pbc.uw.edu.pl\/view\/divisions\/Tyg=5FObozowy.html\">Tygodnik Obozowy<\/a><\/li>\n\n\n\n<li><a href=\"https:\/\/pbc.uw.edu.pl\/view\/divisions\/TygodnikPolski.html\">Tygodnik Polski<\/a><\/li>\n\n\n\n<li><a href=\"https:\/\/pbc.uw.edu.pl\/view\/divisions\/Tygodnik.html\">Tygodnik Toronto\u0144ski<\/a><\/li>\n\n\n\n<li><a href=\"https:\/\/pbc.uw.edu.pl\/view\/divisions\/TygodnikWilenszczyzny.html\">Tygodnik Wile\u0144szczyzny<\/a><\/li>\n\n\n\n<li><a href=\"https:\/\/pbc.uw.edu.pl\/view\/divisions\/UczymyJakUczyc.html\">Uczymy Jak Uczy\u0107<\/a><\/li>\n\n\n\n<li><a href=\"https:\/\/pbc.uw.edu.pl\/view\/divisions\/fac=5Flawsa.html\">U\u015bmiech : Jednodni\u00f3wka Szk\u00f3\u0142 M\u0142odszych Ochotniczek<\/a><\/li>\n\n\n\n<li><a href=\"https:\/\/pbc.uw.edu.pl\/view\/divisions\/Wesola=5FUlica.html\">Weso\u0142a Ulica<\/a><\/li>\n\n\n\n<li><a href=\"https:\/\/pbc.uw.edu.pl\/view\/divisions\/Wiadomosci=5FKlubu.html\">Wiadomo\u015bci Klubu Polskiego w Pradze<\/a><\/li>\n\n\n\n<li><a href=\"https:\/\/pbc.uw.edu.pl\/view\/divisions\/Wi.html\">Wiadomo\u015bci Polskie<\/a><\/li>\n\n\n\n<li><a href=\"https:\/\/pbc.uw.edu.pl\/view\/divisions\/Wiarus.html\">Wiarus Polski<\/a><\/li>\n\n\n\n<li><a href=\"https:\/\/pbc.uw.edu.pl\/view\/divisions\/WspolnotaPolska.html\">Wsp\u00f3lnota Polska<\/a><\/li>\n\n\n\n<li><a href=\"https:\/\/pbc.uw.edu.pl\/view\/divisions\/Znad=5FWilii.html\">Znad Wilii<\/a><\/li>\n\n\n\n<li><a href=\"https:\/\/pbc.uw.edu.pl\/view\/divisions\/Zu.html\">Zuchy<\/a><\/li>\n\n\n\n<li><a href=\"https:\/\/pbc.uw.edu.pl\/view\/divisions\/Zwiazkowiec=5FBrazylia.html\">Zwi\u0105zkowiec (Brazylia)<\/a><\/li>\n\n\n\n<li><a href=\"https:\/\/pbc.uw.edu.pl\/view\/divisions\/Zwiazkowiec.html\">Zwi\u0105zkowiec (Kanada)<\/a><\/li>\n\n\n\n<li><a href=\"https:\/\/pbc.uw.edu.pl\/view\/divisions\/Zwrot.html\">Zwrot<\/a><\/li>\n\n\n\n<li><a href=\"https:\/\/pbc.uw.edu.pl\/view\/divisions\/Zol.html\">\u017bo\u0142nierz Polski we Francji<\/a><\/li>\n<\/ul>\n","protected":false},"excerpt":{"rendered":"<div class=\"mh-excerpt\"><\/div>\n","protected":false},"author":1,"featured_media":0,"parent":0,"menu_order":0,"comment_status":"closed","ping_status":"closed","template":"","meta":{"footnotes":""},"class_list":["post-980","page","type-page","status-publish"],"_links":{"self":[{"href":"https:\/\/muzeumpolonii.uw.edu.pl\/index.php?rest_route=\/wp\/v2\/pages\/980","targetHints":{"allow":["GET"]}}],"collection":[{"href":"https:\/\/muzeumpolonii.uw.edu.pl\/index.php?rest_route=\/wp\/v2\/pages"}],"about":[{"href":"https:\/\/muzeumpolonii.uw.edu.pl\/index.php?rest_route=\/wp\/v2\/types\/page"}],"author":[{"embeddable":true,"href":"https:\/\/muzeumpolonii.uw.edu.pl\/index.php?rest_route=\/wp\/v2\/users\/1"}],"replies":[{"embeddable":true,"href":"https:\/\/muzeumpolonii.uw.edu.pl\/index.php?rest_route=%2Fwp%2Fv2%2Fcomments&post=980"}],"version-history":[{"count":177,"href":"https:\/\/muzeumpolonii.uw.edu.pl\/index.php?rest_route=\/wp\/v2\/pages\/980\/revisions"}],"predecessor-version":[{"id":4981,"href":"https:\/\/muzeumpolonii.uw.edu.pl\/index.php?rest_route=\/wp\/v2\/pages\/980\/revisions\/4981"}],"wp:attachment":[{"href":"https:\/\/muzeumpolonii.uw.edu.pl\/index.php?rest_route=%2Fwp%2Fv2%2Fmedia&parent=980"}],"curies":[{"name":"wp","href":"https:\/\/api.w.org\/{rel}","templated":true}]}}