{"id":927,"date":"2018-02-11T09:27:46","date_gmt":"2018-02-11T09:27:46","guid":{"rendered":"https:\/\/muzeumpolonii.uw.edu.pl\/?page_id=927"},"modified":"2020-03-16T09:06:58","modified_gmt":"2020-03-16T08:06:58","slug":"meksyk","status":"publish","type":"page","link":"https:\/\/muzeumpolonii.uw.edu.pl\/?page_id=927","title":{"rendered":"Meksyk"},"content":{"rendered":"<hr color=\"red\">\n<p><img loading=\"lazy\" decoding=\"async\" class=\"alignleft wp-image-928 size-medium\" src=\"https:\/\/muzeumpolonii.uw.edu.pl\/wp-content\/uploads\/2020\/03\/Paderewski.jpg\" alt=\"\" width=\"186\" height=\"300\">Pomnik Ignacego Jana Paderewskiego w Mie\u015bcie Meksyk ufundowa\u0142 w roku 1944 p\u0142k Jan Skoryna, wys\u0142any przez rz\u0105d polski do Meksyku w lipcu 1939 roku z misj\u0105 pog\u0142\u0119bienia stosunk\u00f3w handlowych, kulturalnych i naukowych, za\u0142o\u017cyciel Polsko-Meksyka\u0144skiej Izby Handlu i p\u00f3\u017aniejszy inicjator podniesienia Poselstwa RP do rangi Ambasady. Popiersie wykona\u0142 znany rze\u017abiarz i malarz hiszpa\u0144ski, kt\u00f3ry namalowa\u0142 tak\u017ce dwa obrazy MB Cz\u0119stochowskiej dla Diecezji w Tacambaro w Meksyku i stolicy Paragwaju, Asunci\u00f3n. Pomnik zosta\u0142 postawiony dopiero w roku 2001 na zbiegu dw\u00f3ch alei: Paseo de la Reforma i Explanada, w sercu rezydencyjnej dzielnicy Lornas de Chapultepec.&nbsp;<\/p>\n<p>&nbsp;<\/p>\n<p>&nbsp;<\/p>\n<p>&nbsp;<\/p>\n<p><a href=\"http:\/\/www.pbc.uw.edu.pl\/9982\/1\/Skoryna.pdf\" target=\"_blank\" rel=\"noopener noreferrer\"><img loading=\"lazy\" decoding=\"async\" class=\"wp-image-934 alignleft\" src=\"https:\/\/muzeumpolonii.uw.edu.pl\/wp-content\/uploads\/2020\/03\/Meksyk.jpg\" alt=\"\" width=\"205\" height=\"284\"><\/a>Autor <a href=\"http:\/\/www.pbc.uw.edu.pl\/9982\/\" target=\"_blank\" rel=\"noopener noreferrer\"><em>Polskich \u015blad\u00f3w w Meksyku<\/em><\/a>, Jerzy Skoryna, za\u0142o\u017cy\u0142 w Meksyku &#8222;lnstituto de Estudios de la Cultura y Sociedades Europeas&#8221; (Instytut Studi\u00f3w Kultury i Spo\u0142ecze\u0144stw Europejskich) oraz wydawa\u0142 ilustrowany dwutygodnik informacyjny &#8222;ARKA de lnformaciones&#8221;.<\/p>\n<p>&nbsp;<\/p>\n<p>&nbsp;<\/p>\n<p>&nbsp;<\/p>\n<p>&nbsp;<\/p>\n<p>&nbsp;<\/p>\n<p>&nbsp;<\/p>\n<p><a href=\"http:\/\/www.pbc.uw.edu.pl\/view\/divisions\/Arka.html\" target=\"_blank\" rel=\"noopener noreferrer\"><em><img loading=\"lazy\" decoding=\"async\" class=\"wp-image-952 alignleft\" src=\"https:\/\/muzeumpolonii.uw.edu.pl\/wp-content\/uploads\/2020\/03\/Arka.jpg\" alt=\"\" width=\"205\" height=\"285\">Arka de Informaciones<\/em><\/a>. Organo Informativo del Instituto de Estudios de Cultura y Sociedades Europeas, A.C. Editor: Jerzy Skoryna.<\/p>\n\n\n<p><\/p>\n","protected":false},"excerpt":{"rendered":"<div class=\"mh-excerpt\"> <a class=\"mh-excerpt-more\" href=\"https:\/\/muzeumpolonii.uw.edu.pl\/?page_id=927\" title=\"Meksyk\">[&#8230;]<\/a><\/div>\n","protected":false},"author":1,"featured_media":0,"parent":0,"menu_order":0,"comment_status":"closed","ping_status":"closed","template":"","meta":{"footnotes":""},"class_list":["post-927","page","type-page","status-publish"],"_links":{"self":[{"href":"https:\/\/muzeumpolonii.uw.edu.pl\/index.php?rest_route=\/wp\/v2\/pages\/927","targetHints":{"allow":["GET"]}}],"collection":[{"href":"https:\/\/muzeumpolonii.uw.edu.pl\/index.php?rest_route=\/wp\/v2\/pages"}],"about":[{"href":"https:\/\/muzeumpolonii.uw.edu.pl\/index.php?rest_route=\/wp\/v2\/types\/page"}],"author":[{"embeddable":true,"href":"https:\/\/muzeumpolonii.uw.edu.pl\/index.php?rest_route=\/wp\/v2\/users\/1"}],"replies":[{"embeddable":true,"href":"https:\/\/muzeumpolonii.uw.edu.pl\/index.php?rest_route=%2Fwp%2Fv2%2Fcomments&post=927"}],"version-history":[{"count":22,"href":"https:\/\/muzeumpolonii.uw.edu.pl\/index.php?rest_route=\/wp\/v2\/pages\/927\/revisions"}],"predecessor-version":[{"id":1350,"href":"https:\/\/muzeumpolonii.uw.edu.pl\/index.php?rest_route=\/wp\/v2\/pages\/927\/revisions\/1350"}],"wp:attachment":[{"href":"https:\/\/muzeumpolonii.uw.edu.pl\/index.php?rest_route=%2Fwp%2Fv2%2Fmedia&parent=927"}],"curies":[{"name":"wp","href":"https:\/\/api.w.org\/{rel}","templated":true}]}}