{"id":5622,"date":"2025-03-27T05:59:08","date_gmt":"2025-03-27T04:59:08","guid":{"rendered":"https:\/\/muzeumpolonii.uw.edu.pl\/?page_id=5622"},"modified":"2025-04-10T07:15:26","modified_gmt":"2025-04-10T05:15:26","slug":"nowosci","status":"publish","type":"page","link":"https:\/\/muzeumpolonii.uw.edu.pl\/?page_id=5622","title":{"rendered":"Nowo\u015bci"},"content":{"rendered":"<hr color=\"red\">\n<p><\/ br><\/p>\n<ul style=\"font-weight: 400;\">\n<li><a href=\"https:\/\/pbc.uw.edu.pl\/view\/divisions\/Afisz.html\">Afisz Polsko-Mo\u0142dawski<\/a><\/li>\n<\/ul>\n<ul style=\"font-weight: 400;\">\n<li><a href=\"https:\/\/pbc.uw.edu.pl\/view\/divisions\/Almatynski=5FKurier.html\n\">A\u0142maty\u0144ski Kurier Polonijny<\/a><\/li>\n<\/ul>\n<ul style=\"font-weight: 400;\">\n<li><a href=\"https:\/\/pbc.uw.edu.pl\/view\/divisions\/Antena.html\">Antena Radiowa (Ukraina) <\/a><\/li>\n<\/ul>\n<ul style=\"font-weight: 400;\">\n<li><a href=\"https:\/\/pbc.uw.edu.pl\/view\/divisions\/Asystent.html\">Asystent (Stany Zjednoczone)\u00a0<\/a><\/li>\n<\/ul>\n<ul style=\"font-weight: 400;\">\n<li><a href=\"https:\/\/pbc.uw.edu.pl\/view\/divisions\/BialyOrzel.html\">Bia\u0142y Orze\u0142 = White Eagle (Stany Zjednoczone)<\/a><\/li>\n<\/ul>\n<ul style=\"font-weight: 400;\">\n<li><a href=\"https:\/\/pbc.uw.edu.pl\/view\/divisions\/Cogito.html\">Cogito dla Polonii\u00a0<\/a><\/li>\n<\/ul>\n<ul style=\"font-weight: 400;\">\n<li><a href=\"https:\/\/pbc.uw.edu.pl\/view\/divisions\/Dwukropek.html\">Dwukropek (Po\u0142udniowa Afryka)<\/a><\/li>\n<\/ul>\n<ul style=\"font-weight: 400;\">\n<li><a href=\"https:\/\/pbc.uw.edu.pl\/view\/divisions\/Dziatwa.html\">Dziatwa : pismo dla dzieci\u00a0(Wielka Brytania) <\/a><\/li>\n<\/ul>\n<ul style=\"font-weight: 400;\">\n<li><a href=\"https:\/\/pbc.uw.edu.pl\/view\/divisions\/Dziennik=5FKijowski.html\">Dziennik Kijowski\u00a0<\/a><\/li>\n<\/ul>\n<ul style=\"font-weight: 400;\">\n<li><a href=\"https:\/\/pbc.uw.edu.pl\/view\/divisions\/Echo.html\">Echo : Polish &amp; Slavic Center (Stany Zjednoczone)<\/a><\/li>\n<\/ul>\n<ul style=\"font-weight: 400;\">\n<li><a href=\"https:\/\/pbc.uw.edu.pl\/view\/divisions\/Flandria.html\">Flandria po Polsku (Belgia)<\/a><\/li>\n<\/ul>\n<ul style=\"font-weight: 400;\">\n<li><a href=\"https:\/\/pbc.uw.edu.pl\/view\/divisions\/Bukowina.html\">Gazeta Polska Bukowiny<\/a><\/li>\n<\/ul>\n<ul style=\"font-weight: 400;\">\n<li><a href=\"https:\/\/pbc.uw.edu.pl\/view\/divisions\/Glos=5FPolonii=5FUkraina.html\">G\u0142os Polonii (Ukraina)<\/a><\/li>\n<\/ul>\n<ul style=\"font-weight: 400;\">\n<li><a href=\"https:\/\/pbc.uw.edu.pl\/view\/divisions\/Glos=5FPolonii.html\">G\u0142os Polonii (W\u0119gry)<\/a><\/li>\n<\/ul>\n<ul style=\"font-weight: 400;\">\n<li><a href=\"https:\/\/pbc.uw.edu.pl\/view\/divisions\/Glos=5Fznad=5FNiemna.html\">G\u0142os znad Niemna na Uchod\u017astwie<\/a><\/li>\n<\/ul>\n<ul style=\"font-weight: 400;\">\n<li><a href=\"https:\/\/pbc.uw.edu.pl\/view\/divisions\/Harcerz=5FBrzescia.html\">Harcerz Brze\u015bcia<\/a><\/li>\n<\/ul>\n<ul style=\"font-weight: 400;\">\n<li><a href=\"https:\/\/pbc.uw.edu.pl\/view\/divisions\/Jednosc.html\">Jedno\u015b\u0107 (Rosja)<\/a><\/li>\n<\/ul>\n<ul style=\"font-weight: 400;\">\n<li><a href=\"https:\/\/pbc.uw.edu.pl\/view\/divisions\/JPjC.html\">Jedynie Prawda jest Ciekawa (Litwa)<\/a><\/li>\n<\/ul>\n<ul style=\"font-weight: 400;\">\n<li><a href=\"https:\/\/pbc.uw.edu.pl\/view\/divisions\/Jutrzenka.html\">Jutrzenka (Mo\u0142dawia) <\/a><\/li>\n<\/ul>\n<ul style=\"font-weight: 400;\">\n<li><a href=\"https:\/\/pbc.uw.edu.pl\/view\/divisions\/Kalejdoskop.html\">Kalejdoskop (Izrael) <\/a><\/li>\n<\/ul>\n<ul style=\"font-weight: 400;\">\n<li><a href=\"https:\/\/pbc.uw.edu.pl\/30015\/1\/Kalendarz_2024.pdf\">Kalendarz \u015al\u0105ski<\/a><\/li>\n<\/ul>\n<ul style=\"font-weight: 400;\">\n<li><a href=\"https:\/\/pbc.uw.edu.pl\/view\/divisions\/Kopernik.html\">Kopernik (Chorwacja)<\/a><\/li>\n<\/ul>\n<ul style=\"font-weight: 400;\">\n<li><a href=\"https:\/\/pbc.uw.edu.pl\/view\/divisions\/Kto.html\">Kto Ty Jeste\u015b : Polak Ma\u0142y<\/a><\/li>\n<\/ul>\n<ul style=\"font-weight: 400;\">\n<li><a href=\"https:\/\/pbc.uw.edu.pl\/view\/divisions\/Kumpel.html\">Kumpel dla Polonii\u00a0<\/a><\/li>\n<\/ul>\n<ul style=\"font-weight: 400;\">\n<li><a href=\"https:\/\/pbc.uw.edu.pl\/view\/divisions\/Kurier=5FWilenski.html\">Kurier Wile\u0144ski<\/a><\/li>\n<\/ul>\n<ul style=\"font-weight: 400;\">\n<li><a href=\"http:\/\/pbc.uw.edu.pl\/view\/divisions\/LBI.html\">Lwowski Biuletyn Informacyjny \/Towarzystwo Przyjaci\u00f3\u0142 Lwowa. Oddzia\u0142 Sto\u0142eczny<\/a><\/li>\n<\/ul>\n<ul style=\"font-weight: 400;\">\n<li><a href=\"https:\/\/pbc.uw.edu.pl\/view\/divisions\/Magazyn=5FKurier.html\">Magazyn Kurier Wile\u0144ski<\/a><\/li>\n<\/ul>\n<ul style=\"font-weight: 400;\">\n<li><a href=\"https:\/\/pbc.uw.edu.pl\/view\/divisions\/Magazyn.html\">Magazyn Polski (Bia\u0142oru\u015b) <\/a><\/li>\n<\/ul>\n<ul style=\"font-weight: 400;\">\n<li><a href=\"https:\/\/pbc.uw.edu.pl\/view\/divisions\/Magnificat.html\n\">Magnificat (Ukraina)<\/a><\/li>\n<\/ul>\n<ul style=\"font-weight: 400;\">\n<li><a href=\"https:\/\/pbc.uw.edu.pl\/view\/divisions\/Mir.html\">Mir (Irlandia)<\/a><\/li>\n<\/ul>\n<ul style=\"font-weight: 400;\">\n<li><a href=\"https:\/\/pbc.uw.edu.pl\/view\/divisions\/Moje=5FMiasto.html\">Moje Miasto (Niemcy)<\/a><\/li>\n<\/ul>\n<ul style=\"font-weight: 400;\">\n<li><a href=\"https:\/\/pbc.uw.edu.pl\/view\/divisions\/Monitor=5FPolonijny.html\">Monitor Polonijny (S\u0142owacja)<\/a><\/li>\n<\/ul>\n<ul style=\"font-weight: 400;\">\n<li><a href=\"https:\/\/pbc.uw.edu.pl\/view\/divisions\/MonitorWolynski.html\">Monitor Wo\u0142y\u0144ski<\/a><\/li>\n<\/ul>\n<ul style=\"font-weight: 400;\">\n<li><a href=\"https:\/\/pbc.uw.edu.pl\/view\/divisions\/Mozaika.html\">Mozaika Berdyczowska<\/a><\/li>\n<\/ul>\n<ul style=\"font-weight: 400;\">\n<li><a href=\"https:\/\/pbc.uw.edu.pl\/view\/divisions\/Biuletyn=5FMysl.html\">My\u015bl (Kanada)<\/a><\/li>\n<\/ul>\n<ul style=\"font-weight: 400;\">\n<li><a href=\"https:\/\/pbc.uw.edu.pl\/view\/divisions\/Nasz=5FGlos.html\">Nasz G\u0142os<\/a><\/li>\n<\/ul>\n<ul style=\"font-weight: 400;\">\n<li><a href=\"https:\/\/pbc.uw.edu.pl\/view\/divisions\/Nasze=5FDrogi.html\">Nasze Drogi (Ukraina) <\/a><\/li>\n<\/ul>\n<ul style=\"font-weight: 400;\">\n<li><a href=\"https:\/\/pbc.uw.edu.pl\/view\/divisions\/Kurier=5FGalicyjski.html\n\">Nowy Kurier Galicyjski\u00a0<\/a><\/li>\n<\/ul>\n<ul style=\"font-weight: 400;\">\n<li><a href=\"https:\/\/pbc.uw.edu.pl\/view\/divisions\/Panorama=5FMontreal.html\n\">Panorama (Kanada)\u00a0<\/a><\/li>\n<\/ul>\n<ul style=\"font-weight: 400;\">\n<li><a href=\"https:\/\/pbc.uw.edu.pl\/view\/divisions\/Plus.html\n\">Plus (Stany Zjednoczone) <\/a><\/li>\n<\/ul>\n<ul style=\"font-weight: 400;\">\n<li><a href=\"https:\/\/pbc.uw.edu.pl\/view\/divisions\/Podhalanin.html\n\">Podhalanin: magazyn Podhalan w Ameryce<\/a><\/li>\n<\/ul>\n<ul style=\"font-weight: 400;\">\n<li><a href=\"https:\/\/pbc.uw.edu.pl\/view\/divisions\/Polak=5Fna=5FLotwie.html\n\">Polak na \u0141otwie<\/a><\/li>\n<\/ul>\n<ul style=\"font-weight: 400;\">\n<li><a href=\"https:\/\/pbc.uw.edu.pl\/view\/divisions\/PwN.html\">Polak w Niemczech<\/a><\/li>\n<\/ul>\n<ul style=\"font-weight: 400;\">\n<li><a href=\"https:\/\/pbc.uw.edu.pl\/view\/divisions\/Polonia=5FUS.html\n\">Polonia (Connecticut)\u00a0<\/a><\/li>\n<\/ul>\n<ul style=\"font-weight: 400;\">\n<li><a href=\"https:\/\/pbc.uw.edu.pl\/view\/divisions\/PoloniaCharkowa.html\n\">Polonia Charkowa\u00a0<\/a><\/li>\n<\/ul>\n<ul style=\"font-weight: 400;\">\n<li><a href=\"https:\/\/pbc.uw.edu.pl\/view\/divisions\/Polonia=5FMoldawska.html\">Polonia Mo\u0142dawska<\/a><\/li>\n<\/ul>\n<ul style=\"font-weight: 400;\">\n<li><a href=\"https:\/\/pbc.uw.edu.pl\/view\/divisions\/Polonia=5FNowa.html\n\">Polonia Nowa (Szwecja)<\/a><\/li>\n<\/ul>\n<ul style=\"font-weight: 400;\">\n<li><a href=\"https:\/\/pbc.uw.edu.pl\/view\/divisions\/Polonia=5FWloska.html\n\">Polonia W\u0142oska\u00a0<\/a><\/li>\n<\/ul>\n<ul style=\"font-weight: 400;\">\n<li><a href=\"https:\/\/pbc.uw.edu.pl\/view\/divisions\/Polonika.html\n\">Polonika\u00a0<\/a><\/li>\n<\/ul>\n<ul style=\"font-weight: 400;\">\n<li><a href=\"https:\/\/pbc.uw.edu.pl\/view\/divisions\/PolonusKirgistan.html\n\">Polonus w Kirgistanie\u00a0<\/a><\/li>\n<\/ul>\n<ul style=\"font-weight: 400;\">\n<li><a href=\"https:\/\/pbc.uw.edu.pl\/view\/divisions\/PolskiePodole.html\n\">Polskie Podole (Ukraina)\u00a0<\/a><\/li>\n<\/ul>\n<ul style=\"font-weight: 400;\">\n<li><a href=\"https:\/\/pbc.uw.edu.pl\/view\/divisions\/My.html\n\">P\u00f3ki My \u017byjemy (Armenia)\u00a0<\/a><\/li>\n<\/ul>\n<ul style=\"font-weight: 400;\">\n<li><a href=\"https:\/\/pbc.uw.edu.pl\/view\/divisions\/RMP.html\n\">Razem M\u0142odzi Przyjaciele (Wielka Brytania)\u00a0<\/a><\/li>\n<\/ul>\n<ul style=\"font-weight: 400;\">\n<li><a href=\"https:\/\/pbc.uw.edu.pl\/view\/divisions\/Quo=5FVadis.html\n\">Quo Vadis? (W\u0119gry)<\/a><\/li>\n<\/ul>\n<ul style=\"font-weight: 400;\">\n<li><a href=\"https:\/\/pbc.uw.edu.pl\/view\/divisions\/Rodacy.html\n\">Rodacy (Rosja)\u00a0<\/a><\/li>\n<\/ul>\n<ul style=\"font-weight: 400;\">\n<li><a href=\"https:\/\/pbc.uw.edu.pl\/view\/divisions\/Rota.html\n\">Rota\u00a0(Rota) <\/a><\/li>\n<\/ul>\n<ul style=\"font-weight: 400;\">\n<li><a href=\"https:\/\/pbc.uw.edu.pl\/view\/divisions\/Slowo=5FPolskie.html\n\">S\u0142owo Polskie (Ukraina)\u00a0<\/a><\/li>\n<\/ul>\n<ul style=\"font-weight: 400;\">\n<li><a href=\"https:\/\/pbc.uw.edu.pl\/view\/divisions\/Spotkania.html\">Spotkania (Litwa)<\/a><\/li>\n<\/ul>\n<ul style=\"font-weight: 400;\">\n<li><a href=\"https:\/\/pbc.uw.edu.pl\/view\/divisions\/UczymyJakUczyc.html\">Uczymy Jak Uczy\u0107<\/a><\/li>\n<\/ul>\n<ul style=\"font-weight: 400;\">\n<li><a href=\"https:\/\/pbc.uw.edu.pl\/view\/divisions\/Tecza.html\n\">T\u0119cza \u017bytomierszczyzny (Ukraina)\u00a0<\/a><\/li>\n<\/ul>\n<ul style=\"font-weight: 400;\">\n<li><a href=\"https:\/\/pbc.uw.edu.pl\/view\/divisions\/TwojeMiasto.html\n\">Twoje Miasto (Niemcy)\u00a0<\/a><\/li>\n<\/ul>\n<ul style=\"font-weight: 400;\">\n<li><a href=\"https:\/\/pbc.uw.edu.pl\/view\/divisions\/TygodnikPolski.html\n\">Tygodnik Polski (Australia)\u00a0<\/a><\/li>\n<\/ul>\n<ul style=\"font-weight: 400;\">\n<li><a href=\"https:\/\/pbc.uw.edu.pl\/view\/divisions\/TygodnikWilenszczyzny.html\n\">Tygodnik Wile\u0144szczyzny\u00a0<\/a><\/li>\n<\/ul>\n<ul style=\"font-weight: 400;\">\n<li><a href=\"https:\/\/pbc.uw.edu.pl\/view\/divisions\/Wesola=5FUlica.html\">Weso\u0142a Ulica (\u0141otwa)<\/a><\/li>\n<\/ul>\n<ul style=\"font-weight: 400;\">\n<li><a href=\"https:\/\/pbc.uw.edu.pl\/view\/divisions\/Wiadomosci=5FKlubu.html\">Wiadomo\u015bci Klubu Polskiego w Pradze<\/a><\/li>\n<\/ul>\n<ul style=\"font-weight: 400;\">\n<li><a href=\"https:\/\/pbc.uw.edu.pl\/view\/divisions\/WspolnotaPolska.html\">Wsp\u00f3lnota Polska<\/a><\/li>\n<\/ul>\n<ul style=\"font-weight: 400;\">\n<li><a href=\"https:\/\/pbc.uw.edu.pl\/view\/divisions\/Znad=5FWilii.html\">Znad Wilii (Litwa) <\/a><\/li>\n<\/ul>\n<ul style=\"font-weight: 400;\">\n<li><a href=\"https:\/\/pbc.uw.edu.pl\/view\/divisions\/Zwrot.html\">Zwrot (Czechy)<\/a><\/li>\n<\/ul>\n","protected":false},"excerpt":{"rendered":"<div class=\"mh-excerpt\"> <a class=\"mh-excerpt-more\" href=\"https:\/\/muzeumpolonii.uw.edu.pl\/?page_id=5622\" title=\"Nowo\u015bci\">[&#8230;]<\/a><\/div>\n","protected":false},"author":1,"featured_media":0,"parent":0,"menu_order":0,"comment_status":"closed","ping_status":"closed","template":"","meta":{"footnotes":""},"class_list":["post-5622","page","type-page","status-publish"],"_links":{"self":[{"href":"https:\/\/muzeumpolonii.uw.edu.pl\/index.php?rest_route=\/wp\/v2\/pages\/5622","targetHints":{"allow":["GET"]}}],"collection":[{"href":"https:\/\/muzeumpolonii.uw.edu.pl\/index.php?rest_route=\/wp\/v2\/pages"}],"about":[{"href":"https:\/\/muzeumpolonii.uw.edu.pl\/index.php?rest_route=\/wp\/v2\/types\/page"}],"author":[{"embeddable":true,"href":"https:\/\/muzeumpolonii.uw.edu.pl\/index.php?rest_route=\/wp\/v2\/users\/1"}],"replies":[{"embeddable":true,"href":"https:\/\/muzeumpolonii.uw.edu.pl\/index.php?rest_route=%2Fwp%2Fv2%2Fcomments&post=5622"}],"version-history":[{"count":40,"href":"https:\/\/muzeumpolonii.uw.edu.pl\/index.php?rest_route=\/wp\/v2\/pages\/5622\/revisions"}],"predecessor-version":[{"id":5694,"href":"https:\/\/muzeumpolonii.uw.edu.pl\/index.php?rest_route=\/wp\/v2\/pages\/5622\/revisions\/5694"}],"wp:attachment":[{"href":"https:\/\/muzeumpolonii.uw.edu.pl\/index.php?rest_route=%2Fwp%2Fv2%2Fmedia&parent=5622"}],"curies":[{"name":"wp","href":"https:\/\/api.w.org\/{rel}","templated":true}]}}