{"id":390,"date":"2017-12-27T20:42:55","date_gmt":"2017-12-27T20:42:55","guid":{"rendered":"https:\/\/muzeumpolonii.uw.edu.pl\/?page_id=390"},"modified":"2025-03-24T11:26:04","modified_gmt":"2025-03-24T10:26:04","slug":"peru","status":"publish","type":"page","link":"https:\/\/muzeumpolonii.uw.edu.pl\/?page_id=390","title":{"rendered":"Peru"},"content":{"rendered":"<hr color=\"red\">\n<figure id=\"attachment_391\" aria-describedby=\"caption-attachment-391\" style=\"width: 220px\" class=\"wp-caption alignleft\"><img loading=\"lazy\" decoding=\"async\" class=\"wp-image-1104 alignleft\" src=\"https:\/\/muzeumpolonii.uw.edu.pl\/wp-content\/uploads\/2020\/03\/E_Malinowski_Pomnik-237x300.jpg\" alt=\"Pomnik po\u015bwi\u0119cony Ernestowi Malinowskiemu\" width=\"220\" height=\"278\" srcset=\"https:\/\/muzeumpolonii.uw.edu.pl\/wp-content\/uploads\/2020\/03\/E_Malinowski_Pomnik-237x300.jpg 237w, https:\/\/muzeumpolonii.uw.edu.pl\/wp-content\/uploads\/2020\/03\/E_Malinowski_Pomnik.jpg 398w\" sizes=\"auto, (max-width: 220px) 100vw, 220px\" \/><figcaption id=\"caption-attachment-391\" class=\"wp-caption-text\">Pomnik po\u015bwi\u0119cony Ernestowi Malinowskiemu zaprojektowa\u0142 polski rze\u017abiarz Gustawa Zem\u0142a. Zosta\u0142 on wykonany w Polsce i po przewiezieniu do Peru postawiony na trasie zaprojektowanej przez niego linii kolejowej,&nbsp; na prze\u0142\u0119czy Ticlio (4818 m n.p.m.).<\/figcaption><\/figure>\n<p>Pierwszym Polakiem w Peru by\u0142 jezuita Stanis\u0142aw Artel (1663-1717), kt\u00f3ry w ko\u0144cu XVII wieku dzia\u0142a\u0142 w Wicekr\u00f3lestwie Peru. Jezuickie misje prowadzi\u0142y o\u017cywion\u0105 dzia\u0142alno\u015b\u0107 organizacyjn\u0105 i gospodarcz\u0105, a ich znaczenie dla rozwoju kolonii znaczenie wykracza\u0142o poza wymiar religijny.<\/p>\n<p>Po uzyskaniu niepodleg\u0142o\u015bci rz\u0105d Peru poszukiwa\u0142 w Europie specjalist\u00f3w z r\u00f3\u017cnych dziedzin. W Peru podj\u0119\u0142o prace wielu polskich in\u017cynier\u00f3w, m. in. Ernest Malinowski, Edward Habich, Franciszek Ksawery Wakulski, W\u0142adys\u0142aw Folkierski, W\u0142adys\u0142aw Kluger , Aleksander Miecznikowski, Boles\u0142aw Majerski, Aleksander Babi\u0144ski i Tadeusz Stryje\u0144ski.<\/p>\n<p>W Peru pracowali r\u00f3wnie\u017c nie tylko specjali\u015bci sprowadzeni przez rz\u0105d peruwia\u0144ski, ale r\u00f3wnie\u017c przyrodnicy polscy jak Konstanty Jelski, Jan Sztolcman i Jan Kalinowski. Na pocz\u0105tku XX wieku przyby\u0142a do Peru kolejna fala polskich specjalist\u00f3w, m. in. Marian Karol Tarnawiecki, Ryszard Jaxa Ma\u0142achowski, Bruno Paprocki, Witold Szysz\u0142o, Jan Rostworowski, Feliks Woytkowski, Gerard Unger, Zdzis\u0142aw Szymo\u0144ski,Piotr Ostrowski i Aleksander \u0141awi\u0144ski<\/p><br>\n\n\n<TABLE>\n<tr>\n<TD ALIGN=CENTER VALIGN=BOTTOM><FONT face=\"Verdana, Arial, Helvetica, Sans-Serif\" size=\"2\">\n<A HREF=\"https:\/\/pbc.uw.edu.pl\/view\/divisions\/Boletin.html\" target=\"_self\" style=\"text-decoration:none\"><IMG SRC=\"\/wp-content\/uploads\/2020\/07\/Boletin.jpg\" BORDER=\"0\" ALT=\"Boletin\"><\/A><\/FONT><\/TD>\n<TD ALIGN=CENTER VALIGN=BOTTOM><FONT face=\"Verdana, Arial, Helvetica, Sans-Serif\" size=\"2\">\n<A HREF=\"https:\/\/www.pbc.uw.edu.pl\/view\/divisions\/Ga.html\" target=\"_self\" style=\"text-decoration:none\"><IMG SRC=\"\/wp-content\/uploads\/2020\/07\/Gazetka.jpg\" BORDER=\"0\" ALT=\"Gazetka\">\n<\/A><\/FONT><\/TD>\n<\/tr>\n<\/TABLE>\n","protected":false},"excerpt":{"rendered":"<div class=\"mh-excerpt\"> <a class=\"mh-excerpt-more\" href=\"https:\/\/muzeumpolonii.uw.edu.pl\/?page_id=390\" title=\"Peru\">[&#8230;]<\/a><\/div>\n","protected":false},"author":1,"featured_media":0,"parent":0,"menu_order":0,"comment_status":"closed","ping_status":"closed","template":"","meta":{"footnotes":""},"class_list":["post-390","page","type-page","status-publish"],"_links":{"self":[{"href":"https:\/\/muzeumpolonii.uw.edu.pl\/index.php?rest_route=\/wp\/v2\/pages\/390","targetHints":{"allow":["GET"]}}],"collection":[{"href":"https:\/\/muzeumpolonii.uw.edu.pl\/index.php?rest_route=\/wp\/v2\/pages"}],"about":[{"href":"https:\/\/muzeumpolonii.uw.edu.pl\/index.php?rest_route=\/wp\/v2\/types\/page"}],"author":[{"embeddable":true,"href":"https:\/\/muzeumpolonii.uw.edu.pl\/index.php?rest_route=\/wp\/v2\/users\/1"}],"replies":[{"embeddable":true,"href":"https:\/\/muzeumpolonii.uw.edu.pl\/index.php?rest_route=%2Fwp%2Fv2%2Fcomments&post=390"}],"version-history":[{"count":8,"href":"https:\/\/muzeumpolonii.uw.edu.pl\/index.php?rest_route=\/wp\/v2\/pages\/390\/revisions"}],"predecessor-version":[{"id":5572,"href":"https:\/\/muzeumpolonii.uw.edu.pl\/index.php?rest_route=\/wp\/v2\/pages\/390\/revisions\/5572"}],"wp:attachment":[{"href":"https:\/\/muzeumpolonii.uw.edu.pl\/index.php?rest_route=%2Fwp%2Fv2%2Fmedia&parent=390"}],"curies":[{"name":"wp","href":"https:\/\/api.w.org\/{rel}","templated":true}]}}