{"id":3834,"date":"2022-03-14T19:00:13","date_gmt":"2022-03-14T18:00:13","guid":{"rendered":"https:\/\/muzeumpolonii.uw.edu.pl\/?page_id=3834"},"modified":"2025-03-21T19:35:07","modified_gmt":"2025-03-21T18:35:07","slug":"ukraina","status":"publish","type":"page","link":"https:\/\/muzeumpolonii.uw.edu.pl\/?page_id=3834","title":{"rendered":"Ukraina"},"content":{"rendered":"\n<hr color=\"red\">\n\n\n<p style=\"text-align:justify\"><img loading=\"lazy\" decoding=\"async\" class=\"alignleft  wp-image-3835\" src=\"https:\/\/muzeumpolonii.uw.edu.pl\/wp-content\/uploads\/2022\/03\/Ukraina.jpg\" alt=\"\" width=\"312\" height=\"453\" srcset=\"https:\/\/muzeumpolonii.uw.edu.pl\/wp-content\/uploads\/2022\/03\/Ukraina.jpg 380w, https:\/\/muzeumpolonii.uw.edu.pl\/wp-content\/uploads\/2022\/03\/Ukraina-207x300.jpg 207w\" sizes=\"auto, (max-width: 312px) 100vw, 312px\" \/>W latach osiemdziesi\u0105tych XX w. mieszka\u0142o na Ukrainie ok. 300 000 Polak\u00f3w. Pod koniec tej dekady rozpocz\u0105\u0142 si\u0119 rozw\u00f3j organizacji i stowarzysze\u0144 polskich i intensyfikacja kontakt\u00f3w mi\u0119dzy Polakami na Ukrainie a krajem. W 1988 powsta\u0142o Towarzystwo Kultury Polskiej Ziemi Lwowskiej, a w 1991 Zwi\u0105zek Polak\u00f3w na Ukrainie. Organizowano szko\u0142y z polskim j\u0119zykiem wyk\u0142adowym i kursy j\u0119zyka polskiego, rozpocz\u0119to nadawanie audycji radiowych w j\u0119zyku polskim, powsta\u0142y katedry polonistyki w Drohobyczu, Kijowie i \u017bytomierzu. Agresja Rosji na Ukrain\u0119 ten pomy\u015blny dla mieszkaj\u0105cych tam Polak\u00f3w okres przerywa.<\/p>\n<\/p>\n<p><\/br><\/br><\/br><\/br><\/br><\/br><\/br><\/br><\/p>\n\n\n<a href=\"http:\/\/www.pbc.uw.edu.pl\/view\/divisions\/Antena=5F2023.html\" ><img decoding=\"async\"  src=\"https:\/\/muzeumpolonii.uw.edu.pl\/wp-content\/uploads\/Antena.jpg\" alt=\"Bukowina\"\/><\/a>\n\n<a href=\"http:\/\/www.pbc.uw.edu.pl\/view\/divisions\/LBI.html\" ><img \nsrc=\"https:\/\/muzeumpolonii.uw.edu.pl\/wp-content\/uploads\/2022\/03\/Biuletyn.jpg\" alt=\"Lwowski Biuletyn\" \/><\/a>\n\n<a href=\"http:\/\/www.pbc.uw.edu.pl\/view\/divisions\/Bukowina=5F2023.html\" ><img decoding=\"async\"  src=\"https:\/\/muzeumpolonii.uw.edu.pl\/wp-content\/uploads\/Bukowina.jpg\" alt=\"Bukowina\" \/><\/a>\n \n<a href=\"http:\/\/www.pbc.uw.edu.pl\/view\/divisions\/Dziennik=5FKijowski=5F2023.html\" ><img decoding=\"async\"  src=\"https:\/\/muzeumpolonii.uw.edu.pl\/wp-content\/uploads\/DziennikKijowski.jpg\" alt=\"Dziennik Kijowski\"\/> <\/a>\n\n<a href=\"http:\/\/www.pbc.uw.edu.pl\/view\/divisions\/Glos=5FPolonii=5FUkraina=5F2023.html\" ><img decoding=\"async\"  src=\"https:\/\/muzeumpolonii.uw.edu.pl\/wp-content\/uploads\/GlosPolonii.jpg\" alt=\"Bukowina\" \/><\/a>\n\n<a href=\"http:\/\/www.pbc.uw.edu.pl\/view\/divisions\/Kto=5F2023.html\" ><img decoding=\"async\"  src=\"https:\/\/muzeumpolonii.uw.edu.pl\/wp-content\/uploads\/PolakMaly.jpg\" alt=\"Polak Ma\u0142y\" \/><\/a>\n\n<a href=\"http:\/\/www.pbc.uw.edu.pl\/view\/divisions\/Kurier=5FGalicyjski=5F2023.html\" ><img decoding=\"async\"  src=\"https:\/\/muzeumpolonii.uw.edu.pl\/wp-content\/uploads\/KurierGalicyjski.jpg\" alt=\"Kurier Galicyjski\" \/><\/a>\n\n<a href=\"http:\/\/www.pbc.uw.edu.pl\/view\/divisions\/MonitorWolynski=5F2023.html\" ><img decoding=\"async\"  src=\"https:\/\/muzeumpolonii.uw.edu.pl\/wp-content\/uploads\/MonitorWolynski.jpg\" alt=\"Monitor Wo\u0142y\u0144ski\" \/><\/a>\n\n<a href=\"http:\/\/www.pbc.uw.edu.pl\/view\/divisions\/Mozika=5F2023.html\" ><img decoding=\"async\"  src=\"https:\/\/muzeumpolonii.uw.edu.pl\/wp-content\/uploads\/MozaikaBerdyczowska.jpg\" alt=\"Mozaika Berdyczowska\" \/><\/a>\n\n<a href=\"http:\/\/www.pbc.uw.edu.pl\/view\/divisions\/Nasze=5FDrogi=5F2023.html\" ><img decoding=\"async\"  src=\"https:\/\/muzeumpolonii.uw.edu.pl\/wp-content\/uploads\/NaszeDrogi.jpg\" alt=\"Nasze Drogi\" \/><\/a>\n\n<a href=\"http:\/\/www.pbc.uw.edu.pl\/view\/divisions\/Kurier=5FGalicyjski=5F2023.html\" ><img decoding=\"async\"  src=\"https:\/\/muzeumpolonii.uw.edu.pl\/wp-content\/uploads\/KurierGalicyjski.jpg\" alt=\"Kurier Galicyjski\" \/><\/a>\n\n<a href=\"http:\/\/www.pbc.uw.edu.pl\/view\/divisions\/PolskiePodole=5F2023.html\"><img decoding=\"async\"  src=\"https:\/\/muzeumpolonii.uw.edu.pl\/wp-content\/uploads\/PolskiePodole.jpg\" alt=\"Polskie Podole\" \/><\/a>\n\n<a href=\"http:\/\/www.pbc.uw.edu.pl\/view\/divisions\/PoloniaCharkowa=5F2023.html\" ><img decoding=\"async\"  src=\"https:\/\/muzeumpolonii.uw.edu.pl\/wp-content\/uploads\/PoloniaCharkowa.jpg\" alt=\"Polonia Charkowa\" \/><\/a>\n\n<a href=\"http:\/\/www.pbc.uw.edu.pl\/view\/divisions\/Tecza=5F2023.html\" ><img decoding=\"async\"  src=\"https:\/\/muzeumpolonii.uw.edu.pl\/wp-content\/uploads\/Tecza.jpg\" alt=\"T\u0119cza\" \/><\/a>\n","protected":false},"excerpt":{"rendered":"<div class=\"mh-excerpt\"> <a class=\"mh-excerpt-more\" href=\"https:\/\/muzeumpolonii.uw.edu.pl\/?page_id=3834\" title=\"Ukraina\">[&#8230;]<\/a><\/div>\n","protected":false},"author":1,"featured_media":0,"parent":0,"menu_order":0,"comment_status":"closed","ping_status":"closed","template":"","meta":{"footnotes":""},"class_list":["post-3834","page","type-page","status-publish"],"_links":{"self":[{"href":"https:\/\/muzeumpolonii.uw.edu.pl\/index.php?rest_route=\/wp\/v2\/pages\/3834","targetHints":{"allow":["GET"]}}],"collection":[{"href":"https:\/\/muzeumpolonii.uw.edu.pl\/index.php?rest_route=\/wp\/v2\/pages"}],"about":[{"href":"https:\/\/muzeumpolonii.uw.edu.pl\/index.php?rest_route=\/wp\/v2\/types\/page"}],"author":[{"embeddable":true,"href":"https:\/\/muzeumpolonii.uw.edu.pl\/index.php?rest_route=\/wp\/v2\/users\/1"}],"replies":[{"embeddable":true,"href":"https:\/\/muzeumpolonii.uw.edu.pl\/index.php?rest_route=%2Fwp%2Fv2%2Fcomments&post=3834"}],"version-history":[{"count":37,"href":"https:\/\/muzeumpolonii.uw.edu.pl\/index.php?rest_route=\/wp\/v2\/pages\/3834\/revisions"}],"predecessor-version":[{"id":5502,"href":"https:\/\/muzeumpolonii.uw.edu.pl\/index.php?rest_route=\/wp\/v2\/pages\/3834\/revisions\/5502"}],"wp:attachment":[{"href":"https:\/\/muzeumpolonii.uw.edu.pl\/index.php?rest_route=%2Fwp%2Fv2%2Fmedia&parent=3834"}],"curies":[{"name":"wp","href":"https:\/\/api.w.org\/{rel}","templated":true}]}}