{"id":3392,"date":"2021-02-08T17:46:27","date_gmt":"2021-02-08T16:46:27","guid":{"rendered":"https:\/\/muzeumpolonii.uw.edu.pl\/?page_id=3392"},"modified":"2024-02-15T11:17:48","modified_gmt":"2024-02-15T10:17:48","slug":"izabela-jurasz","status":"publish","type":"page","link":"https:\/\/muzeumpolonii.uw.edu.pl\/?page_id=3392","title":{"rendered":"Izabela Jurasz"},"content":{"rendered":"\n<hr color=\"red\">\n\n\n\n<h4>  <\/h4>\n<h4 style=\"text-align: center;\"><span style=\"color: #333399;\">Ikonografia Boga Ojca<\/span><\/h4>\n<p> <\/p>\n<p> <\/p>\n<h5 style=\"text-align: center;\">Jak wygl\u0105da B\u00f3g [1]<\/h5>\n\n\n<figure class=\"wp-block-audio\"><audio controls src=\"https:\/\/pbc.uw.edu.pl\/15113\/1\/Jak%20wyglada%20B%C3%B3g%201.mp3\"><\/audio><\/figure>\n\n\n<p>Czas trwania: 4\u201918\u201d<\/p>\n<h5 style=\"text-align: center;\">Jak wygl\u0105da B\u00f3g [2]<\/h5>\n\n\n<figure class=\"wp-block-audio\"><audio controls src=\"https:\/\/pbc.uw.edu.pl\/15113\/2\/Jak%20wyglada%20B%C3%B3g%202.mp3\"><\/audio><\/figure>\n\n\n<p>Czas trwania: 4\u201943\u201d<\/p>\n<h5 style=\"text-align: center;\">Biblia<\/h5>\n\n\n<figure class=\"wp-block-audio\"><audio controls src=\"https:\/\/pbc.uw.edu.pl\/15113\/3\/Biblia.mp3\"><\/audio><\/figure>\n\n\n<p>Czas trwania: 5\u201914\u201d<\/p>\n<h5 style=\"text-align: center;\">R\u0119ka Boga<\/h5>\n\n\n<figure class=\"wp-block-audio\"><audio controls src=\"https:\/\/pbc.uw.edu.pl\/15113\/4\/Reka%20Boga.mp3\"><\/audio><\/figure>\n\n\n<p>Czas trwania: 5\u201901\u201d<\/p>\n<h5 style=\"text-align: center;\">Przymioty Boga<\/h5>\n\n\n<figure class=\"wp-block-audio\"><audio controls src=\"https:\/\/pbc.uw.edu.pl\/15113\/5\/Przymioty%20Boga.mp3\"><\/audio><\/figure>\n\n\n<p>Czas trwania: 4\u201925\u201d<\/p>\n<h5 style=\"text-align: center;\">Opatrzno\u015b\u0107<\/h5>\n\n\n<figure class=\"wp-block-audio\"><audio controls src=\"https:\/\/pbc.uw.edu.pl\/15113\/6\/Opatrznosc.mp3\"><\/audio><\/figure>\n\n\n<p>Czas trwania: 4\u201922\u201d<\/p>\n<h5 style=\"text-align: center;\">Naj\u015bwi\u0119tsze Imi\u0119<\/h5>\n\n\n<figure class=\"wp-block-audio\"><audio controls src=\"https:\/\/pbc.uw.edu.pl\/15114\/1\/Imie.mp3\"><\/audio><\/figure>\n\n\n<p>Czas trwania: 4\u201935\u201d<\/p>\n<h5 style=\"text-align: center;\">Ja i Ojciec jedno jeste\u015bmy<\/h5>\n\n\n<figure class=\"wp-block-audio\"><audio controls src=\"https:\/\/pbc.uw.edu.pl\/15114\/2\/Ja%20i%20Ojciec.mp3\"><\/audio><\/figure>\n\n\n<p>Czas trwania: 4\u201937\u201d<\/p>\n<h5 style=\"text-align: center;\">W\u0142adca Wszech\u015bwiata<\/h5>\n\n\n<figure class=\"wp-block-audio\"><audio controls src=\"https:\/\/pbc.uw.edu.pl\/15114\/3\/Wladca%20Wszechswiata.mp3\"><\/audio><\/figure>\n\n\n<p>Czas trwania: 4\u201926\u201d<\/p>\n<h5 style=\"text-align: center;\">Boski architekt<\/h5>\n\n\n<figure class=\"wp-block-audio\"><audio controls src=\"https:\/\/pbc.uw.edu.pl\/15114\/4\/Boski%20architekt.mp3\"><\/audio><\/figure>\n\n\n<p>Czas trwania: 4\u201948\u201d<\/p>\n<h5 style=\"text-align: center;\">Pismo g\u0142osi<\/h5>\n\n\n<figure class=\"wp-block-audio\"><audio controls src=\"https:\/\/pbc.uw.edu.pl\/15114\/5\/Pismo%20g%C5%82osi.mp3\"><\/audio><\/figure>\n\n\n<p>Czas trwania: 4\u201904\u201d<\/p>\n<h5 style=\"text-align: center;\">Pierwszy z Trzech<\/h5>\n\n\n<figure class=\"wp-block-audio\"><audio controls src=\"https:\/\/pbc.uw.edu.pl\/15114\/6\/Pierwszy%20z%20Trzech.mp3\"><\/audio><\/figure>\n\n\n<p>Czas trwania: 3\u201958\u201d<\/p>\n<h5 style=\"text-align: center;\">S\u0119dzia<\/h5>\n\n\n<figure class=\"wp-block-audio\"><audio controls src=\"https:\/\/pbc.uw.edu.pl\/15115\/1\/Sedzia.mp3\"><\/audio><\/figure>\n\n\n<p>Czas trwania: 3\u201943\u201d<\/p>\n<h5 style=\"text-align: center;\">Zwiastowanie<\/h5>\n\n\n<figure class=\"wp-block-audio\"><audio controls src=\"https:\/\/pbc.uw.edu.pl\/15115\/3\/Zwiastowanie.mp3\"><\/audio><\/figure>\n\n\n<p>Czas trwania: 3\u201936\u201d<\/p>\n<h5 style=\"text-align: center;\">Narodzenie<\/h5>\n\n\n<figure class=\"wp-block-audio\"><audio controls src=\"https:\/\/pbc.uw.edu.pl\/15115\/4\/Narodzenie.mp3\"><\/audio><\/figure>\n\n\n<p>Czas trwania: 3\u201947\u201d<\/p>\n<h5 style=\"text-align: center;\">Chrzest<\/h5>\n\n\n<figure class=\"wp-block-audio\"><audio controls src=\"https:\/\/pbc.uw.edu.pl\/15115\/5\/Chrzest.mp3\"><\/audio><\/figure>\n\n\n<p>Czas trwania: 3\u201946\u201d<\/p>\n<h5 style=\"text-align: center;\">Przemienienie<\/h5>\n\n\n<figure class=\"wp-block-audio\"><audio controls src=\"https:\/\/pbc.uw.edu.pl\/15115\/6\/Przemienienie.mp3\"><\/audio><\/figure>\n\n\n<p>Czas trwania: 4\u201915\u201d<\/p>\n<h5 style=\"text-align: center;\">Ziarnko gorczycy<\/h5>\n\n\n<figure class=\"wp-block-audio\"><audio controls src=\"https:\/\/pbc.uw.edu.pl\/15116\/1\/Ziarnko%20gorczycy.mp3\"><\/audio><\/figure>\n\n\n<p>Czas trwania: 3\u201952\u201d<\/p>\n<h5 style=\"text-align: center;\">Passio Patris<\/h5>\n\n\n<figure class=\"wp-block-audio\"><audio controls src=\"https:\/\/pbc.uw.edu.pl\/15116\/2\/Passio%20Patris.mp3\"><\/audio><\/figure>\n\n\n<p>Czas trwania: 3\u201950\u201d<\/p>\n<h5 style=\"text-align: center;\">Niewierny Tomasz<\/h5>\n\n\n<figure class=\"wp-block-audio\"><audio controls src=\"https:\/\/pbc.uw.edu.pl\/15116\/3\/Niewierny%20Tomasz.mp3\"><\/audio><\/figure>\n\n\n<p>Czas trwania: 3\u201940\u201d<\/p>\n<h5 style=\"text-align: center;\">Ikona Boga Ojca<\/h5>\n<p><!--EndFragment--><\/p>\n<p><!--EndFragment--><\/p>\n<p><!--EndFragment--><\/p>\n\n\n<figure class=\"wp-block-audio\"><audio controls src=\"https:\/\/pbc.uw.edu.pl\/15116\/4\/Ikona%20Boga%20Ojca.mp3\"><\/audio><\/figure>\n\n\n<p>Czas trwania: 3\u201958\u201d<\/p>\n<h5 style=\"text-align: center;\">Ikona ojcostwa<\/h5>\n\n\n<figure class=\"wp-block-audio\"><audio controls src=\"https:\/\/pbc.uw.edu.pl\/15116\/5\/Ikona%20ojcostwa.mp3\"><\/audio><\/figure>\n\n\n<p>Czas trwania: 3\u201953\u201d<\/p>\n<h5 style=\"text-align: center;\">Rozmno\u017cenie chleba<\/h5>\n\n\n<figure class=\"wp-block-audio\"><audio controls src=\"https:\/\/pbc.uw.edu.pl\/15117\/1\/Rozmnozenie.mp3\"><\/audio><\/figure>\n\n\n<p>Czas trwania: 3\u201950\u201d<\/p>\n<h5 style=\"text-align: center;\">Ojcze, w Twe r\u0119ce<\/h5>\n\n\n<figure class=\"wp-block-audio\"><audio controls src=\"https:\/\/pbc.uw.edu.pl\/15117\/2\/W%20rekach%20Boga.mp3\"><\/audio><\/figure>\n\n\n<p>Czas trwania: 3\u201956\u201d<\/p>\n<h5 style=\"text-align: center;\">Wniebowzi\u0119cie<\/h5>\n\n\n<figure class=\"wp-block-audio\"><audio controls src=\"https:\/\/pbc.uw.edu.pl\/15117\/3\/Wniebowziecie.mp3\"><\/audio><\/figure>\n\n\n<p>Czas trwania: 3\u201941\u201d<\/p>\n<h5 style=\"text-align: center;\">Ojciec \u015bwi\u0119tych<\/h5>\n\n\n<figure class=\"wp-block-audio\"><audio controls src=\"https:\/\/pbc.uw.edu.pl\/15117\/4\/Ojciec%20swietych.mp3\"><\/audio><\/figure>\n\n\n<p>Czas trwania: 3\u201952\u201d<\/p>\n<h5 style=\"text-align: center;\">Kr\u00f3lestwo Bo\u017ce<\/h5>\n\n\n<figure class=\"wp-block-audio\"><audio controls src=\"https:\/\/pbc.uw.edu.pl\/15117\/5\/Kr%C3%B3lestwo%20Boze.mp3\"><\/audio><\/figure>\n\n\n<p>Czas trwania: 3\u201957\u201d<\/p>\n","protected":false},"excerpt":{"rendered":"<div class=\"mh-excerpt\"> <a class=\"mh-excerpt-more\" href=\"https:\/\/muzeumpolonii.uw.edu.pl\/?page_id=3392\" title=\"Izabela Jurasz\">[&#8230;]<\/a><\/div>\n","protected":false},"author":1,"featured_media":0,"parent":0,"menu_order":0,"comment_status":"closed","ping_status":"closed","template":"","meta":{"footnotes":""},"class_list":["post-3392","page","type-page","status-publish"],"_links":{"self":[{"href":"https:\/\/muzeumpolonii.uw.edu.pl\/index.php?rest_route=\/wp\/v2\/pages\/3392","targetHints":{"allow":["GET"]}}],"collection":[{"href":"https:\/\/muzeumpolonii.uw.edu.pl\/index.php?rest_route=\/wp\/v2\/pages"}],"about":[{"href":"https:\/\/muzeumpolonii.uw.edu.pl\/index.php?rest_route=\/wp\/v2\/types\/page"}],"author":[{"embeddable":true,"href":"https:\/\/muzeumpolonii.uw.edu.pl\/index.php?rest_route=\/wp\/v2\/users\/1"}],"replies":[{"embeddable":true,"href":"https:\/\/muzeumpolonii.uw.edu.pl\/index.php?rest_route=%2Fwp%2Fv2%2Fcomments&post=3392"}],"version-history":[{"count":25,"href":"https:\/\/muzeumpolonii.uw.edu.pl\/index.php?rest_route=\/wp\/v2\/pages\/3392\/revisions"}],"predecessor-version":[{"id":4709,"href":"https:\/\/muzeumpolonii.uw.edu.pl\/index.php?rest_route=\/wp\/v2\/pages\/3392\/revisions\/4709"}],"wp:attachment":[{"href":"https:\/\/muzeumpolonii.uw.edu.pl\/index.php?rest_route=%2Fwp%2Fv2%2Fmedia&parent=3392"}],"curies":[{"name":"wp","href":"https:\/\/api.w.org\/{rel}","templated":true}]}}