{"id":3233,"date":"2021-01-27T07:43:58","date_gmt":"2021-01-27T06:43:58","guid":{"rendered":"https:\/\/muzeumpolonii.uw.edu.pl\/?page_id=3233"},"modified":"2025-03-30T08:43:13","modified_gmt":"2025-03-30T06:43:13","slug":"czechy","status":"publish","type":"page","link":"https:\/\/muzeumpolonii.uw.edu.pl\/?page_id=3233","title":{"rendered":"Czechy"},"content":{"rendered":"\n<hr color=\"red\">\n\n\n<figure id=\"attachment_3234\" aria-describedby=\"caption-attachment-3234\" style=\"width: 255px\" class=\"wp-caption alignleft\"><img loading=\"lazy\" decoding=\"async\" class=\" wp-image-3234\" src=\"https:\/\/muzeumpolonii.uw.edu.pl\/wp-content\/uploads\/2021\/01\/Liceum.jpg\" alt=\"Szko\u0142a Podstawowa w Czeskim Cieszynie\" width=\"255\" height=\"338\" srcset=\"https:\/\/muzeumpolonii.uw.edu.pl\/wp-content\/uploads\/2021\/01\/Liceum.jpg 636w, https:\/\/muzeumpolonii.uw.edu.pl\/wp-content\/uploads\/2021\/01\/Liceum-226x300.jpg 226w\" sizes=\"auto, (max-width: 255px) 100vw, 255px\" \/><figcaption id=\"caption-attachment-3234\" class=\"wp-caption-text\"><center>Szko\u0142a Podstawowa w Czeskim Cieszynie<\/center><\/figcaption><\/figure>\n<p style=\"text-align:justify\">Po I wojnie \u015bwiatowej w granicach Czech znalaz\u0142 si\u0119 \u015al\u0105sk Cieszy\u0144ski zamieszka\u0142y przez ok. 100 tys. Polak\u00f3w. Przejawiali oni du\u017c\u0105 aktywno\u015b\u0107 w \u017cyciu spo\u0142eczno-politycznym i kulturalnym. W 1921 powsta\u0142o Towarzystwo Nauczycieli Polskich, w 1935 \u2014 Rada Naczelna Polak\u00f3w, w 1938 \u2014 Zwi\u0105zek Polak\u00f3w ; dzia\u0142a\u0142a Macierz Szkolna, m\u0142odzie\u017c zapisywa\u0142a si\u0119 do ZHP i Zwi\u0105zku M\u0142odzie\u017cy Polskiej \u201eJedno\u015b\u0107\u201d. Wychodzi\u0142a polska prasa: \u201eDziennik Polski\u201d, \u201eG\u0142os Robotniczy i W\u0142o\u015bcia\u0144ski\u201d. W czasie II wojny \u015bwiatowej ludno\u015b\u0107 polska na \u015al\u0105sku Cieszy\u0144skim ponios\u0142a znaczne straty. W 1947, po podpisaniu umowy o wsp\u00f3\u0142pracy mi\u0119dzy Polsk\u0105 a Czechos\u0142owacj\u0105, powsta\u0142 Polski Zwi\u0105zek Kulturalno-O\u015bwiatowy (PZKO) oraz Stowarzyszenie M\u0142odzie\u017cy Polskiej, dzia\u0142alno\u015b\u0107 wznowi\u0142y polskie szko\u0142y i teatr. W 1952 polskie organizacje m\u0142odzie\u017cowe zlikwidowano, pozosta\u0142 tylko podporz\u0105dkowany w\u0142adzom komunistycznym PZKO. Po roku 1990 wznowi\u0142y dzia\u0142alno\u015b\u0107 organizacje mi\u0119dzywojenne: Harcerstwo Polskie, Stowarzyszenie M\u0142odzie\u017cy Polskie, Towarzystwo Nauczycieli Polskich, Macierz Szkolna (1991); powsta\u0142a Rada Polak\u00f3w. Wychodzi\u0142a prasa: \u201eG\u0142os Ludu\u201d, \u201eZwrot\u201d, \u201eOgniwo\u201d, \u201eJutrzenka\u201d, \u201ePrzyjaciel Ludu\u201d, w biblioteki publiczne zacz\u0119\u0142y kupowa\u0107 polskie ksi\u0105\u017cki, dzia\u0142a\u0142o szkolnictwo z polskim j\u0119zykiem wyk\u0142adowym.<\/p>\n\n\n<a href=\"http:\/\/pbc.uw.edu.pl\/view\/divisions\/Glos=5FL.html\" target=\"_blank\" ><img decoding=\"async\"  src=\"https:\/\/muzeumpolonii.uw.edu.pl\/wp-content\/uploads\/GlosLud-1.jpg\" alt=\"G\u0142os Ludu\"  \/><\/a>\n\n<a href=\"http:\/\/www.pbc.uw.edu.pl\/view\/divisions\/Glos.html\" target=\"_blank\" ><img decoding=\"async\" src=\"https:\/\/muzeumpolonii.uw.edu.pl\/wp-content\/uploads\/Glo-1.jpg\" alt=\"G\u0142os\"  \/><\/a>\n\n<a href=\"http:\/\/pbc.uw.edu.pl\/view\/divisions\/Wiadomosci=5FKlubu.html\" target=\"_blank\" ><img decoding=\"async\"  src=\"https:\/\/muzeumpolonii.uw.edu.pl\/wp-content\/uploads\/Wiadomosci-1.jpg\" alt=\"Wiadomo\u015bci\"  \/><\/a>\n\n<a href=\"http:\/\/www.pbc.uw.edu.pl\/view\/divisions\/Zwrot.html\" target=\"_blank\" ><img decoding=\"async\" src=\"https:\/\/muzeumpolonii.uw.edu.pl\/wp-content\/uploads\/Zwrot-1.jpg\" alt=\"Zwrot\"  \/><\/a>\n\n<\/br><\/br>\n","protected":false},"excerpt":{"rendered":"<div class=\"mh-excerpt\"> <a class=\"mh-excerpt-more\" href=\"https:\/\/muzeumpolonii.uw.edu.pl\/?page_id=3233\" title=\"Czechy\">[&#8230;]<\/a><\/div>\n","protected":false},"author":1,"featured_media":0,"parent":0,"menu_order":0,"comment_status":"closed","ping_status":"closed","template":"","meta":{"footnotes":""},"class_list":["post-3233","page","type-page","status-publish"],"_links":{"self":[{"href":"https:\/\/muzeumpolonii.uw.edu.pl\/index.php?rest_route=\/wp\/v2\/pages\/3233","targetHints":{"allow":["GET"]}}],"collection":[{"href":"https:\/\/muzeumpolonii.uw.edu.pl\/index.php?rest_route=\/wp\/v2\/pages"}],"about":[{"href":"https:\/\/muzeumpolonii.uw.edu.pl\/index.php?rest_route=\/wp\/v2\/types\/page"}],"author":[{"embeddable":true,"href":"https:\/\/muzeumpolonii.uw.edu.pl\/index.php?rest_route=\/wp\/v2\/users\/1"}],"replies":[{"embeddable":true,"href":"https:\/\/muzeumpolonii.uw.edu.pl\/index.php?rest_route=%2Fwp%2Fv2%2Fcomments&post=3233"}],"version-history":[{"count":32,"href":"https:\/\/muzeumpolonii.uw.edu.pl\/index.php?rest_route=\/wp\/v2\/pages\/3233\/revisions"}],"predecessor-version":[{"id":5672,"href":"https:\/\/muzeumpolonii.uw.edu.pl\/index.php?rest_route=\/wp\/v2\/pages\/3233\/revisions\/5672"}],"wp:attachment":[{"href":"https:\/\/muzeumpolonii.uw.edu.pl\/index.php?rest_route=%2Fwp%2Fv2%2Fmedia&parent=3233"}],"curies":[{"name":"wp","href":"https:\/\/api.w.org\/{rel}","templated":true}]}}