{"id":2843,"date":"2020-11-24T21:16:23","date_gmt":"2020-11-24T20:16:23","guid":{"rendered":"https:\/\/muzeumpolonii.uw.edu.pl\/?page_id=2843"},"modified":"2024-02-15T10:06:15","modified_gmt":"2024-02-15T09:06:15","slug":"o-chrzescijanstwie-w-egipcie","status":"publish","type":"page","link":"https:\/\/muzeumpolonii.uw.edu.pl\/?page_id=2843","title":{"rendered":"O chrze\u015bcija\u0144stwie w Egipcie"},"content":{"rendered":"\n<hr color=\"red\">\n\n\n\n<p><a href=\"?page_id=2794\">Rafa\u0142 Zarzeczny<\/a>, SJ<\/p>\n\n\n\n<p><em>O pocz\u0105tkach chrze\u015bcija\u0144stwa w Egipcie <\/em><\/p>\n\n\n\n<p>Data emisji: 25.01.2008<br>Czas trwania: 5\u201959\u201d <\/p>\n\n\n\n<figure class=\"wp-block-audio\"><audio controls src=\"https:\/\/pbc.uw.edu.pl\/13910\/1\/Poczatki.mp3\"><\/audio><\/figure>\n\n\n\n<p><em>W stron\u0119 pustyni<\/em><\/p>\n\n\n\n<p> Data emisji: 08.02.2008<br>Czas trwania: 7\u201937\u201d <\/p>\n\n\n\n<figure class=\"wp-block-audio\"><audio controls src=\"https:\/\/pbc.uw.edu.pl\/13910\/2\/Pustynia.mp3\"><\/audio><\/figure>\n\n\n\n<p><em>Razem czy osobno<\/em><\/p>\n\n\n\n<p>Data emisji: 15.02.2008<br>Czas trwania: 7\u201942\u201d  <\/p>\n\n\n\n<figure class=\"wp-block-audio\"><audio controls src=\"https:\/\/pbc.uw.edu.pl\/13910\/3\/Osobno.mp3\"><\/audio><\/figure>\n\n\n\n<p><em>Abba, powiedz s\u0142owo<\/em><\/p>\n\n\n\n<p>Data emisji: 22.02.2008<br>Czas trwania: 7\u201912\u201d  <\/p>\n\n\n\n<figure class=\"wp-block-audio\"><audio controls src=\"https:\/\/pbc.uw.edu.pl\/13910\/4\/Abba.mp3\"><\/audio><\/figure>\n\n\n\n<p><em>O kulcie Matki Bo\u017cej w staro\u017cytnym Egipcie<\/em><\/p>\n\n\n\n<p>Data emisji: 15.08.2010<br>Czas trwania: 8\u201926\u201d <\/p>\n\n\n\n<figure class=\"wp-block-audio\"><audio controls src=\"https:\/\/pbc.uw.edu.pl\/13910\/5\/Kult%20Maryi.mp3\"><\/audio><\/figure>\n\n\n\n<p><em>Historia mnich\u00f3w z Asuanu<\/em><\/p>\n\n\n\n<p>Data emisji: 26.09.2010<br>Czas trwania: 8\u201954\u201d  <\/p>\n\n\n\n<figure class=\"wp-block-audio\"><audio controls src=\"https:\/\/pbc.uw.edu.pl\/13910\/6\/Mnisi%20z%20Asuanu.mp3\"><\/audio><\/figure>\n\n\n\n<p><em>O przemianach \u015bwiata chrze\u015bcija\u0144skiego u schy\u0142ku staro\u017cytno\u015bci<\/em><\/p>\n\n\n\n<p>Data emisji: 09.01.2011<br>Czas trwania: 7\u201947\u201d <\/p>\n\n\n\n<figure class=\"wp-block-audio\"><audio controls src=\"https:\/\/pbc.uw.edu.pl\/13911\/1\/Przemiany.mp3\"><\/audio><\/figure>\n\n\n\n<p><em>O kr\u00f3tkiej historii podzia\u0142\u00f3w w \u015bwiecie chrze\u015bcija\u0144skim<\/em><\/p>\n\n\n\n<p>Data emisji: 16.01.2011<br>Czas trwania: 8\u201914\u201d <\/p>\n\n\n\n<figure class=\"wp-block-audio\"><audio controls src=\"https:\/\/pbc.uw.edu.pl\/13911\/2\/Podzialy.mp3\"><\/audio><\/figure>\n\n\n\n<p><em>O trudnych czasach dla Egiptu na prze\u0142omie VI VI wieku <\/em><\/p>\n\n\n\n<p>Data emisji: 23.01.2011<br>Czas trwania: 9\u201909\u201d <\/p>\n\n\n\n<figure class=\"wp-block-audio\"><audio controls src=\"https:\/\/pbc.uw.edu.pl\/13911\/3\/Trudne%20czasy.mp3\"><\/audio><\/figure>\n\n\n\n<p><em>O Egipcie i cesarstwie pod panowaniem Justyniana<\/em><\/p>\n\n\n\n<p>Data emisji: 06.02.2011<br>Czas trwania: 7\u201955\u201d  <\/p>\n\n\n\n<figure class=\"wp-block-audio\"><audio controls src=\"https:\/\/pbc.uw.edu.pl\/13911\/4\/Panowanie%20Justyniania.mp3\"><\/audio><\/figure>\n\n\n\n<p><em>Najpierw przyszli Persowie<\/em><\/p>\n\n\n\n<p>Data emisji: 13.02.2011<br>Czas trwania: 9\u201935\u201d  <\/p>\n\n\n\n<p><em>A potem pojawili si\u0119 Arabowie<\/em><\/p>\n\n\n\n<p> Data emisji: 20.02.2011<br>Czas trwania: 10\u201954\u201d <\/p>\n\n\n\n<figure class=\"wp-block-audio\"><audio controls src=\"https:\/\/pbc.uw.edu.pl\/13911\/6\/Arabowie.mp3\"><\/audio><\/figure>\n\n\n\n<p><\/p>\n","protected":false},"excerpt":{"rendered":"<div class=\"mh-excerpt\"> <a class=\"mh-excerpt-more\" href=\"https:\/\/muzeumpolonii.uw.edu.pl\/?page_id=2843\" title=\"O chrze\u015bcija\u0144stwie w Egipcie\">[&#8230;]<\/a><\/div>\n","protected":false},"author":1,"featured_media":0,"parent":0,"menu_order":0,"comment_status":"closed","ping_status":"closed","template":"","meta":{"footnotes":""},"class_list":["post-2843","page","type-page","status-publish"],"_links":{"self":[{"href":"https:\/\/muzeumpolonii.uw.edu.pl\/index.php?rest_route=\/wp\/v2\/pages\/2843","targetHints":{"allow":["GET"]}}],"collection":[{"href":"https:\/\/muzeumpolonii.uw.edu.pl\/index.php?rest_route=\/wp\/v2\/pages"}],"about":[{"href":"https:\/\/muzeumpolonii.uw.edu.pl\/index.php?rest_route=\/wp\/v2\/types\/page"}],"author":[{"embeddable":true,"href":"https:\/\/muzeumpolonii.uw.edu.pl\/index.php?rest_route=\/wp\/v2\/users\/1"}],"replies":[{"embeddable":true,"href":"https:\/\/muzeumpolonii.uw.edu.pl\/index.php?rest_route=%2Fwp%2Fv2%2Fcomments&post=2843"}],"version-history":[{"count":6,"href":"https:\/\/muzeumpolonii.uw.edu.pl\/index.php?rest_route=\/wp\/v2\/pages\/2843\/revisions"}],"predecessor-version":[{"id":4681,"href":"https:\/\/muzeumpolonii.uw.edu.pl\/index.php?rest_route=\/wp\/v2\/pages\/2843\/revisions\/4681"}],"wp:attachment":[{"href":"https:\/\/muzeumpolonii.uw.edu.pl\/index.php?rest_route=%2Fwp%2Fv2%2Fmedia&parent=2843"}],"curies":[{"name":"wp","href":"https:\/\/api.w.org\/{rel}","templated":true}]}}