{"id":2550,"date":"2020-10-18T09:06:30","date_gmt":"2020-10-18T07:06:30","guid":{"rendered":"https:\/\/muzeumpolonii.uw.edu.pl\/?page_id=2550"},"modified":"2024-02-15T07:24:19","modified_gmt":"2024-02-15T06:24:19","slug":"kino-wehikul-ludzkich-tesknot","status":"publish","type":"page","link":"https:\/\/muzeumpolonii.uw.edu.pl\/?page_id=2550","title":{"rendered":"Kino &#8211; wehiku\u0142 ludzkich t\u0119sknot"},"content":{"rendered":"\n<hr color=\"red\">\n\n\n\n<p> Zrealizowa\u0142 o. <a href=\"?page_id=2514\">Andrzej Danilewicz<\/a> we wsp\u00f3\u0142pracy z Janem Pniewskim<\/p>\n\n<figure class=\"wp-block-audio\"><audio controls src=\"https:\/\/pbc.uw.edu.pl\/13822\/1\/Danilewicz_Wprowadzenie_Pasja.mp3\"><\/audio><\/figure>\n\n\n\n<p>Wprowadzenie &#8211; <em>Pasja<\/em>, re\u017c.: Mel Gibson<\/p>\n\n\n\n<p>Data emisji: 14.11.2004<br>Czas trwania: 10\u201900\u201d<\/p>\n\n\n\n<figure class=\"wp-block-audio\"><audio controls src=\"https:\/\/pbc.uw.edu.pl\/13822\/2\/Danilewicz_Bracia_Lumiere.mp3\"><\/audio><\/figure>\n\n\n\n<p><em>Bracia Lumi\u00e8re<\/em><\/p>\n\n\n\n<p>Data emisji: 28.11.2004<br>Czas trwania: 10\u201945\u201d<\/p>\n\n\n\n<figure class=\"wp-block-audio\"><audio controls src=\"https:\/\/pbc.uw.edu.pl\/13822\/3\/Danilewicz_Burleska.mp3\"><\/audio><\/figure>\n\n\n\n<p><em>Burleska<\/em><\/p>\n\n\n\n<p>Data emisji: 05.12.2004<br>Czas trwania: 9\u201911\u201d<\/p>\n\n\n\n<figure class=\"wp-block-audio\"><audio controls src=\"https:\/\/pbc.uw.edu.pl\/13822\/4\/Danilewicz_Ekspresjonizm.mp3\"><\/audio><\/figure>\n\n\n\n<p><em>Ekspresjonizm niemiecki<\/em><\/p>\n\n\n\n<p>Data emisji: 12.12.2004<br>Czas trwania: 8\u201929\u201d<\/p>\n\n\n\n<figure class=\"wp-block-audio\"><audio controls src=\"https:\/\/pbc.uw.edu.pl\/13822\/5\/Danilewicz_Pancernik_Potiomkin.mp3\"><\/audio><\/figure>\n\n\n\n<p><em>Pancernik Potiomkin<\/em>, re\u017c.:  Siergiej Eisenstein<\/p>\n\n\n\n<p>Data emisji: 19.12.2004<br>Czas trwania: 9\u201926\u201d<\/p>\n\n\n\n<figure class=\"wp-block-audio\"><audio controls src=\"https:\/\/pbc.uw.edu.pl\/13822\/6\/Danilewicz_Bo%C5%BCe_Narodzenie.mp3\"><\/audio><\/figure>\n\n\n\n<p><em>Bo\u017ce Narodzenie w kinie<\/em><\/p>\n\n\n\n<p>Data emisji: 26.12.2004<br>Czas trwania: 10\u201949\u201d<\/p>\n\n\n\n<figure class=\"wp-block-audio\"><audio controls src=\"https:\/\/pbc.uw.edu.pl\/13822\/7\/Danilewicz_Dar_czasu.mp3\"><\/audio><\/figure>\n\n\n\n<p><em>Dar czasu<\/em><\/p>\n\n\n\n<p>Data emisji: 02.01.2005<br>Czas trwania: 10\u201906\u201d<\/p>\n\n\n\n<figure class=\"wp-block-audio\"><audio controls src=\"https:\/\/pbc.uw.edu.pl\/13822\/8\/Danilewicz_Pierwsze_dzwieki.mp3\"><\/audio><\/figure>\n\n\n\n<p><em>Pierwsze d\u017awi\u0119ki<\/em><\/p>\n\n\n\n<p>Data emisji: 09.01.2005<br>Czas trwania: 10\u201914\u201d<\/p>\n\n\n\n<figure class=\"wp-block-audio\"><audio controls src=\"https:\/\/pbc.uw.edu.pl\/13823\/1\/Danilewicz_Wolnosc.mp3\"><\/audio><\/figure>\n\n\n\n<p><em>Niech \u017cyje wolno\u015b\u0107<\/em>, re\u017c.: Ren\u00e9 Clair<\/p>\n\n\n\n<p>Data emisji: 16.01.2005<br>Czas trwania: 9\u201955\u201d<\/p>\n\n\n\n<figure class=\"wp-block-audio\"><audio controls src=\"https:\/\/pbc.uw.edu.pl\/13823\/2\/Danilewicz_Kino_gansterskie.mp3\"><\/audio><\/figure>\n\n\n\n<p><em>Kino gansterskie<\/em><\/p>\n\n\n\n<p>Data emisji: 23.01.2005<br>Czas trwania: 10\u201903\u201d<\/p>\n\n\n\n<figure class=\"wp-block-audio\"><audio controls src=\"https:\/\/pbc.uw.edu.pl\/13823\/3\/Danilewicz_Przeminelo_z_wiatrem.mp3\"><\/audio><\/figure>\n\n\n\n<p><em>Przemin\u0119\u0142o z wiatrem<\/em>, re\u017c.: George Cukor<\/p>\n\n\n\n<p>Data emisji: 30.01.2005<br>Czas trwania: 10\u201955\u201d<\/p>\n\n\n\n<figure class=\"wp-block-audio\"><audio controls src=\"https:\/\/pbc.uw.edu.pl\/13823\/4\/Danilewicz_Obywatel_Kane.mp3\"><\/audio><\/figure>\n\n\n\n<p><em>Obywatel Kane<\/em>, re\u017c.: Orson Welles<\/p>\n\n\n\n<p>Data emisji: 06.02.2005<br>Czas trwania: 11\u201921\u201d<\/p>\n\n\n\n<figure class=\"wp-block-audio\"><audio controls src=\"https:\/\/pbc.uw.edu.pl\/13823\/5\/Danilewicz_Grona%20gniewu.mp3\"><\/audio><\/figure>\n\n\n\n<p><em>Grona gniewu<\/em>, re\u017c.: John Ford<\/p>\n\n\n\n<p>Data emisji: 13.02.2005<br>Czas trwania: 10\u201951\u201d<\/p>\n\n\n\n<figure class=\"wp-block-audio\"><audio controls src=\"https:\/\/pbc.uw.edu.pl\/13823\/6\/Danilewicz_Sokol_maltanski.mp3\"><\/audio><\/figure>\n\n\n\n<p><em>Sok\u00f3\u0142 malta\u0144ski<\/em>, re\u017c.: John Huston<\/p>\n\n\n\n<p>Data emisji: 20.02.05<br>Czas trwania: 10\u201928\u201d<\/p>\n\n\n\n<figure class=\"wp-block-audio\"><audio controls src=\"https:\/\/pbc.uw.edu.pl\/13823\/7\/Danilewicz_Casablanca.mp3\"><\/audio><\/figure>\n\n\n\n<p><em>Casablanca<\/em>, re\u017c.: Michael Curtiz<\/p>\n\n\n\n<p>Data emisji: 27.02.05<br>Czas trwania: 10\u201934\u201d<\/p>\n\n\n\n<figure class=\"wp-block-audio\"><audio controls src=\"https:\/\/pbc.uw.edu.pl\/13824\/1\/Danilewicz_Frank%20Capra_odc_1.mp3\"><\/audio><\/figure>\n\n\n\n<p><em>Frank Capra<\/em><\/p>\n\n\n\n<p>Data emisji: 06.03.2005<br>Czas trwania: 9\u201941\u201d<\/p>\n\n\n\n<figure class=\"wp-block-audio\"><audio controls src=\"https:\/\/pbc.uw.edu.pl\/13824\/2\/Danilewicz_Neorealizm_wloski_odc_2.mp3\"><\/audio><\/figure>\n\n\n\n<p><em>Neorealizm w\u0142oski<\/em><\/p>\n\n\n\n<p>Data emisji: 13.03.2005<br>Czas trwania: 10\u201956\u201d<\/p>\n\n\n\n<figure class=\"wp-block-audio\"><audio controls src=\"https:\/\/pbc.uw.edu.pl\/13824\/3\/Danilewicz_Umberto_D_odc_3.mp3\"><\/audio><\/figure>\n\n\n\n<p><em>Umberto D<\/em>., re\u017c.:  Vittorio De Sica<\/p>\n\n\n\n<p>Data emisji: 20.03.2005<br>Czas trwania: 9\u201932\u201d<\/p>\n\n\n\n<figure class=\"wp-block-audio\"><audio controls src=\"https:\/\/pbc.uw.edu.pl\/13824\/4\/Danilewicz_Cz%C5%82owiek_bez_przeszlosci_odc_4.mp3\"><\/audio><\/figure>\n\n\n\n<p><em>Cz\u0142owiek bez przesz\u0142o\u015bci<\/em>, re\u017c.:  Aki Kaurism\u00e4ki<\/p>\n\n\n\n<p>Data emisji: 27.03.2005<br>Czas trwania: 9\u201936\u201d<\/p>\n\n\n\n<figure class=\"wp-block-audio\"><audio controls src=\"https:\/\/pbc.uw.edu.pl\/13824\/5\/Danilewicz_Na_nadbrzezach_odc_5.mp3\"><\/audio><\/figure>\n\n\n\n<p><em>Na nadbrze\u017cach<\/em>, re\u017c.: Elia Kazan<\/p>\n\n\n\n<p>Data emisji: 01.05.2005<br>Czas trwania: 10\u201935\u201d<\/p>\n\n\n\n<figure class=\"wp-block-audio\"><audio controls src=\"https:\/\/pbc.uw.edu.pl\/13824\/7\/Danilewicz_Niepotrzebni_odc_6.mp3\"><\/audio><\/figure>\n\n\n\n<p><em>Niepotrzebni mog\u0105 odej\u015b\u0107<\/em>, re\u017c.: Carol Reed<\/p>\n\n\n\n<p>Data emisji: 08.05.2005<br>Czas trwania: 10\u201915\u201d<\/p>\n\n\n\n<figure class=\"wp-block-audio\"><audio controls src=\"https:\/\/pbc.uw.edu.pl\/13824\/8\/Danilewicz_Cena_strachu_odc_7.mp3\"><\/audio><\/figure>\n\n\n\n<p><em>Cena strachu<\/em>, re\u017c.: Henri-Georges Clouzot<\/p>\n\n\n\n<p>Data emisji: 15.05.2005<br>Czas trwania: 9\u201928\u201d<\/p>\n\n\n\n<figure class=\"wp-block-audio\"><audio controls src=\"https:\/\/pbc.uw.edu.pl\/13825\/1\/Danilewicz_Bulwar_zachodzacego_slonca_odc_1.mp3\"><\/audio><\/figure>\n\n\n\n<p><em>Bulwar zachodz\u0105cego s\u0142o\u0144ca<\/em>, re\u017c.: Billy Wilder<\/p>\n\n\n\n<p>Data emisji: 22.05.2005<br>Czas trwania: 10\u201905\u201d<\/p>\n\n\n\n<figure class=\"wp-block-audio\"><audio controls src=\"https:\/\/pbc.uw.edu.pl\/13825\/2\/Danilewicz_Rashomon_odc_2.mp3\"><\/audio><\/figure>\n\n\n\n<p><em>Rashomon<\/em>, re\u017c.: Akira Kurosawa<\/p>\n\n\n\n<p> Data emisji: 29.05.2005<br>Czas trwania: 10\u201949\u201d <\/p>\n\n\n\n<figure class=\"wp-block-audio\"><audio controls src=\"https:\/\/pbc.uw.edu.pl\/13825\/3\/Danilewicz_Afrykanska_krolowa_odc_3.mp3\"><\/audio><\/figure>\n\n\n\n<p><em>Afryka\u0144ska kr\u00f3lowa<\/em>, re\u017c.: John Huston<\/p>\n\n\n\n<p>Data emisji: 05.06.2005<br>Czas trwania: 9\u201941\u201d<\/p>\n\n\n\n<figure class=\"wp-block-audio\"><audio controls src=\"https:\/\/pbc.uw.edu.pl\/13825\/4\/Danilewicz_W_samo_poludnie_odc_4.mp3\"><\/audio><\/figure>\n\n\n\n<p><em>W samo po\u0142udnie<\/em>, re\u017c.: Fred Zinnemann<\/p>\n\n\n\n<p>Data emisji: 12.06.2005<br>Czas trwania: 10\u201931\u201d<\/p>\n\n\n\n<figure class=\"wp-block-audio\"><audio controls src=\"https:\/\/pbc.uw.edu.pl\/13825\/5\/Danilewicz_La_strada_odc_5.mp3\"><\/audio><\/figure>\n\n\n\n<p><em>La strada<\/em>, re\u017c.: Federico Fellini<\/p>\n\n\n\n<p>Data emisji: 26.06.2005<br>Czas trwania: 9\u201950\u201d<\/p>\n\n\n\n<figure class=\"wp-block-audio\"><audio controls src=\"https:\/\/pbc.uw.edu.pl\/13825\/6\/Danilewicz_Wieczor_kuglarzy_odc_6.mp3\"><\/audio><\/figure>\n\n\n\n<p><em>Wiecz\u00f3r kuglarzy<\/em>, re\u017c.: Ingmar Bergman<\/p>\n\n\n\n<p>Data emisji: 03.07.2005<br>Czas trwania: 10\u201905\u201d<\/p>\n\n\n\n<figure class=\"wp-block-audio\"><audio controls src=\"https:\/\/pbc.uw.edu.pl\/13825\/7\/Danilewicz_Wyznaje_Hitchcock_odc_7.mp3\"><\/audio><\/figure>\n\n\n\n<p><em>Wyznaj\u0119<\/em>,  re\u017c.: Alfred Hitchcock<\/p>\n\n\n\n<p>Data emisji: 10.07.2005<br>Czas trwania: 9\u201938\u201d<\/p>\n\n\n\n<figure class=\"wp-block-audio\"><audio controls src=\"https:\/\/pbc.uw.edu.pl\/13826\/1\/Danilewicz_Buntownik_bez_powodu_odc_1.mp3\"><\/audio><\/figure>\n\n\n\n<p><em>Buntownik bez powodu<\/em>, re\u017c.: Nicholas Ray<\/p>\n\n\n\n<p>Data emisji: 17.07.2005<br>Czas trwania: 10\u201950\u201d<\/p>\n\n\n\n<figure class=\"wp-block-audio\"><audio controls src=\"https:\/\/pbc.uw.edu.pl\/13826\/2\/Danilewicz_Ucieczka_skazanca_odc_2.mp3\"><\/audio><\/figure>\n\n\n\n<p><em>Ucieczka skaza\u0144ca<\/em>, re\u017c.: Robert Bresson<\/p>\n\n\n\n<p>Data emisji: 07.08.2005<br>Czas trwania: 10\u201904\u201d<\/p>\n\n\n\n<figure class=\"wp-block-audio\"><audio controls src=\"https:\/\/pbc.uw.edu.pl\/13826\/3\/Danilewicz_Siodma_pieczec_odc_3.mp3\"><\/audio><\/figure>\n\n\n\n<p><em>Si\u00f3dma piecz\u0119\u0107<\/em>, re\u017c.: Ingmar Bergman<\/p>\n\n\n\n<p>Data emisji: 28.08.2005<br>Czas trwania: 10\u201909\u201d<\/p>\n\n\n\n<figure class=\"wp-block-audio\"><audio controls src=\"https:\/\/pbc.uw.edu.pl\/13826\/4\/Danilewicz_Leca_zurawie_odc_4.mp3\"><\/audio><\/figure>\n\n\n\n<p><em>Lec\u0105 \u017curawie<\/em>, re\u017c.: Michai\u0142 Ka\u0142atozow<\/p>\n\n\n\n<p>Data emisji: 04.09.2005<br>Czas trwania: 10\u201920\u201d<\/p>\n\n\n\n<figure class=\"wp-block-audio\"><audio controls src=\"https:\/\/pbc.uw.edu.pl\/13826\/5\/Danilewicz_Most_na_rzece_Kwai_odc_5.mp3\"><\/audio><\/figure>\n\n\n\n<p><em>Most na rzece Kwai<\/em>, re\u017c.: David Lean<\/p>\n\n\n\n<p>Data emisji: 11.09.2005<br>Czas trwania: 9\u201959\u201d<\/p>\n\n\n\n<figure class=\"wp-block-audio\"><audio controls src=\"https:\/\/pbc.uw.edu.pl\/13826\/6\/Danilewicz_Sciezki_chwaly_odc_6.mp3\"><\/audio><\/figure>\n\n\n\n<p><em>\u015acie\u017cki chwa\u0142y<\/em>, re\u017c.: Stanley Kubrick<\/p>\n\n\n\n<p>Data emisji: 25.09.2005<br>Czas trwania: 10\u201909\u201d<\/p>\n\n\n\n<figure class=\"wp-block-audio\"><audio controls src=\"https:\/\/pbc.uw.edu.pl\/13826\/7\/Danilewicz_Hiroszima_moja_milosc_odc_7.mp3\"><\/audio><\/figure>\n\n\n\n<p><em>Hiroszima moja mi\u0142o\u015b\u0107<\/em>, re\u017c.: Alain Resnais<\/p>\n\n\n\n<p>Data emisji: 09.10.2005<br>Czas trwania: 10\u201917\u201d<\/p>\n\n\n\n<figure class=\"wp-block-audio\"><audio controls src=\"https:\/\/pbc.uw.edu.pl\/13827\/1\/Danilewicz_Samotnosc_dlugodystansowca.mp3\"><\/audio><\/figure>\n\n\n\n<p><em>Samotno\u015b\u0107 d\u0142ugodystansowca<\/em>, re\u017c.: Tony Richardson<\/p>\n\n\n\n<p>Data emisji: 22.01.2006<br> Czas trwania: 9\u201926\u201d<\/p>\n\n\n\n<figure class=\"wp-block-audio\"><audio controls src=\"https:\/\/pbc.uw.edu.pl\/13827\/2\/Danilewicz_Lawrence_z_Arabii.mp3\"><\/audio><\/figure>\n\n\n\n<p><em>Lawrence z Arabii<\/em>, re\u017c.: David Lean<\/p>\n\n\n\n<p>Data emisji: 05.02.2006<br> Czas trwania: 10\u201908\u201d<\/p>\n\n\n\n<figure class=\"wp-block-audio\"><audio controls src=\"https:\/\/pbc.uw.edu.pl\/13830\/1\/Danilewicz_Najdluzszy_dzien.mp3\"><\/audio><\/figure>\n\n\n\n<p><em>Najd\u0142u\u017cszy dzie\u0144<\/em>, re\u017c.:   Darryl F. Zanuck, Bernhard Wicki,  Gerd Oswald, Ken Annakin, Andrew Marton  <\/p>\n\n\n\n<p>Data emisji: 19.02.2006<br> Czas trwania: 10\u201924\u201d<\/p>\n\n\n\n<figure class=\"wp-block-audio\"><audio controls src=\"https:\/\/pbc.uw.edu.pl\/13830\/2\/Danilewicz_Co_sie_zdarzylo_Baby_Jane.mp3\"><\/audio><\/figure>\n\n\n\n<p><em>Co si\u0119 zdarzy\u0142o Baby Jane<\/em>, re\u017c.: Robert Aldrich<\/p>\n\n\n\n<p>Data emisji: 26.02.2006<br> Czas trwania: 10\u201941\u201d<\/p>\n\n\n\n<figure class=\"wp-block-audio\"><audio controls src=\"https:\/\/pbc.uw.edu.pl\/13830\/3\/Danilewicz_Kleopatra.mp3\"><\/audio><\/figure>\n\n\n\n<p><em>Kleopatra<\/em>, re\u017c.: Darryl F. Zanuck<\/p>\n\n\n\n<p>Data emisji: 05.03.2006<br> Czas trwania: 9\u201938\u201d<\/p>\n\n\n\n<figure class=\"wp-block-audio\"><audio controls src=\"https:\/\/pbc.uw.edu.pl\/13830\/4\/Danilewicz_Lampart.mp3\"><\/audio><\/figure>\n\n\n\n<p><em>Lampart<\/em>, re\u017c.: Luchino Visconti<\/p>\n\n\n\n<p>Data emisji: 12.03.2006<br> Czas trwania: 10\u201917\u201d<\/p>\n\n\n\n<figure class=\"wp-block-audio\"><audio controls src=\"https:\/\/pbc.uw.edu.pl\/13830\/5\/Danilewicz_Wojna_i_pokoj.mp3\"><\/audio><\/figure>\n\n\n\n<p><em>Wojna i pok\u00f3j<\/em>, re\u017c.: Sergey Bondarchuk<\/p>\n\n\n\n<p>Data emisji: 19.03.2006<br> Czas trwania: 9\u201950\u201d<\/p>\n\n\n\n<figure class=\"wp-block-audio\"><audio controls src=\"https:\/\/pbc.uw.edu.pl\/13830\/6\/Danilewicz_Jezus_z_Montrealu.mp3\"><\/audio><\/figure>\n\n\n\n<p><em>Jezus z Montrealu<\/em>, re\u017c.: Denys Arcand<\/p>\n\n\n\n<p>Data emisji: 09.04.2006<br> Czas trwania: 10\u201956\u201d<\/p>\n\n\n\n<figure class=\"wp-block-audio\"><audio controls src=\"https:\/\/pbc.uw.edu.pl\/13831\/1\/Danilewicz_Goscie_Wieczerzy_Panskiej.mp3\"><\/audio><\/figure>\n\n\n\n<p><em>Go\u015bcie Wieczerzy Pa\u0144skiej<\/em>, re\u017c.: Ingmar Bergman<\/p>\n\n\n\n<p>Data emisji: 16.04.2006<br> Czas trwania: 10\u201936\u201d<\/p>\n\n\n\n<figure class=\"wp-block-audio\"><audio controls src=\"https:\/\/pbc.uw.edu.pl\/13831\/2\/Danilewicz_Dziecko_wojny.mp3\"><\/audio><\/figure>\n\n\n\n<p><em>Dziecko wojny<\/em>, re\u017c.: Andriej Tarkowski<\/p>\n\n\n\n<p>Data emisji: 07.05.2006<br> Czas trwania: 9\u201919\u201d<\/p>\n\n\n\n<figure class=\"wp-block-audio\"><audio controls src=\"https:\/\/pbc.uw.edu.pl\/13827\/3\/Danilewicz_Andriej_Rublow.mp3\"><\/audio><\/figure>\n\n\n\n<p><em>Andriej Rublow<\/em>, re\u017c.: Andriej Tarkowski<\/p>\n\n\n\n<p>Data emisji: 14.05.2006<br> Czas trwania: 10\u201956\u201d<\/p>\n\n\n\n<figure class=\"wp-block-audio\"><audio controls src=\"https:\/\/pbc.uw.edu.pl\/13827\/4\/Danilewicz_Grek_Zorba.mp3\"><\/audio><\/figure>\n\n\n\n<p><em>Grek Zorba<\/em>, re\u017c.: Mihalis Kakogiannis<\/p>\n\n\n\n<p>Data emisji: 21.05.2006<br> Czas trwania: 10\u201913\u201d<\/p>\n\n\n\n<figure class=\"wp-block-audio\"><audio controls src=\"https:\/\/pbc.uw.edu.pl\/13831\/3\/Danilewicz_Doktor_Zywago.mp3\"><\/audio><\/figure>\n\n\n\n<p><em>Doktor \u017bywago<\/em>, re\u017c.: David Lean<\/p>\n\n\n\n<p>Data emisji: 11.06.2006<br> Czas trwania: 9\u201953\u201d<\/p>\n\n\n\n<figure class=\"wp-block-audio\"><audio controls src=\"https:\/\/pbc.uw.edu.pl\/13831\/4\/Danilewicz_Alphaville.mp3\"><\/audio><\/figure>\n\n\n\n<p><em>Alphaville<\/em>, re\u017c.: Jean-Luc Godard<\/p>\n\n\n\n<p>Data emisji: 18.06.2006<br> Czas trwania: 9\u201939\u201d<\/p>\n\n\n\n<figure class=\"wp-block-audio\"><audio controls src=\"https:\/\/pbc.uw.edu.pl\/13831\/5\/Danilewicz_Sklep_przy_glownej_ulicy.mp3\"><\/audio><\/figure>\n\n\n\n<p>Sklep przy g\u0142\u00f3wnej ulicy, re\u017c.: J\u00e1n Kad\u00e1r<\/p>\n\n\n\n<p>Data emisji: 25.06.2006<br> Czas trwania: 10\u201903\u201d<\/p>\n\n\n\n<figure class=\"wp-block-audio\"><audio controls src=\"https:\/\/pbc.uw.edu.pl\/13831\/6\/Danilewicz_Oto_jest_glowa_zdrajcy.mp3\"><\/audio><\/figure>\n\n\n\n<p><em>Oto jest g\u0142owa zdrajcy<\/em>, re\u017c.: Fred Zinnemann<\/p>\n\n\n\n<p>Data emisji: 16.07.2006<br> Czas trwania: 10\u201912\u201d<\/p>\n\n\n\n<figure class=\"wp-block-audio\"><audio controls src=\"https:\/\/pbc.uw.edu.pl\/13831\/7\/Danilewicz_Niepokoje_wychowanka_Torlesa.mp3\"><\/audio><\/figure>\n\n\n\n<p><em>Niepokoje wychowanka T\u00f6rlessa<\/em>, re\u017c.: Volker Schl\u00f6ndorff<\/p>\n\n\n\n<p>Data emisji: 23.07.06<br> Czas trwania: 8\u201920\u201d<\/p>\n\n\n\n<figure class=\"wp-block-audio\"><audio controls src=\"https:\/\/pbc.uw.edu.pl\/13832\/1\/Danilewicz_O%20uroczystosciach_i_gosciach.mp3\"><\/audio><\/figure>\n\n\n\n<p>O uroczysto\u015bciach i go\u015bciach, re\u017c.: Jan N\u011bmec<\/p>\n\n\n\n<p>Data emisji: 06.08.2006<br> Czas trwania: 10\u201945\u201d<\/p>\n\n\n\n<figure class=\"wp-block-audio\"><audio controls src=\"https:\/\/pbc.uw.edu.pl\/13827\/5\/Danilewicz_Odyseja_kosmiczna_2001.mp3\"><\/audio><\/figure>\n\n\n\n<p><em>Odyseja kosmiczna 2001<\/em>, re\u017c.: Stanley Kubrick<\/p>\n\n\n\n<p>Data emisji: 27.08.2006<br> Czas trwania: 9\u201911\u201d<\/p>\n\n\n\n<figure class=\"wp-block-audio\"><audio controls src=\"https:\/\/pbc.uw.edu.pl\/13827\/6\/Danilewicz_Zmierzch_bogow.mp3\"><\/audio><\/figure>\n\n\n\n<p><em>Zmierzch bog\u00f3w<\/em>, re\u017c.: Luchino Visconti<\/p>\n\n\n\n<p>Data emisji: 03.09.2006<br> Czas trwania: 10\u201926\u201d<\/p>\n\n\n\n<figure class=\"wp-block-audio\"><audio controls src=\"https:\/\/pbc.uw.edu.pl\/13828\/1\/Danilewicz_5_latwych_utworow.mp3\"><\/audio><\/figure>\n\n\n\n<p><em>Pi\u0119\u0107 \u0142atwych utwor\u00f3w<\/em>, re\u017c.: Bob Rafelson<\/p>\n\n\n\n<p>Data emisji: 17.09.2006<br> Czas trwania: 9\u201942\u201d<\/p>\n\n\n\n<figure class=\"wp-block-audio\"><audio controls src=\"https:\/\/pbc.uw.edu.pl\/13832\/2\/Danilewicz_Z.mp3\"><\/audio><\/figure>\n\n\n\n<p><em>Z<\/em>, re\u017c.: Costa-Gavras<\/p>\n\n\n\n<p>Data emisji: 24.09.2006<br> Czas trwania: 10\u201909\u201d<\/p>\n\n\n\n<figure class=\"wp-block-audio\"><audio controls src=\"https:\/\/pbc.uw.edu.pl\/13832\/3\/Danilewicz_Matnia.mp3\"><\/audio><\/figure>\n\n\n\n<p><em>Matnia<\/em>, re\u017c.: Roman Pola\u0144ski<\/p>\n\n\n\n<p>Data emisji: 08.10.2006<br> Czas trwania: 10\u201918\u201d<\/p>\n\n\n\n<figure class=\"wp-block-audio\"><audio controls src=\"https:\/\/pbc.uw.edu.pl\/13828\/2\/Danilewicz_Brudny_Harry.mp3\"><\/audio><\/figure>\n\n\n\n<p><em>Brudny Harry<\/em>, re\u017c.: Don Siegel<\/p>\n\n\n\n<p>Data emisji: 22.10.2006<br> Czas trwania: 9\u201957\u201d<\/p>\n\n\n\n<figure class=\"wp-block-audio\"><audio controls src=\"https:\/\/pbc.uw.edu.pl\/13828\/3\/Danilewicz_Ojciec_chrzestny.mp3\"><\/audio><\/figure>\n\n\n\n<p><em>Ojciec chrzestny<\/em>, re\u017c.: Francis Ford Coppola<\/p>\n\n\n\n<p>Data emisji: 29.10.2006<br> Czas trwania: 10\u201934\u201d<\/p>\n\n\n\n<figure class=\"wp-block-audio\"><audio controls src=\"https:\/\/pbc.uw.edu.pl\/13828\/4\/Danilewicz_Kabaret.mp3\"><\/audio><\/figure>\n\n\n\n<p><em>Kabaret<\/em>, re\u017c.: Bob Fosse<\/p>\n\n\n\n<p>Data emisji: 19.11.2006<br> Czas trwania: 10\u201929\u201d<\/p>\n\n\n\n<figure class=\"wp-block-audio\"><audio controls src=\"https:\/\/pbc.uw.edu.pl\/13828\/5\/Danilewicz_Szczesliwy_cz%C5%82owiek.mp3\"><\/audio><\/figure>\n\n\n\n<p><em>Szcz\u0119\u015bliwy cz\u0142owiek<\/em>, re\u017c.: Lindsay Anderson<\/p>\n\n\n\n<p>Data emisji: 26.11.2006<br> Czas trwania: 10\u201931\u201d<\/p>\n\n\n\n<figure class=\"wp-block-audio\"><audio controls src=\"https:\/\/pbc.uw.edu.pl\/13828\/6\/Danilewicz_Aguirre_gniew_bozy.mp3\"><\/audio><\/figure>\n\n\n\n<p><em>Aguirre &#8211; gniew bo\u017cy<\/em>, re\u017c.: Werner Herzog<\/p>\n\n\n\n<p>Data emisji: 17.12.2006<br> Czas trwania: 10\u201901\u201d<\/p>\n\n\n\n<figure class=\"wp-block-audio\"><audio controls src=\"https:\/\/pbc.uw.edu.pl\/13832\/4\/Danilewicz_Legenda_o_swietym_pijaku.mp3\"><\/audio><\/figure>\n\n\n\n<p><em>Legenda o \u015bwi\u0119tym pijaku<\/em>, re\u017c.: Ermanno Olmi<\/p>\n\n\n\n<p>Data emisji: 31.12.2006<br> Czas trwania: 9\u201937\u201d<\/p>\n\n\n\n<figure class=\"wp-block-audio\"><audio controls src=\"https:\/\/pbc.uw.edu.pl\/13829\/1\/Danilewicz_Zagadka_Kaspara_Hausera.mp3\"><\/audio><\/figure>\n\n\n\n<p><em>Zagadka Kaspara Hausera<\/em>, re\u017c.: Werner Herzog<\/p>\n\n\n\n<p>Data emisji: 14.01.2007<br> Czas trwania: 10\u201925\u201d<\/p>\n\n\n\n<figure class=\"wp-block-audio\"><audio controls src=\"https:\/\/pbc.uw.edu.pl\/13829\/2\/Danilewicz_Piknik_pod_Wiszaca_Skala.mp3\"><\/audio><\/figure>\n\n\n\n<p><em>Piknik pod Wisz\u0105c\u0105 Ska\u0142\u0105<\/em>, re\u017c.: Peter Weir<\/p>\n\n\n\n<p>Data emisji: 21.01.2007<br> Czas trwania: 10\u201904\u201d<\/p>\n\n\n\n<figure class=\"wp-block-audio\"><audio controls src=\"https:\/\/pbc.uw.edu.pl\/13829\/3\/Danilewicz_Lot_nad_kukulczym_gniazdem.mp3\"><\/audio><\/figure>\n\n\n\n<p><em>Lot nad kuku\u0142czym gniazdem<\/em>, re\u017c.:Milo\u0161 Forman<\/p>\n\n\n\n<p>Data emisji: 11.02.2007<br> Czas trwania: 10\u201908\u201d<\/p>\n\n\n\n<figure class=\"wp-block-audio\"><audio controls src=\"https:\/\/pbc.uw.edu.pl\/13829\/4\/Danilewicz_Taksowkarz.mp3\"><\/audio><\/figure>\n\n\n\n<p><em>Taks\u00f3wkarz<\/em>, re\u017c.: Martin Scorsese<\/p>\n\n\n\n<p>Data emisji: 04.03.2007<br> Czas trwania: 10\u201930\u201d<\/p>\n\n\n\n<figure class=\"wp-block-audio\"><audio controls src=\"https:\/\/pbc.uw.edu.pl\/13832\/5\/Danilewicz_Pilat_i_inni.mp3\"><\/audio><\/figure>\n\n\n\n<p><em>Pi\u0142at i inni<\/em>, re\u017c.: Andrzej Wajda<\/p>\n\n\n\n<p>Data emisji: 01.04.2007<br> Czas trwania: 10\u201917\u201d<\/p>\n\n\n\n<figure class=\"wp-block-audio\"><audio controls src=\"https:\/\/pbc.uw.edu.pl\/13832\/6\/Danilewicz_Wniebowstapienie.mp3\"><\/audio><\/figure>\n\n\n\n<p><em>Wniebowst\u0105pienie<\/em>, re\u017c.: \u0141arisa Szepitko<\/p>\n\n\n\n<p>Data emisji: 20.05.2007<br> Czas trwania: 10\u201941\u201d<\/p>\n\n\n\n<figure class=\"wp-block-audio\"><audio controls src=\"https:\/\/pbc.uw.edu.pl\/13832\/7\/Danilewicz_Plonacy_wiezowiec.mp3\"><\/audio><\/figure>\n\n\n\n<p><em>P\u0142on\u0105cy wie\u017cowiec<\/em>, re\u017c.: Irwin Allen, John Guillermin<\/p>\n\n\n\n<p>Data emisji: 27.05.2007<br> Czas trwania: 10\u201926\u201d<\/p>\n\n\n\n<figure class=\"wp-block-audio\"><audio controls src=\"https:\/\/pbc.uw.edu.pl\/13829\/5\/Danilewicz_Czas_apokalipsy.mp3\"><\/audio><\/figure>\n\n\n\n<p><em>Czas apokalipsy<\/em>, re\u017c.: Francis Ford Coppola<\/p>\n\n\n\n<p>Data emisji: 10.06.07<br> Czas trwania: 10\u201945\u201d<\/p>\n\n\n\n<figure class=\"wp-block-audio\"><audio controls src=\"https:\/\/pbc.uw.edu.pl\/13829\/6\/Danilewicz_Stalker.mp3\"><\/audio><\/figure>\n\n\n\n<p><em>Stalker<\/em>, re\u017c.: Andriej Tarkowski<\/p>\n\n\n\n<p>Data emisji: 24.06.07<br> Czas trwania: 10\u201914\u201d<\/p>\n","protected":false},"excerpt":{"rendered":"<div class=\"mh-excerpt\"> <a class=\"mh-excerpt-more\" href=\"https:\/\/muzeumpolonii.uw.edu.pl\/?page_id=2550\" title=\"Kino &#8211; wehiku\u0142 ludzkich t\u0119sknot\">[&#8230;]<\/a><\/div>\n","protected":false},"author":1,"featured_media":0,"parent":0,"menu_order":0,"comment_status":"closed","ping_status":"closed","template":"","meta":{"footnotes":""},"class_list":["post-2550","page","type-page","status-publish"],"_links":{"self":[{"href":"https:\/\/muzeumpolonii.uw.edu.pl\/index.php?rest_route=\/wp\/v2\/pages\/2550","targetHints":{"allow":["GET"]}}],"collection":[{"href":"https:\/\/muzeumpolonii.uw.edu.pl\/index.php?rest_route=\/wp\/v2\/pages"}],"about":[{"href":"https:\/\/muzeumpolonii.uw.edu.pl\/index.php?rest_route=\/wp\/v2\/types\/page"}],"author":[{"embeddable":true,"href":"https:\/\/muzeumpolonii.uw.edu.pl\/index.php?rest_route=\/wp\/v2\/users\/1"}],"replies":[{"embeddable":true,"href":"https:\/\/muzeumpolonii.uw.edu.pl\/index.php?rest_route=%2Fwp%2Fv2%2Fcomments&post=2550"}],"version-history":[{"count":87,"href":"https:\/\/muzeumpolonii.uw.edu.pl\/index.php?rest_route=\/wp\/v2\/pages\/2550\/revisions"}],"predecessor-version":[{"id":4659,"href":"https:\/\/muzeumpolonii.uw.edu.pl\/index.php?rest_route=\/wp\/v2\/pages\/2550\/revisions\/4659"}],"wp:attachment":[{"href":"https:\/\/muzeumpolonii.uw.edu.pl\/index.php?rest_route=%2Fwp%2Fv2%2Fmedia&parent=2550"}],"curies":[{"name":"wp","href":"https:\/\/api.w.org\/{rel}","templated":true}]}}