{"id":2492,"date":"2020-10-16T13:42:12","date_gmt":"2020-10-16T11:42:12","guid":{"rendered":"https:\/\/muzeumpolonii.uw.edu.pl\/?page_id=2492"},"modified":"2024-02-15T08:40:06","modified_gmt":"2024-02-15T07:40:06","slug":"zwierzeta-w-biblii","status":"publish","type":"page","link":"https:\/\/muzeumpolonii.uw.edu.pl\/?page_id=2492","title":{"rendered":"Zwierz\u0119ta w Biblii"},"content":{"rendered":"<p><!--EndFragment--><\/p>\n\n\n<hr color=\"red\">\n\n<p><br>Ks. prof. <a href=\"?page_id=1611\">Marek Starowieyski<\/a><\/p>\n\n\n\n<p>Cz. 1<br> Zwierz\u0119ta &#8211; przedmiot kontrowersji<\/p>\n\n\n\n<p>Data emisji: 22.12.2011<br> Czas trwania: 6&#8217;44&#8221;<\/p>\n\n\n\n<figure class=\"wp-block-audio\"><audio controls src=\"https:\/\/pbc.uw.edu.pl\/13820\/1\/Starowieyski_Zwierzeta_audycja_1.mp3\"><\/audio><\/figure>\n\n\n\n<p>Cz. 2<br>Stworzenie i upadek<\/p>\n\n\n\n<p>Data emisji: 29.12.2011<br> Czas trwania: 6&#8217;25&#8221;<\/p>\n\n\n\n<figure class=\"wp-block-audio\"><audio controls src=\"https:\/\/pbc.uw.edu.pl\/13820\/2\/Starowieyski_Zwierzeta_audycja_2.mp3\"><\/audio><\/figure>\n\n\n\n<p>Cz. 3<br> Towarzysze drogi przez \u015bwiat<\/p>\n\n\n\n<p>Data emisji: 12.01.2012<br> Czas trwania: 6&#8217;17&#8221;<\/p>\n\n\n\n<figure class=\"wp-block-audio\"><audio controls src=\"https:\/\/pbc.uw.edu.pl\/13820\/3\/Starowieyski_Zwierzeta_audycja_3.mp3\"><\/audio><\/figure>\n\n\n\n<p>Cz. 4<br> W \u015bwiecie pi\u0119kna Biblii<\/p>\n\n\n\n<p>Data emisji: 19.01.2012<br> Czas trwania: 5&#8217;10&#8221;<\/p>\n\n\n\n<figure class=\"wp-block-audio\"><audio controls src=\"https:\/\/pbc.uw.edu.pl\/13820\/4\/Starowieyski_Zwierzeta_audycja_4.mp3\"><\/audio><\/figure>\n\n\n\n<p>Cz. 5<br> Zwierz\u0119ta znakami prawd wiary<\/p>\n\n\n\n<p>Data emisji: 09.02.2012<br> Czas trwania: 4&#8217;55&#8221;<\/p>\n\n\n\n<figure class=\"wp-block-audio\"><audio controls src=\"https:\/\/pbc.uw.edu.pl\/13820\/5\/Starowieyski_Zwierzeta_audycja_5.mp3\"><\/audio><\/figure>\n\n\n\n<p>Cz. 6<br> Winni ludzie, nie zwierz\u0119ta<\/p>\n\n\n\n<p>Data emisji: 16.02.2012<br> Czas trwania: 4&#8217;02&#8221;<\/p>\n\n\n\n<figure class=\"wp-block-audio\"><audio controls src=\"https:\/\/pbc.uw.edu.pl\/13821\/1\/Starowieyski_Zwierzeta_audycja_6.mp3\"><\/audio><\/figure>\n\n\n\n<p>Cz. 7<br> \u015awiat franciszka\u0144ski pierwszych wiek\u00f3w<\/p>\n\n\n\n<p>Data emisji: 23.02.2012<br> Czas trwania: 6&#8217;32&#8221;<\/p>\n\n\n\n<figure class=\"wp-block-audio\"><audio controls src=\"https:\/\/pbc.uw.edu.pl\/13821\/2\/Starowieyski_Zwierzeta_audycja_7.mp3\"><\/audio><\/figure>\n\n\n\n<p>Cz. 8<br> Zwierz\u0119ta w kr\u0119gu poezji wczesnochrze\u015bcija\u0144skiej<\/p>\n\n\n\n<p>Data emisji: 01.03.2012<br> Czas trwania: 5&#8217;31&#8221;<\/p>\n\n\n\n<figure class=\"wp-block-audio\"><audio controls src=\"https:\/\/pbc.uw.edu.pl\/13821\/3\/Starowieyski_Zwierzeta_audycja_8.mp3\"><\/audio><\/figure>\n\n\n\n<p>Cz. 9<br>Kiedy zwierz\u0119ta obja\u015bniaj\u0105 \u017cycie ludzkie<\/p>\n\n\n\n<p>Data emisji: 08.03.2012<br> Czas trwania: 5&#8217;52&#8221;<\/p>\n\n\n\n<figure class=\"wp-block-audio\"><audio controls src=\"https:\/\/pbc.uw.edu.pl\/13821\/4\/Starowieyski_Zwierzeta_audycja_9.mp3\"><\/audio><\/figure>\n\n\n\n<p>Cz. 10<br>Przyk\u0142ad staro\u017cytno\u015bci<\/p>\n\n\n\n<p> Czas trwania: 3&#8217;48&#8221;<\/p>\n\n\n\n<figure class=\"wp-block-audio\"><audio controls src=\"https:\/\/pbc.uw.edu.pl\/13821\/5\/Starowieyski_Zwierzeta_audycja_10.mp3\"><\/audio><\/figure>\n","protected":false},"excerpt":{"rendered":"<div class=\"mh-excerpt\"> <a class=\"mh-excerpt-more\" href=\"https:\/\/muzeumpolonii.uw.edu.pl\/?page_id=2492\" title=\"Zwierz\u0119ta w Biblii\">[&#8230;]<\/a><\/div>\n","protected":false},"author":1,"featured_media":0,"parent":0,"menu_order":0,"comment_status":"closed","ping_status":"closed","template":"","meta":{"footnotes":""},"class_list":["post-2492","page","type-page","status-publish"],"_links":{"self":[{"href":"https:\/\/muzeumpolonii.uw.edu.pl\/index.php?rest_route=\/wp\/v2\/pages\/2492","targetHints":{"allow":["GET"]}}],"collection":[{"href":"https:\/\/muzeumpolonii.uw.edu.pl\/index.php?rest_route=\/wp\/v2\/pages"}],"about":[{"href":"https:\/\/muzeumpolonii.uw.edu.pl\/index.php?rest_route=\/wp\/v2\/types\/page"}],"author":[{"embeddable":true,"href":"https:\/\/muzeumpolonii.uw.edu.pl\/index.php?rest_route=\/wp\/v2\/users\/1"}],"replies":[{"embeddable":true,"href":"https:\/\/muzeumpolonii.uw.edu.pl\/index.php?rest_route=%2Fwp%2Fv2%2Fcomments&post=2492"}],"version-history":[{"count":16,"href":"https:\/\/muzeumpolonii.uw.edu.pl\/index.php?rest_route=\/wp\/v2\/pages\/2492\/revisions"}],"predecessor-version":[{"id":4676,"href":"https:\/\/muzeumpolonii.uw.edu.pl\/index.php?rest_route=\/wp\/v2\/pages\/2492\/revisions\/4676"}],"wp:attachment":[{"href":"https:\/\/muzeumpolonii.uw.edu.pl\/index.php?rest_route=%2Fwp%2Fv2%2Fmedia&parent=2492"}],"curies":[{"name":"wp","href":"https:\/\/api.w.org\/{rel}","templated":true}]}}