{"id":2489,"date":"2020-10-16T13:42:28","date_gmt":"2020-10-16T11:42:28","guid":{"rendered":"https:\/\/muzeumpolonii.uw.edu.pl\/?page_id=2489"},"modified":"2024-02-15T08:31:19","modified_gmt":"2024-02-15T07:31:19","slug":"sobory-kosciola-niepodzielonego","status":"publish","type":"page","link":"https:\/\/muzeumpolonii.uw.edu.pl\/?page_id=2489","title":{"rendered":"Sobory Ko\u015bcio\u0142a niepodzielonego"},"content":{"rendered":"\n<hr color=\"red\">\n\n\n\n<p><br>Ks. prof.&nbsp;<a href=\"?page_id=1611\">Marek Starowieyski<\/a> <\/p>\n\n\n\n<p>Cz. 1<br>\nKo\u015bci\u00f3\u0142 przedsoborowy<\/p>\n\n\n\n<p>Ko\u015bci\u00f3\u0142 przedsoborowy. Historia zwo\u0142ania pierwszego soboru powszechnego w Nicei w 325 r. Cesarz Konstantyn Wielki. Synody ko\u015bcielne w ko\u0144cu III w. <\/p>\n\n\n\n<p>Data emisji: 1992.04.23<br> Czas trwania: 5&#8217;44&#8221;<\/p>\n\n\n\n<figure class=\"wp-block-audio\"><audio controls src=\"https:\/\/pbc.uw.edu.pl\/13133\/10\/01_Starowieyski_Marek_Ko%C5%9Bci%C3%B3%C5%82_przedsoborowy.mp3\"><\/audio><\/figure>\n\n\n\n<p>Cz. 2<br>\nSob\u00f3r nicejski I (325)<\/p>\n\n\n\n<p>Sp\u00f3r aria\u0144ski (arianizm) przyczyn\u0105 zwo\u0142ania I soboru powszechnego w Nicei. Pocz\u0105tek soboru powszechnego w Nicei (25.05.325). Tekst Wyznania wiary. Postanowienia soboru nicejskiego. Dogmat Tr\u00f3jcy \u015awi\u0119tej.<\/p>\n\n\n\n<p>Data emisji: 1992.04.30<br> Czas trwania: 7&#8217;39&#8221;<\/p>\n\n\n\n<figure class=\"wp-block-audio\"><audio controls src=\"https:\/\/pbc.uw.edu.pl\/13133\/2\/02_Starowieyski_Marek_Sobory_Ko%C5%9Bcio%C5%82a_niepodzielonego_Sob%C3%B3r_nicejski_I.mp3\"><\/audio><\/figure>\n\n\n\n<p>Cz. 3<br>\nSob\u00f3r konstantynopolita\u0144ski I (381)<\/p>\n\n\n\n<p>Problem teologiczny herezji pneumatomach\u00f3w przyczyn\u0105 zwo\u0142ania soboru w Konstantypolu. Postanowienia soboru w Konstantynopolu. <br>\nZmiany w tek\u015bcie Wyznania wiary. Dogmat Ducha \u015awi\u0119tego. Grzegorz z Nazjanzu o Duchu \u015awi\u0119tym.<\/p>\n\n\n\n<p>Data emisji: 1992.05.07<br> Czas trwania: 6&#8217;57&#8221;<\/p>\n\n\n\n<figure class=\"wp-block-audio\"><audio controls src=\"https:\/\/pbc.uw.edu.pl\/13133\/3\/03_Starowieyski_Marek_Sobory_Ko%C5%9Bcio%C5%82a_niepodzielonego_Sob%C3%B3r_konstantynopolita%C5%84ski_I.mp3\"><\/audio><\/figure>\n\n\n\n<p>Cz. 4<br>\nSob\u00f3r efeski (431)<\/p>\n\n\n\n<p>B\u00f3stwo i cz\u0142owiecze\u0144stwo Chrystusa tematem soboru efeskiego. Chrystologia Szko\u0142y antioche\u0144skiej. Chrystologia Szko\u0142y aleksandryjskiej. Spory szk\u00f3\u0142 teologicznych dotycz\u0105ce osoby Chrystusa i Maryi. Kontrowersyjna nauka Nestoriusza. Sob\u00f3r efeski pocz\u0105tkiem rozwoju mariologii. Cesarz Teodozjusz II. Nestoriusz.<\/p>\n\n\n\n<p>Data emisji: 1992.05.12<br> Czas trwania: 8&#8217;11&#8221;<\/p>\n\n\n\n<figure class=\"wp-block-audio\"><audio controls src=\"https:\/\/pbc.uw.edu.pl\/13133\/4\/04_Starowieyski_Marek_Sobory_Ko%C5%9Bcio%C5%82a_niepodzielonego_Sob%C3%B3r_efeski.mp3\"><\/audio><\/figure>\n\n\n\n<p>Cz. 5<br>\nSob\u00f3r konstantynopolita\u0144ski II (553)<\/p>\n\n\n\n<p>Doktryny ko\u015bcio\u0142a monofizyckiego. Sp\u00f3r monofizyt\u00f3w z ortodoksami. Trzy Dzie\u0142a \u017ar\u00f3d\u0142em sporu dogmatycznego na soborze konstantynopolita\u0144skim II. Konflikt cesarza Justyniana I z papie\u017cem Wigiliuszem. Teodor z Mopsuestii. Teodoret z Cyru. Ibas z Edessy. Tw\u00f3rcy Trzech Dzie\u0142. Justynian I Wielki (cesarz). Wigiliusz (papie\u017c). Teodor z Mopsuestii. <\/p>\n\n\n\n<p>Data emisji: 1992.05.21<br> Czas trwania: 8&#8217;38&#8221;<\/p>\n\n\n\n<figure class=\"wp-block-audio\"><audio controls src=\"https:\/\/pbc.uw.edu.pl\/13133\/5\/05_Starowieyski_Marek_Sobory_Ko%C5%9Bcio%C5%82a_niepodzielonego_Sob%C3%B3r_konstantynopolita%C5%84ski_II.mp3\"><\/audio><\/figure>\n\n\n\n<p>Cz. 6<br>\nSob\u00f3r konstantynopolita\u0144ski III (680-681)<\/p>\n\n\n\n<p> Sob\u00f3r zwo\u0142a\u0142 Konstantyn IV.  Sp\u00f3r wok\u00f3\u0142 monoteletyzmu przyczyn\u0105 zwo\u0142ania soboru konstantynopolita\u0144skiego III. Ustalenia soboru o naturze Jezusa &#8211; boskiej i ludzkiej. znaczenie synodu rzymskiego z 680 r. <\/p>\n\n\n\n<p>Data emisji: 1992.05.28<br> Czas trwania: 9&#8217;02&#8221;<\/p>\n\n\n\n<figure class=\"wp-block-audio\"><audio controls src=\"https:\/\/pbc.uw.edu.pl\/13133\/6\/06_Starowieyski_Marek_Sobory_Ko%C5%9Bcio%C5%82a_niepodzielonego_Sob%C3%B3r_konstantynopolita%C5%84ski_III.mp3\"><\/audio><\/figure>\n\n\n\n<p>Cz. 7<br>\nSob\u00f3r nicejski II (787)<\/p>\n\n\n\n<p>Geneza soboru nicejskiego II. Wzrastaj\u0105cy kult obraz\u00f3w \u2013 ikonoklastyzm \u2013 przyczyn\u0105 zwo\u0142ania soboru nicejskiego II. <br>\nPostanowienia ko\u0144cowe soboru: 23 kanony dyscyplinarne dotycz\u0105ce tworzenia ikon.<\/p>\n\n\n\n<p>Data emisji: 1992.06.11<br> Czas trwania: 8&#8217;42&#8221;<\/p>\n\n\n\n<figure class=\"wp-block-audio\"><audio controls src=\"https:\/\/pbc.uw.edu.pl\/13133\/7\/07_Starowieyski_Marek_Sobory_Ko%C5%9Bcio%C5%82a_niepodzielonego_Sob%C3%B3r_nicejski_II.mp3\"><\/audio><\/figure>\n\n\n\n<p>Cz. 8<br>\nSob\u00f3r konstantynopolita\u0144ski IV (869-870)<\/p>\n\n\n\n<p>Geneza soboru. Ekumeniczny charakter soboru konstantynopolita\u0144skiego IV. Sp\u00f3r Focjusza I i Ignacego I tematem zwo\u0142ania soboru. Focjusz I Wielki. <\/p>\n\n\n\n<p>Data emisji: 1992.06.18<br> Czas trwania: 7&#8217;21&#8221;<\/p>\n\n\n\n<figure class=\"wp-block-audio\"><audio controls src=\"https:\/\/pbc.uw.edu.pl\/13133\/8\/08_Starowieyski_Marek_Sobory_Ko%C5%9Bcio%C5%82a_niepodzielonego_Sob%C3%B3r_konstantynopolita%C5%84ski_IV.mp3\"><\/audio><\/figure>\n\n\n\n<p>Cz. 9<br>\nPerspektywa sobor\u00f3w niepodzielonego ko\u015bcio\u0142a<\/p>\n\n\n\n<p>Sobory dziedzictwem ko\u015bcio\u0142a niepodzielonego. Powszechny charakter sobor\u00f3w. Kanony sobor\u00f3w odzwierciedleniem kszta\u0142towania si\u0119 pentarchii czyli pi\u0119ciu patriarch\u00f3w: rzymskiego, konstantynopolita\u0144skiego, aleksandryjskiego, antioche\u0144skiego i jerozolimskiego. O\u015brodki religijne na Wschodzie i Zachodzie. Rola papie\u017cy na soborach. Focjusz. Ignacy I.<\/p>\n\n\n\n<p>Data emisji: 1992.06.25<br> Czas trwania: 7&#8217;56&#8221;<\/p>\n\n\n\n<figure class=\"wp-block-audio\"><audio controls src=\"https:\/\/pbc.uw.edu.pl\/13133\/9\/09_Starowieyski_Marek_Perspektywa_sobor%C3%B3w__Ko%C5%9Bcio%C5%82a_niepodzielonego.mp3\"><\/audio><\/figure>\n\n\n\n<p><\/p>\n\n\n\n<p><\/p>\n\n\n\n<p><\/p>\n\n\n\n<p><\/p>\n\n\n\n<p><\/p>\n\n\n\n<p><\/p>\n","protected":false},"excerpt":{"rendered":"<div class=\"mh-excerpt\"> <a class=\"mh-excerpt-more\" href=\"https:\/\/muzeumpolonii.uw.edu.pl\/?page_id=2489\" title=\"Sobory Ko\u015bcio\u0142a niepodzielonego\">[&#8230;]<\/a><\/div>\n","protected":false},"author":1,"featured_media":0,"parent":0,"menu_order":0,"comment_status":"closed","ping_status":"closed","template":"","meta":{"footnotes":""},"class_list":["post-2489","page","type-page","status-publish"],"_links":{"self":[{"href":"https:\/\/muzeumpolonii.uw.edu.pl\/index.php?rest_route=\/wp\/v2\/pages\/2489","targetHints":{"allow":["GET"]}}],"collection":[{"href":"https:\/\/muzeumpolonii.uw.edu.pl\/index.php?rest_route=\/wp\/v2\/pages"}],"about":[{"href":"https:\/\/muzeumpolonii.uw.edu.pl\/index.php?rest_route=\/wp\/v2\/types\/page"}],"author":[{"embeddable":true,"href":"https:\/\/muzeumpolonii.uw.edu.pl\/index.php?rest_route=\/wp\/v2\/users\/1"}],"replies":[{"embeddable":true,"href":"https:\/\/muzeumpolonii.uw.edu.pl\/index.php?rest_route=%2Fwp%2Fv2%2Fcomments&post=2489"}],"version-history":[{"count":10,"href":"https:\/\/muzeumpolonii.uw.edu.pl\/index.php?rest_route=\/wp\/v2\/pages\/2489\/revisions"}],"predecessor-version":[{"id":4672,"href":"https:\/\/muzeumpolonii.uw.edu.pl\/index.php?rest_route=\/wp\/v2\/pages\/2489\/revisions\/4672"}],"wp:attachment":[{"href":"https:\/\/muzeumpolonii.uw.edu.pl\/index.php?rest_route=%2Fwp%2Fv2%2Fmedia&parent=2489"}],"curies":[{"name":"wp","href":"https:\/\/api.w.org\/{rel}","templated":true}]}}