{"id":2356,"date":"2020-09-18T11:24:52","date_gmt":"2020-09-18T09:24:52","guid":{"rendered":"https:\/\/muzeumpolonii.uw.edu.pl\/?page_id=2356"},"modified":"2025-12-22T08:03:38","modified_gmt":"2025-12-22T07:03:38","slug":"kumpel","status":"publish","type":"page","link":"https:\/\/muzeumpolonii.uw.edu.pl\/?page_id=2356","title":{"rendered":"Kumpel dla Polonii"},"content":{"rendered":"\n<hr color=\"red\">\n\n\n\n<figure class=\"wp-block-image size-large\"><a href=\"https:\/\/www.gov.pl\/web\/dyplomacja\"><img loading=\"lazy\" decoding=\"async\" width=\"1024\" height=\"283\" src=\"https:\/\/muzeumpolonii.uw.edu.pl\/wp-content\/uploads\/Polonia-1-1024x283.jpg\" alt=\"\" class=\"wp-image-4937\" srcset=\"https:\/\/muzeumpolonii.uw.edu.pl\/wp-content\/uploads\/Polonia-1-1024x283.jpg 1024w, https:\/\/muzeumpolonii.uw.edu.pl\/wp-content\/uploads\/Polonia-1-300x83.jpg 300w, https:\/\/muzeumpolonii.uw.edu.pl\/wp-content\/uploads\/Polonia-1-768x212.jpg 768w, https:\/\/muzeumpolonii.uw.edu.pl\/wp-content\/uploads\/Polonia-1.jpg 1500w\" sizes=\"auto, (max-width: 1024px) 100vw, 1024px\" \/><\/a><\/figure>\n\n\n\n<p><strong><em> Kumpel dla Polonii <\/em><\/strong>to bezp\u0142atny e-magazyn dla dzieci polonijnych w wieku  6\u221210 lat. Jest nie tylko \u201ekumplem\u201d dzieci, ale i pomaga im pokocha\u0107 j\u0119zyk  polski, odkry\u0107 polsk\u0105 przyrod\u0119, pozna\u0107 polsk\u0105 kultur\u0119 i histori\u0119. To miejsce  inspiracji, \u017ar\u00f3d\u0142o ciekawych materia\u0142\u00f3w edukacyjnych, kt\u00f3re mog\u0105 by\u0107 wykorzystywane przez rodzic\u00f3w dzieci polonijnych oraz przez nauczycieli,  bibliotekarzy w trakcie zaj\u0119\u0107 w szko\u0142ach polonijnych lub w innych instytucjach  polonijnych.<\/p>\n\n\n\n<p><\/p>\n\n\n\n<p><strong><em>Kumpel dla Polonii<\/em><\/strong> jest dost\u0119pny na licencji Creative Common Uznanie autorstwa 4.0 Mi\u0119dzynarodowa. Pewne prawa zastrze\u017cone na rzecz zastrze\u017cone na rzecz Polskiego Bractwa Kawaler\u00f3w Gutenberga. Utw\u00f3r powsta\u0142 w ramach zlecania przez Kancelari\u0119 Prezesa Rady Ministr\u00f3w, a od 1 lipca 2024 roku Ministerstwa Spraw Zagranicznych, zada\u0144 w zakresie wsparcia Polonii i Polak\u00f3w za granic\u0105 w 2023 roku. Zezwala si\u0119 na dowolne wykorzystanie utworu, pod warunkiem zachowania ww. informacji, w tym informacji o stosowanej licencji i o posiadaczach praw.<\/p>\n\n\n\n<p>  Koordynator projektu: prof. dr hab. Dariusz Ku\u017amina. Redaktor naczelna: Agnieszka Wyganowska. Wydawca: Polskie Bractwo Kawaler\u00f3w Gutenberga.  <\/p>\n\n\n\n<p><\/p>\n\n\n\n<p><a rel=\"noreferrer noopener\" aria-label=\"FB: @KumpelDlaPolonii (otwiera si\u0119 na nowej zak\u0142adce)\" href=\"https:\/\/www.facebook.com\/KumpelDlaPolonii\/\" target=\"_blank\">FB: @KumpelDlaPolonii<\/a>,  <em>Instagram: @kumpeldlapolonii<\/em> <\/p>\n\n\n\n<p><\/p>\n\n\n\n<p><strong>Tytu\u0142 jest udost\u0119pniany bezp\u0142atnie w Polonijnej Bibliotece Cyfrowej:<\/strong><\/p>\n\n\n\n<div class=\"wp-block-group\"><div class=\"wp-block-group__inner-container is-layout-constrained wp-block-group-is-layout-constrained\">\n<TABLE>\n\n<tr>\n\n<TD ALIGN=CENTER VALIGN=BOTTOM><FONT face=\"Verdana, Arial, Helvetica, Sans-Serif\" size=\"2\">\n<A HREF=\"\/wp-content\/uploads\/Kumpel-2020-1.pdf\" target=\"_self\" style=\"text-decoration:none\"><IMG SRC=\"\/wp-content\/uploads\/Kumpel-2020-1_t.jpg\" BORDER=\"0\" ALT=\"Kumpel-2020-1.pdf\">\n<div style=\"text-align: center\">Kumpel-2020-1.pdf<br><\/div><\/A><\/FONT><\/TD>\n\n<TD ALIGN=CENTER VALIGN=BOTTOM><FONT face=\"Verdana, Arial, Helvetica, Sans-Serif\" size=\"2\">\n<A HREF=\"\/wp-content\/uploads\/Kumpel-2020-2.pdf\" target=\"_self\" style=\"text-decoration:none\"><IMG SRC=\"\/wp-content\/uploads\/Kumpel-2020-2_t.jpg\" BORDER=\"0\" ALT=\"Kumpel-2020-2.pdf\">\n<div style=\"text-align: center\">Kumpel-2020-2.pdf<br><\/div><\/A><\/FONT><\/TD>\n\n<\/tr>\n<tr>\n\n<TD ALIGN=CENTER VALIGN=BOTTOM><FONT face=\"Verdana, Arial, Helvetica, Sans-Serif\" size=\"2\">\n<A HREF=\"\/wp-content\/uploads\/Kumpel-2020-3.pdf\" target=\"_self\" style=\"text-decoration:none\"><IMG SRC=\"\/wp-content\/uploads\/Kumpel-2020-3_t.jpg\" BORDER=\"0\" ALT=\"Kumpel-2020-3.pdf\">\n<div style=\"text-align: center\">Kumpel-2020-3.pdf<br><\/div><\/A><\/FONT><\/TD>\n\n<TD ALIGN=CENTER VALIGN=BOTTOM><FONT face=\"Verdana, Arial, Helvetica, Sans-Serif\" size=\"2\">\n<A HREF=\"\/wp-content\/uploads\/Kumpel-2020-4.pdf\" target=\"_self\" style=\"text-decoration:none\"><IMG SRC=\"\/wp-content\/uploads\/Kumpel-2020-4_t.jpg\" BORDER=\"0\" ALT=\"Kumpel-2020-4.pdf\">\n<div style=\"text-align: center\">Kumpel-2020-4.pdf<br><\/div><\/A><\/FONT><\/TD>\n\n<\/tr>\n<tr>\n\n<TD ALIGN=CENTER VALIGN=BOTTOM><FONT face=\"Verdana, Arial, Helvetica, Sans-Serif\" size=\"2\">\n<A HREF=\"\/wp-content\/uploads\/Kumpel-2020-5.pdf\" target=\"_self\" style=\"text-decoration:none\"><IMG SRC=\"\/wp-content\/uploads\/Kumpel-2020-5_t.jpg\" BORDER=\"0\" ALT=\"Kumpel-2020-5.pdf\">\n<div style=\"text-align: center\">Kumpel-2020-5.pdf<br><\/div><\/A><\/FONT><\/TD>\n\n<TD ALIGN=CENTER VALIGN=BOTTOM><FONT face=\"Verdana, Arial, Helvetica, Sans-Serif\" size=\"2\">\n<A HREF=\"\/wp-content\/uploads\/Kumpel-2021-1.pdf\" target=\"_self\" style=\"text-decoration:none\"><IMG SRC=\"\/wp-content\/uploads\/Kumpel-2021-1_t.jpg\" BORDER=\"0\" ALT=\"Kumpel-2021-1.pdf\">\n<div style=\"text-align: center\">Kumpel-2021-1.pdf<br><\/div><\/A><\/FONT><\/TD>\n\n<\/tr>\n<tr>\n\n<TD ALIGN=CENTER VALIGN=BOTTOM><FONT face=\"Verdana, Arial, Helvetica, Sans-Serif\" size=\"2\">\n<A HREF=\"\/wp-content\/uploads\/Kumpel-2021-2.pdf\" target=\"_self\" style=\"text-decoration:none\"><IMG SRC=\"\/wp-content\/uploads\/Kumpel-2021-2_t.jpg\" BORDER=\"0\" ALT=\"Kumpel-2021-2.pdf\">\n<div style=\"text-align: center\">Kumpel-2021-2.pdf<br><\/div><\/A><\/FONT><\/TD>\n\n<TD ALIGN=CENTER VALIGN=BOTTOM><FONT face=\"Verdana, Arial, Helvetica, Sans-Serif\" size=\"2\">\n<A HREF=\"\/wp-content\/uploads\/Kumpel-2021-3.pdf\" target=\"_self\" style=\"text-decoration:none\"><IMG SRC=\"\/wp-content\/uploads\/Kumpel-2021-3_t.jpg\" BORDER=\"0\" ALT=\"Kumpel-2021-3.pdf\">\n<div style=\"text-align: center\">Kumpel-2021-3.pdf<br><\/div><\/A><\/FONT><\/TD>\n\n<\/tr>\n<tr>\n\n<TD ALIGN=CENTER VALIGN=BOTTOM><FONT face=\"Verdana, Arial, Helvetica, Sans-Serif\" size=\"2\">\n<A HREF=\"\/wp-content\/uploads\/Kumpel-2021-4.pdf\" target=\"_self\" style=\"text-decoration:none\"><IMG SRC=\"\/wp-content\/uploads\/Kumpel-2021-4_t.jpg\" BORDER=\"0\" ALT=\"Kumpel-2021-4.pdf\">\n<div style=\"text-align: center\">Kumpel-2021-4.pdf<br><\/div><\/A><\/FONT><\/TD>\n\n<TD ALIGN=CENTER VALIGN=BOTTOM><FONT face=\"Verdana, Arial, Helvetica, Sans-Serif\" size=\"2\">\n<A HREF=\"\/wp-content\/uploads\/Kumpel-2022-1.pdf\" target=\"_self\" style=\"text-decoration:none\"><IMG SRC=\"\/wp-content\/uploads\/Kumpel-2022-1_t.jpg\" BORDER=\"0\" ALT=\"Kumpel-2022-1.pdf\">\n<div style=\"text-align: center\">Kumpel-2022-1.pdf<br><\/div><\/A><\/FONT><\/TD>\n\n<\/tr>\n<tr>\n\n<TD ALIGN=CENTER VALIGN=BOTTOM><FONT face=\"Verdana, Arial, Helvetica, Sans-Serif\" size=\"2\">\n<A HREF=\"\/wp-content\/uploads\/Kumpel-2022-2.pdf\" target=\"_self\" style=\"text-decoration:none\"><IMG SRC=\"\/wp-content\/uploads\/Kumpel-2022-2_t.jpg\" BORDER=\"0\" ALT=\"Kumpel-2022-2.pdf\">\n<div style=\"text-align: center\">Kumpel-2022-2.pdf<br><\/div><\/A><\/FONT><\/TD>\n\n<TD ALIGN=CENTER VALIGN=BOTTOM><FONT face=\"Verdana, Arial, Helvetica, Sans-Serif\" size=\"2\">\n<A HREF=\"\/wp-content\/uploads\/Kumpel-2022-3.pdf\" target=\"_self\" style=\"text-decoration:none\"><IMG SRC=\"\/wp-content\/uploads\/Kumpel-2022-3_t.jpg\" BORDER=\"0\" ALT=\"Kumpel-2022-3.pdf\">\n<div style=\"text-align: center\">Kumpel-2022-3.pdf<br><\/div><\/A><\/FONT><\/TD>\n\n<\/tr>\n<tr>\n\n<TD ALIGN=CENTER VALIGN=BOTTOM><FONT face=\"Verdana, Arial, Helvetica, Sans-Serif\" size=\"2\">\n<A HREF=\"\/wp-content\/uploads\/Kumpel-2022-4.pdf\" target=\"_self\" style=\"text-decoration:none\"><IMG SRC=\"\/wp-content\/uploads\/Kumpel-2022-4_t.jpg\" BORDER=\"0\" ALT=\"Kumpel-2022-4.pdf\">\n<div style=\"text-align: center\">Kumpel-2022-4.pdf<br><\/div><\/A><\/FONT><\/TD>\n\n<TD ALIGN=CENTER VALIGN=BOTTOM><FONT face=\"Verdana, Arial, Helvetica, Sans-Serif\" size=\"2\">\n<A HREF=\"\/wp-content\/uploads\/Kumpel-2023-1.pdf\" target=\"_self\" style=\"text-decoration:none\"><IMG SRC=\"\/wp-content\/uploads\/Kumpel-2023-1_t.jpg\" BORDER=\"0\" ALT=\"Kumpel-2023-1.pdf\">\n<div style=\"text-align: center\">Kumpel-2023-1.pdf<br><\/div><\/A><\/FONT><\/TD>\n\n<\/tr>\n<tr>\n\n<TD ALIGN=CENTER VALIGN=BOTTOM><FONT face=\"Verdana, Arial, Helvetica, Sans-Serif\" size=\"2\">\n<A HREF=\"\/wp-content\/uploads\/Kumpel-2023-2.pdf\" target=\"_self\" style=\"text-decoration:none\"><IMG SRC=\"\/wp-content\/uploads\/Kumpel-2023-2_t.jpg\" BORDER=\"0\" ALT=\"Kumpel-2023-2.pdf\">\n<div style=\"text-align: center\">Kumpel-2023-2.pdf<br><\/div><\/A><\/FONT><\/TD>\n\n<TD ALIGN=CENTER VALIGN=BOTTOM><FONT face=\"Verdana, Arial, Helvetica, Sans-Serif\" size=\"2\">\n<A HREF=\"\/wp-content\/uploads\/Kumpel-2023-3.pdf\" target=\"_self\" style=\"text-decoration:none\"><IMG SRC=\"\/wp-content\/uploads\/Kumpel-2023-3_t.jpg\" BORDER=\"0\" ALT=\"Kumpel-2023-3.pdf\">\n<div style=\"text-align: center\">Kumpel-2023-3.pdf<br><\/div><\/A><\/FONT><\/TD>\n\n<\/tr>\n<tr>\n\n<TD ALIGN=CENTER VALIGN=BOTTOM><FONT face=\"Verdana, Arial, Helvetica, Sans-Serif\" size=\"2\">\n<A HREF=\"\/wp-content\/uploads\/Kumpel-2023-4.pdf\" target=\"_self\" style=\"text-decoration:none\"><IMG SRC=\"\/wp-content\/uploads\/Kumpel-2023-4_t.jpg\" BORDER=\"0\" ALT=\"Kumpel-2023-4.pdf\">\n<div style=\"text-align: center\">Kumpel-2023-4.pdf<br><\/div><\/A><\/FONT><\/TD>\n\n<TD ALIGN=CENTER VALIGN=BOTTOM><FONT face=\"Verdana, Arial, Helvetica, Sans-Serif\" size=\"2\">\n<A HREF=\"\/wp-content\/uploads\/Kumpel-2023-5.pdf\" target=\"_self\" style=\"text-decoration:none\"><IMG SRC=\"\/wp-content\/uploads\/Kumpel-2023-5_t.jpg\" BORDER=\"0\" ALT=\"Kumpel-2023-5.pdf\">\n<div style=\"text-align: center\">Kumpel-2023-5.pdf<br><\/div><\/A><\/FONT><\/TD>\n\n<\/tr>\n<tr>\n\n<TD ALIGN=CENTER VALIGN=BOTTOM><FONT face=\"Verdana, Arial, Helvetica, Sans-Serif\" size=\"2\">\n<A HREF=\"\/wp-content\/uploads\/Kumpel-2023-6.pdf\" target=\"_self\" style=\"text-decoration:none\"><IMG SRC=\"\/wp-content\/uploads\/Kumpel-2023-6_t.jpg\" BORDER=\"0\" ALT=\"Kumpel-2023-6.pdf\">\n<div style=\"text-align: center\">Kumpel-2023-6.pdf<br><\/div><\/A><\/FONT><\/TD>\n\n<TD ALIGN=CENTER VALIGN=BOTTOM><FONT face=\"Verdana, Arial, Helvetica, Sans-Serif\" size=\"2\">\n<A HREF=\"\/wp-content\/uploads\/Kumpel-2024-1.pdf\" target=\"_self\" style=\"text-decoration:none\"><IMG SRC=\"\/wp-content\/uploads\/Kumpel-2024-1_t.jpg\" BORDER=\"0\" ALT=\"Kumpel-2024-1.pdf\">\n<div style=\"text-align: center\">Kumpel-2024-1.pdf<br><\/div><\/A><\/FONT><\/TD>\n\n<\/tr>\n<tr>\n\n<TD ALIGN=CENTER VALIGN=BOTTOM><FONT face=\"Verdana, Arial, Helvetica, Sans-Serif\" size=\"2\">\n<A HREF=\"\/wp-content\/uploads\/Kumpel-2024-2.pdf\" target=\"_self\" style=\"text-decoration:none\"><IMG SRC=\"\/wp-content\/uploads\/Kumpel-2024-2_t.jpg\" BORDER=\"0\" ALT=\"Kumpel-2024-2.pdf\">\n<div style=\"text-align: center\">Kumpel-2024-2.pdf<br><\/div><\/A><\/FONT><\/TD>\n\n<TD ALIGN=CENTER VALIGN=BOTTOM><FONT face=\"Verdana, Arial, Helvetica, Sans-Serif\" size=\"2\">\n<A HREF=\"\/wp-content\/uploads\/Kumpel-2024-3.pdf\" target=\"_self\" style=\"text-decoration:none\"><IMG SRC=\"\/wp-content\/uploads\/Kumpel-2024-3_t.jpg\" BORDER=\"0\" ALT=\"Kumpel-2024-3.pdf\">\n<div style=\"text-align: center\">Kumpel-2024-3.pdf<br><\/div><\/A><\/FONT><\/TD>\n\n<\/tr>\n<tr>\n\n<TD ALIGN=CENTER VALIGN=BOTTOM><FONT face=\"Verdana, Arial, Helvetica, Sans-Serif\" size=\"2\">\n<A HREF=\"\/wp-content\/uploads\/Kumpel-2024-4.pdf\" target=\"_self\" style=\"text-decoration:none\"><IMG SRC=\"\/wp-content\/uploads\/Kumpel-2024-4_t.jpg\" BORDER=\"0\" ALT=\"Kumpel-2024-4.pdf\">\n<div style=\"text-align: center\">Kumpel-2024-4.pdf<br><\/div><\/A><\/FONT><\/TD>\n\n<TD ALIGN=CENTER VALIGN=BOTTOM><FONT face=\"Verdana, Arial, Helvetica, Sans-Serif\" size=\"2\">\n<A HREF=\"\/wp-content\/uploads\/Kumpel-2024-5.pdf\" target=\"_self\" style=\"text-decoration:none\"><IMG SRC=\"\/wp-content\/uploads\/Kumpel-2024-5_t.jpg\" BORDER=\"0\" ALT=\"Kumpel-2024-5.pdf\">\n<div style=\"text-align: center\">Kumpel-2024-5.pdf<br><\/div><\/A><\/FONT><\/TD>\n\n<\/tr>\n<tr>\n\n<TD ALIGN=CENTER VALIGN=BOTTOM><FONT face=\"Verdana, Arial, Helvetica, Sans-Serif\" size=\"2\">\n<A HREF=\"\/wp-content\/uploads\/Kumpel-2024-6.pdf\" target=\"_self\" style=\"text-decoration:none\"><IMG SRC=\"\/wp-content\/uploads\/Kumpel-2024-6_t.jpg\" BORDER=\"0\" ALT=\"Kumpel-2024-6.pdf\">\n<div style=\"text-align: center\">Kumpel-2024-6.pdf<br><\/div><\/A><\/FONT><\/TD>\n\n<TD ALIGN=CENTER VALIGN=BOTTOM><FONT face=\"Verdana, Arial, Helvetica, Sans-Serif\" size=\"2\">\n<A HREF=\"\/wp-content\/uploads\/Kumpel-2024-7.pdf\" target=\"_self\" style=\"text-decoration:none\"><IMG SRC=\"\/wp-content\/uploads\/Kumpel-2024-7_t.jpg\" BORDER=\"0\" ALT=\"Kumpel-2024-7.pdf\">\n<div style=\"text-align: center\">Kumpel-2024-7.pdf<br><\/div><\/A><\/FONT><\/TD>\n\n<\/tr>\n<tr>\n\n<TD ALIGN=CENTER VALIGN=BOTTOM><FONT face=\"Verdana, Arial, Helvetica, Sans-Serif\" size=\"2\">\n<A HREF=\"\/wp-content\/uploads\/Kumpel-2024-8.pdf\" target=\"_self\" style=\"text-decoration:none\"><IMG SRC=\"\/wp-content\/uploads\/Kumpel-2024-8_t.jpg\" BORDER=\"0\" ALT=\"Kumpel-2024-8.pdf\">\n<div style=\"text-align: center\">Kumpel-2024-8.pdf<br><\/div><\/A><\/FONT><\/TD>\n\n<TD ALIGN=CENTER VALIGN=BOTTOM><FONT face=\"Verdana, Arial, Helvetica, Sans-Serif\" size=\"2\">\n<A HREF=\"\/wp-content\/uploads\/Kumpel-2024-9.pdf\" target=\"_self\" style=\"text-decoration:none\"><IMG SRC=\"\/wp-content\/uploads\/Kumpel-2024-9_t.jpg\" BORDER=\"0\" ALT=\"Kumpel-2024-9.pdf\">\n<div style=\"text-align: center\">Kumpel-2024-9.pdf<br><\/div><\/A><\/FONT><\/TD>\n\n<\/tr>\n\n<tr>\n\n<TD ALIGN=CENTER VALIGN=BOTTOM><FONT face=\"Verdana, Arial, Helvetica, Sans-Serif\" size=\"2\">\n<A HREF=\"\/wp-content\/uploads\/Kumpel_2025-1.pdf\" target=\"_self\" style=\"text-decoration:none\"><IMG SRC=\"\/wp-content\/uploads\/Kumpel_2025-1.jpg\" BORDER=\"0\" ALT=\"Kumpel_2025-1.pdf\">\n<div style=\"text-align: center\">Kumpel-2025-1.pdf<br><\/div><\/A><\/FONT><\/TD>\n\n<TD ALIGN=CENTER VALIGN=BOTTOM><FONT face=\"Verdana, Arial, Helvetica, Sans-Serif\" size=\"2\">\n<A HREF=\"\/wp-content\/uploads\/Kumpel_2025-2.pdf\" target=\"_self\" style=\"text-decoration:none\"><IMG SRC=\"\/wp-content\/uploads\/Kumpel_2025-2.jpg\" BORDER=\"0\" ALT=\"Kumpel_2025-2.pdf\">\n<div style=\"text-align: center\">Kumpel-2025-2.pdf<br><\/div><\/A><\/FONT><\/TD>\n\n<\/tr>\n<tr>\n\n<TD ALIGN=CENTER VALIGN=BOTTOM><FONT face=\"Verdana, Arial, Helvetica, Sans-Serif\" size=\"2\">\n<A HREF=\"\/wp-content\/uploads\/Kumpel_2025-3.pdf\" target=\"_self\" style=\"text-decoration:none\"><IMG SRC=\"\/wp-content\/uploads\/Kumpel_2025-3.jpg\" BORDER=\"0\" ALT=\"Kumpel_2025-3.pdf\">\n<div style=\"text-align: center\">Kumpel-2025-3.pdf<br><\/div><\/A><\/FONT><\/TD>\n\n<TD ALIGN=CENTER VALIGN=BOTTOM><FONT face=\"Verdana, Arial, Helvetica, Sans-Serif\" size=\"2\">\n<A HREF=\"\/wp-content\/uploads\/Kumpel_2025-4.pdf\" target=\"_self\" style=\"text-decoration:none\"><IMG SRC=\"\/wp-content\/uploads\/Kumpel_2025-4.jpg\" BORDER=\"0\" ALT=\"Kumpel_2025-4.pdf\">\n<div style=\"text-align: center\">Kumpel-2025-4.pdf<br><\/div><\/A><\/FONT><\/TD>\n\n<\/tr>\n<tr>\n\n<TD ALIGN=CENTER VALIGN=BOTTOM><FONT face=\"Verdana, Arial, Helvetica, Sans-Serif\" size=\"2\">\n<A HREF=\"\/wp-content\/uploads\/Kumpel_2025-5.pdf\" target=\"_self\" style=\"text-decoration:none\"><IMG SRC=\"\/wp-content\/uploads\/Kumpel_2025-5.jpg\" BORDER=\"0\" ALT=\"Kumpel_2025-5.pdf\">\n<div style=\"text-align: center\">Kumpel-2025-5.pdf<br><\/div><\/A><\/FONT><\/TD>\n\n<TD ALIGN=CENTER VALIGN=BOTTOM><FONT face=\"Verdana, Arial, Helvetica, Sans-Serif\" size=\"2\">\n<A HREF=\"\/wp-content\/uploads\/Kumpel_2025-6.pdf\" target=\"_self\" style=\"text-decoration:none\"><IMG SRC=\"\/wp-content\/uploads\/Kumpel_2025-6.jpg\" BORDER=\"0\" ALT=\"Kumpel_2025-6.pdf\">\n<div style=\"text-align: center\">Kumpel-2025-6.pdf<br><\/div><\/A><\/FONT><\/TD>\n\n<\/tr>\n<tr>\n\n<TD ALIGN=CENTER VALIGN=BOTTOM><FONT face=\"Verdana, Arial, Helvetica, Sans-Serif\" size=\"2\">\n<A HREF=\"\/wp-content\/uploads\/Kumpel_2025-7.pdf\" target=\"_self\" style=\"text-decoration:none\"><IMG SRC=\"\/wp-content\/uploads\/Kumpel_2025-7.jpg\" BORDER=\"0\" ALT=\"Kumpel_2025-7.pdf\">\n<div style=\"text-align: center\">Kumpel-2025-7.pdf<br><\/div><\/A><\/FONT><\/TD>\n\n\n<TD ALIGN=CENTER VALIGN=BOTTOM><FONT face=\"Verdana, Arial, Helvetica, Sans-Serif\" size=\"2\">\n<A HREF=\"\/wp-content\/uploads\/Kumpel_2025-8.pdf\" target=\"_self\" style=\"text-decoration:none\"><IMG SRC=\"\/wp-content\/uploads\/Kumpel_2025-8.jpg\" BORDER=\"0\" ALT=\"Kumpel_2025-8.pdf\">\n<div style=\"text-align: center\">Kumpel-2025-8.pdf<br><\/div><\/A><\/FONT><\/TD>\n\n<\/tr>\n\n<tr>\n\n<TD ALIGN=CENTER VALIGN=BOTTOM><FONT face=\"Verdana, Arial, Helvetica, Sans-Serif\" size=\"2\">\n<A HREF=\"\/wp-content\/uploads\/Kumpel_2025-9.pdf\" target=\"_self\" style=\"text-decoration:none\"><IMG SRC=\"\/wp-content\/uploads\/Kumpel_2025-9.jpg\" BORDER=\"0\" ALT=\"Kumpel_2025-9.pdf\">\n<div style=\"text-align: center\">Kumpel-2025-9.pdf<br><\/div><\/A><\/FONT><\/TD>\n\n<\/tr>\n<\/TABLE>\n<\/div><\/div>\n\n\n\n<p><\/p>\n","protected":false},"excerpt":{"rendered":"<div class=\"mh-excerpt\"> <a class=\"mh-excerpt-more\" href=\"https:\/\/muzeumpolonii.uw.edu.pl\/?page_id=2356\" title=\"Kumpel dla Polonii\">[&#8230;]<\/a><\/div>\n","protected":false},"author":1,"featured_media":0,"parent":0,"menu_order":0,"comment_status":"closed","ping_status":"closed","template":"","meta":{"footnotes":""},"class_list":["post-2356","page","type-page","status-publish"],"_links":{"self":[{"href":"https:\/\/muzeumpolonii.uw.edu.pl\/index.php?rest_route=\/wp\/v2\/pages\/2356","targetHints":{"allow":["GET"]}}],"collection":[{"href":"https:\/\/muzeumpolonii.uw.edu.pl\/index.php?rest_route=\/wp\/v2\/pages"}],"about":[{"href":"https:\/\/muzeumpolonii.uw.edu.pl\/index.php?rest_route=\/wp\/v2\/types\/page"}],"author":[{"embeddable":true,"href":"https:\/\/muzeumpolonii.uw.edu.pl\/index.php?rest_route=\/wp\/v2\/users\/1"}],"replies":[{"embeddable":true,"href":"https:\/\/muzeumpolonii.uw.edu.pl\/index.php?rest_route=%2Fwp%2Fv2%2Fcomments&post=2356"}],"version-history":[{"count":137,"href":"https:\/\/muzeumpolonii.uw.edu.pl\/index.php?rest_route=\/wp\/v2\/pages\/2356\/revisions"}],"predecessor-version":[{"id":5889,"href":"https:\/\/muzeumpolonii.uw.edu.pl\/index.php?rest_route=\/wp\/v2\/pages\/2356\/revisions\/5889"}],"wp:attachment":[{"href":"https:\/\/muzeumpolonii.uw.edu.pl\/index.php?rest_route=%2Fwp%2Fv2%2Fmedia&parent=2356"}],"curies":[{"name":"wp","href":"https:\/\/api.w.org\/{rel}","templated":true}]}}