{"id":220,"date":"2017-11-30T08:47:34","date_gmt":"2017-11-30T07:47:34","guid":{"rendered":"https:\/\/muzeumpolonii.uw.edu.pl\/?page_id=220"},"modified":"2025-03-24T11:28:14","modified_gmt":"2025-03-24T10:28:14","slug":"szwajcaria","status":"publish","type":"page","link":"https:\/\/muzeumpolonii.uw.edu.pl\/?page_id=220","title":{"rendered":"Argentyna"},"content":{"rendered":"\n<hr color=\"red\">\n\n\n\n<p>Na emigracj\u0119 polsk\u0105 w Argentynie najwi\u0119kszy wp\u0142yw mia\u0142y wydarzenia polityczne. Pierwsi byli Polacy bior\u0105cy udzia\u0142 w powstaniu styczniowym, kt\u00f3rzy utworzyli w 1890 roku Towarzystwo Polskie \u2013 pierwsz\u0105 polonijn\u0105 organizacj\u0119 w Ameryce Po\u0142udniowej. Na pocz\u0105tku XX wieku roku do Argentyny przyby\u0142a du\u017ca grupa robotnik\u00f3w, kt\u00f3rzy uciekli z Kr\u00f3lestwa Polskiego po st\u0142umieniu przez w\u0142adze carskie rewolucji 1905 roku. W latach dwudziestych i trzydziestych XX wieku emigracja z Polski mia\u0142a charakter ekonomiczny &#8211; do Argentyny przyby\u0142o ok. 150 tys. obywateli polskich. Licz\u0105ca ok 200 tys. os\u00f3b kolejna fala Polak\u00f3w przyby\u0142a do Argentyny po II wojnie \u015bwiatowej. Byli to \u017co\u0142nierze Polskich Si\u0142 Zbrojnych na Zachodzie. Poloni\u0105 w Argentynie opiekuje si\u0119 Polska Misja Katolicka w Argentynie, w Martin Coronado. Cyfrowe kopie dokument\u00f3w z <a href=\"http:\/\/www.pbc.uw.edu.pl\/view\/divisions\/Archiwum=5FCoronado.html\" target=\"_blank\" rel=\"noopener noreferrer\">Archiwum Polskiej Misji<\/a> w Martin Coronado prezentuje Polonijna Biblioteka Cyfrowa.<\/p>\n\n\n<div class=\"wp-block-image\">\n<figure class=\"alignleft\"><img loading=\"lazy\" decoding=\"async\" width=\"300\" height=\"300\" src=\"https:\/\/muzeumpolonii.uw.edu.pl\/wp-content\/uploads\/2020\/03\/CoronadoMuzeum-300x300.jpg\" alt=\"\" class=\"wp-image-1110\" srcset=\"https:\/\/muzeumpolonii.uw.edu.pl\/wp-content\/uploads\/2020\/03\/CoronadoMuzeum-300x300.jpg 300w, https:\/\/muzeumpolonii.uw.edu.pl\/wp-content\/uploads\/2020\/03\/CoronadoMuzeum-150x150.jpg 150w, https:\/\/muzeumpolonii.uw.edu.pl\/wp-content\/uploads\/2020\/03\/CoronadoMuzeum-768x768.jpg 768w, https:\/\/muzeumpolonii.uw.edu.pl\/wp-content\/uploads\/2020\/03\/CoronadoMuzeum.jpg 960w\" sizes=\"auto, (max-width: 300px) 100vw, 300px\" \/><\/figure><\/div>\n\n\n<p>Pomieszczenia budynku Polskiej Szko\u0142y Sobotniej i Muzeum Wojska Polskiego im. Antoniego So\u0142owieja w Martin Coronado. Muzeum znajduje si\u0119 w prowadzonej przez Polsk\u0105 Misj\u0119 Katolick\u0105 szkole. W roku 2017 w budynku<a href=\"http:\/\/lavozdepolonia.com.ar\/new\/odnowienie-polskiej-szkoly-sobotniej-oraz-muzeum-wojska-polskiego\/\" target=\"_blank\" rel=\"noopener noreferrer\"> Szko\u0142y i Muzeum<\/a> przeprowadzono remont kapitalny, kt\u00f3rego koszt zosta\u0142y pokryty przez Senat RP. W staraniach o grant uczestniczyli pracownicy Wydzia\u0142u Dziennikarstwa, Informacji i Bibliologii Uniwersytetu Warszawskiego: prof. dr hab. El\u017cbieta B. Zybert i El\u017cbieta Maruszak.<br><\/p>\n<p>&nbsp;<\/p>\n<p>&nbsp;<\/p>\n\n\n\n<center>\n<h4>Argentyna \u2013 Czasopisma Polonijne<\/h4>\n\t<TABLE>\n\n<tr>\n\n<TD ALIGN=CENTER VALIGN=BOTTOM><FONT face=\"Verdana, Arial, Helvetica, Sans-Serif\" size=\"2\">\n<A HREF=\"http:\/\/www.pbc.uw.edu.pl\/view\/divisions\/Glos=5FPolski.html\" target=\"_self\" style=\"text-decoration:none\"><IMG SRC=\"\/wp-content\/uploads\/2020\/07\/Glos_Polski.jpg\" BORDER=\"0\" ALT=\"G\u0142os Polski\">\n<\/A><\/FONT><\/TD>\n\n<TD ALIGN=CENTER VALIGN=BOTTOM><FONT face=\"Verdana, Arial, Helvetica, Sans-Serif\" size=\"2\">\n<A HREF=\"http:\/\/www.pbc.uw.edu.pl\/view\/divisions\/1936=5FCNK.html\" target=\"_self\" style=\"text-decoration:none\"><IMG SRC=\"\/wp-content\/uploads\/2020\/07\/Kurier_Polski_1936.jpg\" BORDER=\"0\" ALT=\"Kurier Polski\">\n<\/A><\/FONT><\/TD>\n\n<\/tr>\n<tr>\n\n<TD ALIGN=CENTER VALIGN=BOTTOM><FONT face=\"Verdana, Arial, Helvetica, Sans-Serif\" size=\"2\">\n<A HREF=\"http:\/\/www.pbc.uw.edu.pl\/view\/divisions\/1958=5FOgniwo.html\" target=\"_self\" style=\"text-decoration:none\"><IMG SRC=\"\/wp-content\/uploads\/2020\/07\/Ogniwo_1958.jpg\" BORDER=\"0\" ALT=\"Ogniwo.pdf\">\n<\/A><\/FONT><\/TD>\n\n<TD ALIGN=CENTER VALIGN=BOTTOM><FONT face=\"Verdana, Arial, Helvetica, Sans-Serif\" size=\"2\">\n<A HREF=\"http:\/\/www.pbc.uw.edu.pl\/view\/divisions\/Oredownik.html\" target=\"_self\" style=\"text-decoration:none\"><IMG SRC=\"\/wp-content\/uploads\/2020\/07\/Oredownik_1924.jpg\" BORDER=\"0\" ALT=\"or\u0119downik\">\n<\/A><\/FONT><\/TD>\n\n<\/tr>\n<tr>\n\n<TD ALIGN=CENTER VALIGN=BOTTOM><FONT face=\"Verdana, Arial, Helvetica, Sans-Serif\" size=\"2\">\n<A HREF=\"http:\/\/www.pbc.uw.edu.pl\/view\/divisions\/Osadnik.html\" target=\"_self\" style=\"text-decoration:none\"><IMG SRC=\"\/wp-content\/uploads\/2020\/07\/Osadnik_1942.jpg\" BORDER=\"0\" ALT=\"Osadnik\">\n<\/A><\/FONT><\/TD>\n\n<TD ALIGN=CENTER VALIGN=BOTTOM><FONT face=\"Verdana, Arial, Helvetica, Sans-Serif\" size=\"2\">\n<A HREF=\"https:\/\/pbc.uw.edu.pl\/view\/divisions\/1930=5FNKPA.html\" target=\"_self\" style=\"text-decoration:none\"><IMG SRC=\"\/wp-content\/uploads\/2021\/01\/Kurier.jpg\" BORDER=\"0\" ALT=\"Niezale\u017cny Kurier Polski\">\n<\/A><\/FONT><\/TD>\n\n<\/tr>\n<\/TABLE>\n","protected":false},"excerpt":{"rendered":"<div class=\"mh-excerpt\"> <a class=\"mh-excerpt-more\" href=\"https:\/\/muzeumpolonii.uw.edu.pl\/?page_id=220\" title=\"Argentyna\">[&#8230;]<\/a><\/div>\n","protected":false},"author":1,"featured_media":0,"parent":0,"menu_order":0,"comment_status":"closed","ping_status":"closed","template":"","meta":{"footnotes":""},"class_list":["post-220","page","type-page","status-publish"],"_links":{"self":[{"href":"https:\/\/muzeumpolonii.uw.edu.pl\/index.php?rest_route=\/wp\/v2\/pages\/220","targetHints":{"allow":["GET"]}}],"collection":[{"href":"https:\/\/muzeumpolonii.uw.edu.pl\/index.php?rest_route=\/wp\/v2\/pages"}],"about":[{"href":"https:\/\/muzeumpolonii.uw.edu.pl\/index.php?rest_route=\/wp\/v2\/types\/page"}],"author":[{"embeddable":true,"href":"https:\/\/muzeumpolonii.uw.edu.pl\/index.php?rest_route=\/wp\/v2\/users\/1"}],"replies":[{"embeddable":true,"href":"https:\/\/muzeumpolonii.uw.edu.pl\/index.php?rest_route=%2Fwp%2Fv2%2Fcomments&post=220"}],"version-history":[{"count":104,"href":"https:\/\/muzeumpolonii.uw.edu.pl\/index.php?rest_route=\/wp\/v2\/pages\/220\/revisions"}],"predecessor-version":[{"id":5574,"href":"https:\/\/muzeumpolonii.uw.edu.pl\/index.php?rest_route=\/wp\/v2\/pages\/220\/revisions\/5574"}],"wp:attachment":[{"href":"https:\/\/muzeumpolonii.uw.edu.pl\/index.php?rest_route=%2Fwp%2Fv2%2Fmedia&parent=220"}],"curies":[{"name":"wp","href":"https:\/\/api.w.org\/{rel}","templated":true}]}}