{"id":1853,"date":"2020-05-23T13:37:28","date_gmt":"2020-05-23T11:37:28","guid":{"rendered":"https:\/\/muzeumpolonii.uw.edu.pl\/?page_id=1853"},"modified":"2024-02-16T08:27:48","modified_gmt":"2024-02-16T07:27:48","slug":"karol-wojtyla","status":"publish","type":"page","link":"https:\/\/muzeumpolonii.uw.edu.pl\/?page_id=1853","title":{"rendered":"Karol Wojty\u0142a"},"content":{"rendered":"\n<hr color=\"red\">\n\n\n\n<p> <\/p>\n\n\n\n<p> <strong>Audycje tematyczne:<\/strong> <\/p>\n\n\n\n<em>Poezje Karola Wojty\u0142y<\/em>\n\n\n\n<p>Opracowanie ca\u0142o\u015bci: Anna W\u00f3jcicka. Nagranie, muzyka i monta\u017c: Marek Wilczy\u0144ski. Recytacja wierszy: Danuta Micha\u0142owska.<\/p>\n\n\n\n<p><\/p>\n\n\n\n<figure class=\"wp-block-audio aligncenter\"><audio controls src=\"https:\/\/pbc.uw.edu.pl\/13351\/2\/Wojty%C5%82a_Karol_Piesn_o_Bogu_Ukrytym.mp3\"><\/audio><figcaption><em>Pie\u015b\u0144 o Bogu ukrytym <\/em> (1944)<\/figcaption><\/figure>\n\n\n\n<figure class=\"wp-block-audio aligncenter\"><audio controls src=\"https:\/\/pbc.uw.edu.pl\/13351\/3\/Wojty%C5%82a_Karol_Piesn_o_Sloncu_Niewyczerpanym.mp3\"><\/audio><figcaption> <em>Pie\u015b\u0144 o s\u0142o\u0144cu niewyczerpanym<\/em>   (1944) <\/figcaption><\/figure>\n\n\n\n<figure class=\"wp-block-audio aligncenter\"><audio controls src=\"https:\/\/pbc.uw.edu.pl\/13351\/1\/Wojty%C5%82a_Karol_Piesn_%20o_Blasku_Wody.mp3\"><\/audio><figcaption><em> Pie\u015b\u0144 o blasku wody <\/em>   (1950) <\/figcaption><\/figure>\n\n\n\n<figure class=\"wp-block-audio aligncenter\"><audio controls src=\"https:\/\/pbc.uw.edu.pl\/13351\/4\/Wojty%C5%82a_Karol_Wedrowka_do_Miejsc_Swietych.mp3\"><\/audio><figcaption> <em>W\u0119dr\u00f3wka do miejsc \u015bwi\u0119tych<\/em>   (1965) <\/figcaption><\/figure>\n","protected":false},"excerpt":{"rendered":"<div class=\"mh-excerpt\"> <a class=\"mh-excerpt-more\" href=\"https:\/\/muzeumpolonii.uw.edu.pl\/?page_id=1853\" title=\"Karol Wojty\u0142a\">[&#8230;]<\/a><\/div>\n","protected":false},"author":1,"featured_media":0,"parent":0,"menu_order":0,"comment_status":"closed","ping_status":"closed","template":"","meta":{"footnotes":""},"class_list":["post-1853","page","type-page","status-publish"],"_links":{"self":[{"href":"https:\/\/muzeumpolonii.uw.edu.pl\/index.php?rest_route=\/wp\/v2\/pages\/1853","targetHints":{"allow":["GET"]}}],"collection":[{"href":"https:\/\/muzeumpolonii.uw.edu.pl\/index.php?rest_route=\/wp\/v2\/pages"}],"about":[{"href":"https:\/\/muzeumpolonii.uw.edu.pl\/index.php?rest_route=\/wp\/v2\/types\/page"}],"author":[{"embeddable":true,"href":"https:\/\/muzeumpolonii.uw.edu.pl\/index.php?rest_route=\/wp\/v2\/users\/1"}],"replies":[{"embeddable":true,"href":"https:\/\/muzeumpolonii.uw.edu.pl\/index.php?rest_route=%2Fwp%2Fv2%2Fcomments&post=1853"}],"version-history":[{"count":21,"href":"https:\/\/muzeumpolonii.uw.edu.pl\/index.php?rest_route=\/wp\/v2\/pages\/1853\/revisions"}],"predecessor-version":[{"id":4735,"href":"https:\/\/muzeumpolonii.uw.edu.pl\/index.php?rest_route=\/wp\/v2\/pages\/1853\/revisions\/4735"}],"wp:attachment":[{"href":"https:\/\/muzeumpolonii.uw.edu.pl\/index.php?rest_route=%2Fwp%2Fv2%2Fmedia&parent=1853"}],"curies":[{"name":"wp","href":"https:\/\/api.w.org\/{rel}","templated":true}]}}