{"id":1581,"date":"2020-04-19T18:52:02","date_gmt":"2020-04-19T16:52:02","guid":{"rendered":"https:\/\/muzeumpolonii.uw.edu.pl\/?page_id=1581"},"modified":"2024-11-17T10:31:22","modified_gmt":"2024-11-17T09:31:22","slug":"radio","status":"publish","type":"page","link":"https:\/\/muzeumpolonii.uw.edu.pl\/?page_id=1581","title":{"rendered":"Radio Watyka\u0144skie"},"content":{"rendered":"\n<center><figure class=\"wp-block-image size-large\"><a href=\"http:\/\/www.radiovaticana.va\/\" target=\"_blank\" rel=\"noopener noreferrer\"><img loading=\"lazy\" decoding=\"async\" width=\"608\" height=\"193\" src=\"https:\/\/muzeumpolonii.uw.edu.pl\/wp-content\/uploads\/2020\/04\/Radio.jpg\" alt=\"\" class=\"wp-image-1597\" srcset=\"https:\/\/muzeumpolonii.uw.edu.pl\/wp-content\/uploads\/2020\/04\/Radio.jpg 608w, https:\/\/muzeumpolonii.uw.edu.pl\/wp-content\/uploads\/2020\/04\/Radio-300x95.jpg 300w\" sizes=\"auto, (max-width: 608px) 100vw, 608px\" \/><\/a><\/figure><\/center>\n\n\n\n<p style=\"text-align:justify;text-indent:20pt;\">Wydzia\u0142 Dziennikarstwa, Informacji i Bibliologii UW w ramach programu Ministerstwa Nauki i Szkolnictwa Wy\u017cszego &#8222;Dzia\u0142alno\u015b\u0107 Upowszechniaj\u0105ca Nauk\u0119&#8221; realizuje grant \u201eZachowa\u0107 i promowa\u0107 polskie dziedzictwo narodowe \u2013 digitalizacja i opracowanie naukowe archiwali\u00f3w Sekcji Polskiej Radia Watyka\u0144skiego\u201d &#8211; 751\/P-DUN\/2019. Pracuje nad nim zesp\u00f3\u0142 pod kierunkiem prof. dr hab. Janusza Adamowskiego i prof. dr hab. Dariusza Ku\u017aminy. Zdigitalizowane materia\u0142y b\u0119d\u0105 sukcesywnie zamieszczane na stronach Wirtualnego Muzeum Polonii i w Polonijnej Bibliotece Cyfrowej.<\/p>\n\n\n\n<p style=\"text-align:justify;text-indent:20pt;\">Sekcja Polska Radia Watyka\u0144skiego zosta\u0142a powo\u0142ana w 1938 roku. Do 1948 roku nadawano audycje dwa razy w tygodniu, a p\u00f3\u017aniej codziennie. Polskie audycje Radia Watyka\u0144skiego odgrywa\u0142y szczeg\u00f3ln\u0105 rol\u0119 w czasie II wojny \u015bwiatowej, b\u0119d\u0105c niejednokrotnie jedynym \u015brodkiem przekazywania wiadomo\u015bci o sprawach ko\u015bcielnych i narodowych z Rzymu do Polski. Informowa\u0142y te\u017c \u015bwiat o sytuacji okupowanego kraju. Po II wojnie \u015bwiatowej Sekcja Polska Radia Watyka\u0144skiego przez d\u0142ugi czas by\u0142a jedyn\u0105 rozg\u0142o\u015bni\u0105 katolick\u0105, kt\u00f3rej programy mo\u017cna by\u0142o odbiera\u0107 w Polsce.<\/p>\n\n\n\n<center><h4>Audycje tematyczne Sekcji Polskiej Radia Watyka\u0144skiego<\/h4><\/center>\n\n\n\n<p><a href=\"https:\/\/pbc.uw.edu.pl\/16996\/1\/Indeks.pdf\" target=\"_blank\" rel=\"noreferrer noopener\">Indeks tytu\u0142\u00f3w<\/a><\/p>\n\n\n\n<p><a href=\"?page_id=2860\">65 lat Sekcji Polskiej Radia Watyka\u0144skiego : 1938-2003<\/a><\/p>\n\n\n\n<p><a href=\"?page_id=1648\">Marian Banaszak<\/a><br> Dzieje Ewangelizacji Ameryki<\/p>\n\n\n\n<p><a href=\"?page_id=1888\">Bogumi\u0142a Baran<\/a><br> Ofiara przyj\u0119ta : opowie\u015b\u0107 o \u017cyciu i m\u0119cze\u0144stwie si\u00f3str z Nowogr\u00f3dka<\/p>\n\n\n\n<p><a href=\"?page_id=3445\">Adam Bro\u017c<\/a><br> Polskie pami\u0105tki w Wiecznym Mie\u015bcie<\/p>\n\n\n\n<p><a href=\"?page_id=2514\">Andrzej Danilewicz<\/a><br>A\u017c po kra\u0144ce \u015bwiata<br>Kino &#8211; wehiku\u0142 ludzkich t\u0119sknot<br>Z muzycznego skarbca ko\u015bcio\u0142a<br><\/p>\n\n\n\n<p><a href=\"?page_id=1885\">Tomasz Dostatni<\/a><br>Tajemnica m\u0142odo\u015bci<\/p>\n\n\n\n<p><a href=\"?page_id=4643\">J\u00f3zef Du\u017cyk<\/a><br>\u015aladami Polak\u00f3w w Italii<\/p>\n\n\n\n<p><a href=\"?page_id=1951\">Emilia Ehrlich<\/a><br>Apokalipsa : ksi\u0119ga wielkiego pocieszenia<\/p>\n\n\n\n<p><a href=\"?page_id=2770\">Fundacja im. G. K. Chestertona<\/a><br>Sylwetka Gilberta K. Chestertona<\/p>\n\n\n\n<p><a href=\"?page_id=1609\">Stanis\u0142aw G\u0105decki<\/a><br>Wsp\u00f3lne dziedzictwo : dialog chrze\u015bcija\u0144sko-\u017cydowski<\/p>\n\n\n\n<p><a href=\"?page_id=1838\">Julian G\u0105dek<\/a><br> Misja w Zairze<\/p>\n\n\n\n<p><a href=\"?page_id=3202\">Zenon Grocholewski<\/a><br>Historia wy\u017cszych uczelni ko\u015bcielnych<\/p>\n\n\n\n<p><a href=\"?page_id=3392\">Izabela Jurasz<\/a><br>Ikonografia Boga Ojca<\/p>\n\n\n\n<p><a href=\"?page_id=3633\">Jan Konior<\/a><br>Pa\u0144stwo \u015arodka i uczniowie Chrystusa<\/p>\n\n\n\n<p><a href=\"?page_id=1809\">Aleksander Kowalski<\/a><br>Wsp\u00f3lne dziedzictwo : dialog chrze\u015bcija\u0144sko-\u017cydowski<\/p>\n\n\n\n<p><a href=\"?page_id=1916\">Piotr Lenartowicz<\/a><br>Ocali\u0107 cz\u0142owieka : Ko\u015bci\u00f3\u0142 wobec aborcji<\/p>\n\n\n\n<p><a href=\"?page_id=2697\">Rafa\u0142 \u0141\u0105czny<\/a><br>Piotr Skarga &#8211; kaznodzieja niepoprawny politycznie<\/p>\n\n\n\n<p><a href=\"?page_id=1945\">Andrzej Majewski<\/a><br>Wsp\u00f3lnota z Taiz\u00e9<\/p>\n\n\n\n<p><a href=\"?page_id=3415\">Miros\u0142aw A. Matyja<\/a><br>Brazylia<\/p>\n\n\n\n<p><a href=\"?page_id=3266\">Arkadiusz Noco\u0144<\/a><br>Aposto\u0142owie<br>\u015awi\u0119ty tygodnia<\/p>\n\n\n\n<p><a href=\"?page_id=2761\">Barbara Odrobny<\/a><br>Papieski mecenat doby renesansu i baroku<\/p>\n\n\n\n<p><a href=\"?page_id=1847\">Wac\u0142aw Oszajca<\/a><br>Pi\u0119\u0107 minut o poezji<\/p>\n\n\n\n<p><a href=\"?page_id=1897\">Henryk Pietras<\/a><br>Dar wiary : zamy\u015blenia nad credo Ko\u015bcio\u0142a<\/p>\n\n\n\n<p><a href=\"?page_id=1975\">Aleksander Posacki<\/a><br>Rozeznawanie niechrze\u015bcija\u0144skich postaw<\/p>\n\n\n\n<p><a href=\"?page_id=1962\">Pawe\u0142 Ptasznik<\/a><br>Rozwa\u017cania adwentowe : na ka\u017cdy dzie\u0144 adwentu<\/p>\n\n\n\n<p><a href=\"?page_id=3496\">Piotr Samerek<\/a><br>Historia ambasady polskiej przy Watykanie<\/p>\n\n\n\n<p><a href=\"?page_id=1990\">Magdalena Soszy\u0144ska-Gadomska<\/a><br>Z perspektywy socjologa : pytania czasu przemian<\/p>\n\n\n\n<p><a href=\"?page_id=1611\">Marek Starowieyski<\/a><br>Historia chrze\u015bcija\u0144stwa w Turcji<br>Legendarny \u015awiat Apokryf\u00f3w<br>Przedchalcedo\u0144skie Ko\u015bcio\u0142y Wschodu<br>Sobory Ko\u015bcio\u0142a niepodzielonego<br>Zwierz\u0119ta w Biblii<\/p>\n\n\n\n<p><a href=\"?page_id=3597\">Adam W\u0105s<\/a><br>Wobec Islamu<\/p>\n\n\n\n<p><a href=\"?page_id=1830\">Zbigniew Wejcman<\/a><br>Nauka spo\u0142eczna Ko\u015bcio\u0142a w 100 lat od \u201eRerum Novarum\u201d<\/p>\n\n\n\n<p><a href=\"?page_id=3360\">W\u0142adys\u0142aw W\u0119glarz<\/a><br>Wielkopostne spotkania stacyjne<br>\u017bycie pustelnicze i zakonne w chrze\u015bcija\u0144stwie<\/p>\n\n\n\n<p><a href=\"?page_id=1853\">Karol Wojty\u0142a<\/a><br>Poezje Karola Wojty\u0142y<br>Opracowanie : Anna W\u00f3jcicka. Nagranie, muzyka i monta\u017c : Marek Wilczy\u0144ski. Recytacja wierszy : Danuta Micha\u0142owska <\/p>\n\n\n\n<p><a href=\"?page_id=1910\">Adam Wolanin<\/a><br>Wsp\u00f3lne poszukiwanie : dialog z wyznawcami innych religii<\/p>\n\n\n\n<p><a href=\"?page_id=1928\">Maria W\u00f3jcicka<\/a><br>Przed Uroczysto\u015bci\u0105 Wniebowzi\u0119cia NMP : program s\u0142owno-muzyczny<br>Opracowanie :  Maria W\u00f3jcicka<\/p>\n\n\n\n<p><a href=\"?page_id=2794\">Rafa\u0142 Zarzeczny<\/a><br>Etiopia<br>Etiopia w \u015bwiecie staro\u017cytnym<br>O chrze\u015bcija\u0144stwie w Egipcie<\/p>\n\n\n\n<p><a href=\"?page_id=1940\">Wojciech \u017bmudzi\u0144ski<\/a><br>Kobiety w starym testamencie<br>Oblicza ludzkiej solidarno\u015bci : Wsp\u00f3lnota Emmanuel<\/p>\n","protected":false},"excerpt":{"rendered":"<div class=\"mh-excerpt\"> <a class=\"mh-excerpt-more\" href=\"https:\/\/muzeumpolonii.uw.edu.pl\/?page_id=1581\" title=\"Radio Watyka\u0144skie\">[&#8230;]<\/a><\/div>\n","protected":false},"author":1,"featured_media":0,"parent":0,"menu_order":0,"comment_status":"closed","ping_status":"closed","template":"","meta":{"footnotes":""},"class_list":["post-1581","page","type-page","status-publish"],"_links":{"self":[{"href":"https:\/\/muzeumpolonii.uw.edu.pl\/index.php?rest_route=\/wp\/v2\/pages\/1581","targetHints":{"allow":["GET"]}}],"collection":[{"href":"https:\/\/muzeumpolonii.uw.edu.pl\/index.php?rest_route=\/wp\/v2\/pages"}],"about":[{"href":"https:\/\/muzeumpolonii.uw.edu.pl\/index.php?rest_route=\/wp\/v2\/types\/page"}],"author":[{"embeddable":true,"href":"https:\/\/muzeumpolonii.uw.edu.pl\/index.php?rest_route=\/wp\/v2\/users\/1"}],"replies":[{"embeddable":true,"href":"https:\/\/muzeumpolonii.uw.edu.pl\/index.php?rest_route=%2Fwp%2Fv2%2Fcomments&post=1581"}],"version-history":[{"count":129,"href":"https:\/\/muzeumpolonii.uw.edu.pl\/index.php?rest_route=\/wp\/v2\/pages\/1581\/revisions"}],"predecessor-version":[{"id":4894,"href":"https:\/\/muzeumpolonii.uw.edu.pl\/index.php?rest_route=\/wp\/v2\/pages\/1581\/revisions\/4894"}],"wp:attachment":[{"href":"https:\/\/muzeumpolonii.uw.edu.pl\/index.php?rest_route=%2Fwp%2Fv2%2Fmedia&parent=1581"}],"curies":[{"name":"wp","href":"https:\/\/api.w.org\/{rel}","templated":true}]}}