{"id":1329,"date":"2020-03-16T07:50:00","date_gmt":"2020-03-16T06:50:00","guid":{"rendered":"https:\/\/muzeumpolonii.uw.edu.pl\/?page_id=1329"},"modified":"2021-01-05T18:57:59","modified_gmt":"2021-01-05T17:57:59","slug":"nowa-zelandia-2","status":"publish","type":"page","link":"https:\/\/muzeumpolonii.uw.edu.pl\/?page_id=1329","title":{"rendered":"Nowa Zelandia"},"content":{"rendered":"\n<hr color=\"red\">\n\n\n\n<div class=\"wp-block-media-text alignwide is-stacked-on-mobile is-vertically-aligned-top\" style=\"grid-template-columns:45% auto\"><figure class=\"wp-block-media-text__media\"><img loading=\"lazy\" decoding=\"async\" width=\"701\" height=\"1024\" src=\"https:\/\/muzeumpolonii.uw.edu.pl\/wp-content\/uploads\/2020\/04\/Wellington-701x1024.jpg\" alt=\"Dom Polski Wellington\" class=\"wp-image-1543\" srcset=\"https:\/\/muzeumpolonii.uw.edu.pl\/wp-content\/uploads\/2020\/04\/Wellington-701x1024.jpg 701w, https:\/\/muzeumpolonii.uw.edu.pl\/wp-content\/uploads\/2020\/04\/Wellington-205x300.jpg 205w, https:\/\/muzeumpolonii.uw.edu.pl\/wp-content\/uploads\/2020\/04\/Wellington-768x1122.jpg 768w, https:\/\/muzeumpolonii.uw.edu.pl\/wp-content\/uploads\/2020\/04\/Wellington-1051x1536.jpg 1051w, https:\/\/muzeumpolonii.uw.edu.pl\/wp-content\/uploads\/2020\/04\/Wellington-1402x2048.jpg 1402w, https:\/\/muzeumpolonii.uw.edu.pl\/wp-content\/uploads\/2020\/04\/Wellington-scaled.jpg 1752w\" sizes=\"auto, (max-width: 701px) 100vw, 701px\" \/><\/figure><div class=\"wp-block-media-text__content\">\n<p style=\"text-align:justify;\">Emigracja Polak\u00f3w do Nowej Zelandii rozpocz\u0119\u0142o si\u0119 w latach 70 XIX wieku i mia\u0142a kilka charakterystycznych faz. Pierwsza fala emigracji z drugiej po\u0142owy XIX wieku, z teren\u00f3w Pomorza, zasiedli\u0142a prowincje Otago i okolice miasta Duniden na Wyspie Po\u0142udniowej. Innym miejscem osiedlenia dla tej grupy polskich emigrant\u00f3w by\u0142o prowincja Taranaki &#8211; okolice miasta New Plymouth na wyspie p\u00f3\u0142nocnej. Szacuje si\u0119 jej liczebno\u015b\u0107 na ok. 1500 os\u00f3b. Druga grupa emigrant\u00f3w w liczbie ok 2 tys. przyby\u0142a w latach 1918 \u2013 1939. Trzecia grupa by\u0142a emigracj\u0105 polityczn\u0105, powojenn\u0105, tak\u017ce w ramach \u0142\u0105czenia rodzin. Jej liczbno\u015b\u0107 oblicza si\u0119 na ok. 2 tys. os\u00f3b. Czwart\u0105 fal\u0105 by\u0142a emigracja solidarno\u015bciowa, z lat 1981 \u2013 1989. Z oboz\u00f3w dla uchod\u017ac\u00f3w we W\u0142oszech i Austrii przyby\u0142o do Nowej Zelandii ok. 300 polskich obywateli.<\/p>\n<\/div><\/div>\n\n\n\n<br>\n<p style=\"text-align:justify;\">W okresie ostatnim, po roku 1989, emigruj\u0105 do Nowej Zelandii czasowo lub na sta\u0142e g\u0142\u00f3wnie Polacy z Irlandii i Wielkiej Brytanii. Zwykle s\u0105 to profesjonali\u015bci zatrudniani na kontrakty. Najwi\u0119ksze skupiska polonijne w Nowej Zelandii s\u0105 na Wyspie P\u00f3\u0142nocnej, w Auckland, Wellington, Hamilton i New Plymouth i na Wyspie Po\u0142udniowej, w Christchurch i Dunedin. Na terenie Nowej Zelandii dzia\u0142a 11 organizacji polonijnych, w tym utworzona w 2010 roku Rada Naczelna Organizacji Polonijnych w Nowej Zelandii. S\u0105 w\u015br\u00f3d nich: Stowarzyszenie Polak\u00f3w w Nowej Zelandii, Stowarzyszenie Polskich Kombatant\u00f3w, Stowarzyszenie Polak\u00f3w w Auckland, Stowarzyszenie Polak\u00f3w w Christchurch, kilka dom\u00f3w polskich, ch\u00f3r, szk\u00f3\u0142ki polonijne i polskie parafie rzymskokatolickie.&nbsp;<\/p>\n\n\n\n<p style=\"text-align:justify;\">Najlepiej znanym wydarzeniem w historii emigracji polskiej do Nowej Zelandii jest Ob\u00f3z Polskich Dzieci w Pahiatua. Pahiatua jest ma\u0142ym, prowincjonalnym miasteczkiem, po\u0142o\u017conym oko\u0142o 160 km na p\u00f3\u0142noc od Wellington. W latach 1944-49 w pobli\u017cu miasteczka znajdowa\u0142o si\u0119 osiedle nosz\u0105ce nazw\u0119: Ob\u00f3z Polskich Dzieci w Pahiatua. W 1944 roku rz\u0105d Nowej Zelandii, kt\u00f3rego premierem by\u0142 Peter Fraser, zaprosi\u0142 grup\u0119 polskich dzieci i ich opiekun\u00f3w do Nowej Zelandii. 1 listopada 1944 do portu w Wellington w Nowej Zelandii zawin\u0105\u0142 transportowiec wojsk Stan\u00f3w Zjednoczonych, na pok\u0142adzie kt\u00f3rego znajdowa\u0142o si\u0119 733 polskich dzieci, w wi\u0119kszo\u015bci sierot, wraz z 102 opiekunami.<\/p>\n\n\n\n<p>Izolacja geograficzna sprawi\u0142a, \u017ce polska grupa w Nowej Zelandii by\u0142a i pozosta\u0142a stosunkowo nieliczna. Najlepszym \u017ar\u00f3d\u0142em wiadomo\u015bci o Polonii w Nowej Zelandii jest wydawane przez  Stowarzyszenie Polak\u00f3w w Nowej Zelandii  pismo <a rel=\"noreferrer noopener\" aria-label=\"Wiadomo\u015bci Polskie  (otwiera si\u0119 na nowej zak\u0142adce)\" href=\"http:\/\/polishcommunity.org.nz\/monthly-newsletter\/\" target=\"_blank\"><em>Wiadomo\u015bci Polskie<\/em> <\/a> oraz  <a href=\"https:\/\/www.facebook.com\/GazetaPoloniaNZ\/\" target=\"_blank\" rel=\"noreferrer noopener\" aria-label=\" (otwiera si\u0119 na nowej zak\u0142adce)\"><em>Gazeta Polonia<\/em><\/a>.<\/p>\n\n\n<h4 style=\"text-align: center;\">Nowa Zelandia \u2013 Czasopisma Polonijne<\/h4>\n<p><a href=\"http:\/\/www.pbc.uw.edu.pl\/view\/divisions\/Echo=5FPolonii.html\" target=\"_blank\" rel=\"noopener noreferrer\"><img loading=\"lazy\" decoding=\"async\" class=\"aligncenter wp-image-3082 size-full\" src=\"https:\/\/muzeumpolonii.uw.edu.pl\/wp-content\/uploads\/2021\/01\/Echo.jpg\" alt=\"Echo Polonii\" width=\"290\" height=\"410\" srcset=\"https:\/\/muzeumpolonii.uw.edu.pl\/wp-content\/uploads\/2021\/01\/Echo.jpg 290w, https:\/\/muzeumpolonii.uw.edu.pl\/wp-content\/uploads\/2021\/01\/Echo-212x300.jpg 212w\" sizes=\"auto, (max-width: 290px) 100vw, 290px\" \/><\/a><\/p>\n<p><a href=\"http:\/\/www.pbc.uw.edu.pl\/view\/divisions\/Gaz=5FPL.html\" target=\"_blank\" rel=\"noopener noreferrer\"><img loading=\"lazy\" decoding=\"async\" class=\"aligncenter wp-image-3084 size-full\" src=\"https:\/\/muzeumpolonii.uw.edu.pl\/wp-content\/uploads\/2021\/01\/Gazeta_Polonia.jpg\" alt=\"Gazeta Polonia\" width=\"290\" height=\"410\" srcset=\"https:\/\/muzeumpolonii.uw.edu.pl\/wp-content\/uploads\/2021\/01\/Gazeta_Polonia.jpg 290w, https:\/\/muzeumpolonii.uw.edu.pl\/wp-content\/uploads\/2021\/01\/Gazeta_Polonia-212x300.jpg 212w\" sizes=\"auto, (max-width: 290px) 100vw, 290px\" \/><\/a><\/p>\n<p><a href=\"http:\/\/www.pbc.uw.edu.pl\/view\/divisions\/Pol=5FHer.html\" target=\"_blank\" rel=\"noopener noreferrer\"><img loading=\"lazy\" decoding=\"async\" class=\"aligncenter wp-image-3085 size-full\" src=\"https:\/\/muzeumpolonii.uw.edu.pl\/wp-content\/uploads\/2021\/01\/Otago.jpg\" alt=\"Polish Heritage of Otago and Southland\" width=\"290\" height=\"387\" srcset=\"https:\/\/muzeumpolonii.uw.edu.pl\/wp-content\/uploads\/2021\/01\/Otago.jpg 290w, https:\/\/muzeumpolonii.uw.edu.pl\/wp-content\/uploads\/2021\/01\/Otago-225x300.jpg 225w\" sizes=\"auto, (max-width: 290px) 100vw, 290px\" \/><\/a><\/p>\n<p><a href=\"http:\/\/www.pbc.uw.edu.pl\/view\/divisions\/News.html\" target=\"_blank\" rel=\"noopener noreferrer\"><img loading=\"lazy\" decoding=\"async\" class=\"aligncenter wp-image-3086 size-full\" src=\"https:\/\/muzeumpolonii.uw.edu.pl\/wp-content\/uploads\/2021\/01\/Trust.jpg\" alt=\"Polish Heritage Trust Museum Newsletter\" width=\"290\" height=\"205\" \/><\/a><\/p>","protected":false},"excerpt":{"rendered":"<div class=\"mh-excerpt\"> <a class=\"mh-excerpt-more\" href=\"https:\/\/muzeumpolonii.uw.edu.pl\/?page_id=1329\" title=\"Nowa Zelandia\">[&#8230;]<\/a><\/div>\n","protected":false},"author":1,"featured_media":0,"parent":0,"menu_order":0,"comment_status":"closed","ping_status":"closed","template":"","meta":{"footnotes":""},"class_list":["post-1329","page","type-page","status-publish"],"_links":{"self":[{"href":"https:\/\/muzeumpolonii.uw.edu.pl\/index.php?rest_route=\/wp\/v2\/pages\/1329","targetHints":{"allow":["GET"]}}],"collection":[{"href":"https:\/\/muzeumpolonii.uw.edu.pl\/index.php?rest_route=\/wp\/v2\/pages"}],"about":[{"href":"https:\/\/muzeumpolonii.uw.edu.pl\/index.php?rest_route=\/wp\/v2\/types\/page"}],"author":[{"embeddable":true,"href":"https:\/\/muzeumpolonii.uw.edu.pl\/index.php?rest_route=\/wp\/v2\/users\/1"}],"replies":[{"embeddable":true,"href":"https:\/\/muzeumpolonii.uw.edu.pl\/index.php?rest_route=%2Fwp%2Fv2%2Fcomments&post=1329"}],"version-history":[{"count":26,"href":"https:\/\/muzeumpolonii.uw.edu.pl\/index.php?rest_route=\/wp\/v2\/pages\/1329\/revisions"}],"predecessor-version":[{"id":3096,"href":"https:\/\/muzeumpolonii.uw.edu.pl\/index.php?rest_route=\/wp\/v2\/pages\/1329\/revisions\/3096"}],"wp:attachment":[{"href":"https:\/\/muzeumpolonii.uw.edu.pl\/index.php?rest_route=%2Fwp%2Fv2%2Fmedia&parent=1329"}],"curies":[{"name":"wp","href":"https:\/\/api.w.org\/{rel}","templated":true}]}}