{"id":10,"date":"2017-11-22T22:50:53","date_gmt":"2017-11-22T22:50:53","guid":{"rendered":"http:\/\/193.0.122.118\/?page_id=10"},"modified":"2025-03-26T18:33:44","modified_gmt":"2025-03-26T17:33:44","slug":"contact","status":"publish","type":"page","link":"https:\/\/muzeumpolonii.uw.edu.pl\/?page_id=10","title":{"rendered":"Australia i Oceania"},"content":{"rendered":"<hr \/>\n<p><a href=\"http:\/\/pbc.uw.edu.pl\/view\/divisions\/Kro=5FPL.html\" target=\"_blank\" rel=\"noopener noreferrer\"><img loading=\"lazy\" decoding=\"async\" class=\"aligncenter wp-image-1564 size-mh-magazine-content\" src=\"https:\/\/muzeumpolonii.uw.edu.pl\/wp-content\/uploads\/2020\/04\/Kronika-678x381.jpg\" alt=\"\" width=\"678\" height=\"381\" \/><\/a><\/p>\n<p>Polonia australijska jest do\u015b\u0107 liczna, wed\u0142ug spisu powszechnego z 2016 roku w Australii \u017cyje ponad 180 tys. os\u00f3b polskiego pochodzenia, z kt\u00f3rych blisko 50 tys. u\u017cywa j\u0119zyka polskiego w domu. Na wzrost Polonii australijskiej szczeg\u00f3lny wp\u0142yw mia\u0142y dwie fale emigracji, pierwsza po II wojnie \u015bwiatowej, kt\u00f3r\u0105 szacuje si\u0119 na ponad 50 tys. os\u00f3b i druga, po wprowadzeniu stanu wojennego, k\u00f3ra liczy\u0142a ponad 25 tys. os\u00f3b. Po roku 1989 przyby\u0142o do Australii ok. 10 tys. Polak\u00f3w i emigracja ta ma charakter ekonomiczny. Polonia australijska zorganizowana jest w kilkuset organizacjach, w wi\u0119kszo\u015bci powsta\u0142ych w pierwszych latach po II wojnie \u015bwiatowej, zrzeszonych w za\u0142o\u017conej w 1950 roku Radzie Naczelnej Polonii Australijskiej.<a href=\"http:\/\/www.pbc.uw.edu.pl\/view\/divisions\/Kro=5FPL.html\" target=\"_blank\" rel=\"noopener noreferrer\">[Wi\u0119cej&#8230;]<\/a><\/p>\n<p>W roku 2000 Polski Instytut Historyczny w Australii podpisa\u0142 porozumienie z Bibliotek\u0105 Narodow\u0105 Australii w sprawie udost\u0119pniania badaczom polskich materia\u0142\u00f3w przekazanych przez Instytut. Ofiarowane Bibliotece dokumenty s\u0105 udost\u0119pniane pod nazw\u0105<a href=\"http:\/\/www.nla.gov.au\/ms\/findaids\/9562.html\" target=\"_blank\" rel=\"noopener noreferrer\"><em> Collected Records of the Polish Historical Institute in Australia<\/em><\/a> i obejmuj\u0105 okres od roku 1950 do chwili obecnej. Kolekcja jest cennym \u017ar\u00f3d\u0142em informacji o polskich organizacjach w Australii; zawiera korespondencje, protoko\u0142y zebra\u0144, biuletyny informacyjne, albumy z wycinkami prasowymi, m.in. Stowarzyszenia Polskich Kombatant\u00f3w i Rady Organizacji Polskich. Instytut bierze udzia\u0142 w programie polsko-australijskiej historii m\u00f3wionej. Zleci\u0142 r\u00f3wnie\u017c opracowanie <a href=\"http:\/\/www.pbc.uw.edu.pl\/9700\/\" target=\"_blank\" rel=\"noopener noreferrer\"><em>Bibliografii polskich materia\u0142\u00f3w w Australijskiej Bibliotece Narodowej<\/em><\/a>.<\/p>\n<hr \/>\n<p><a href=\"?page_id=293\"><img loading=\"lazy\" decoding=\"async\" class=\"aligncenter wp-image-1244\" src=\"https:\/\/muzeumpolonii.uw.edu.pl\/wp-content\/uploads\/2020\/03\/Dzieci-300x240.jpg\" alt=\"\" width=\"468\" height=\"374\" srcset=\"https:\/\/muzeumpolonii.uw.edu.pl\/wp-content\/uploads\/2020\/03\/Dzieci-300x240.jpg 300w, https:\/\/muzeumpolonii.uw.edu.pl\/wp-content\/uploads\/2020\/03\/Dzieci.jpg 749w\" sizes=\"auto, (max-width: 468px) 100vw, 468px\" \/><\/a>1 listopada 1944 do portu w Wellington w Nowej Zelandii zawin\u0105\u0142 transportowiec wojsk Stan\u00f3w Zjednoczonych, na pok\u0142adzie kt\u00f3rego znajdowa\u0142o si\u0119 733 polskich dzieci, w wi\u0119kszo\u015bci sierot, wraz z 102 opiekunami. Skierowano ich do kampusu w Pahiatui. Pahiatua po\u0142o\u017cona jest 160 km na p\u00f3\u0142noc od Wellington. Polskie dzieci by\u0142y ewakuowane ze Zwi\u0105zku Radzieckiego do Iranu wraz z armi\u0105 Andersa. Ewakuacja obj\u0119\u0142a 77 tys. \u017co\u0142nierzy i 43 tys. cywil\u00f3w &#8211; w tym 20 tys. dzieci. Rz\u0105d Polski w Londynie zaapelowa\u0142 do Ligi Narod\u00f3w o pomoc w znalezieniu dla nich tymczasowego schronienia. Wsr\u00f3d kraj\u00f3w, kt\u00f3re zaoferowa\u0142y pomoc by\u0142 Meksyk i Nowa Zelandia. <a href=\"https:\/\/muzeumpolonii.uw.edu.pl\/?page_id=293\">[Wi\u0119cej&#8230;]<\/a><\/p>\n<h4 style=\"text-align: center;\">Australia \u2013 Czasopisma Polonijne<\/h4>\n\n\n\n<TABLE>\n<tr>\n<td>\n<a href=\"http:\/\/www.pbc.uw.edu.pl\/view\/divisions\/Biul=5FInf.html\" target=\"_blank\" rel=\"noopener noreferrer\"><img loading=\"lazy\" decoding=\"async\"   src=\"https:\/\/muzeumpolonii.uw.edu.pl\/wp-content\/uploads\/2021\/01\/Biuletyn.jpg\" alt=\"Biuletyn Informacyjny\" width=\"290\" height=\"410\" \/><\/a><\/td>\n<td>\n<a href=\"http:\/\/www.pbc.uw.edu.pl\/view\/divisions\/Kro=5FPL.html\" target=\"_blank\" rel=\"noopener noreferrer\"><img loading=\"lazy\" decoding=\"async\"   src=\"https:\/\/muzeumpolonii.uw.edu.pl\/wp-content\/uploads\/2021\/01\/kronikapolonii.jpg\" alt=\"Kronika Polonii\" width=\"290\" height=\"410\" \/><\/a><\/td>\n<\/tr>\n<tr>\n<td>\n<a href=\"http:\/\/www.pbc.uw.edu.pl\/view\/divisions\/KW=5FIN=5F1993.html\" target=\"_blank\" rel=\"noopener noreferrer\"><img loading=\"lazy\" decoding=\"async\"   src=\"https:\/\/muzeumpolonii.uw.edu.pl\/wp-content\/uploads\/2021\/01\/Kwartalnik.jpg\" alt=\"Kwartalnik Informacyjny\" width=\"290\" height=\"409\" \/><\/a><\/td>\n<td>\n<a href=\"https:\/\/pbc.uw.edu.pl\/view\/divisions\/TygodnikPolski.html\"><img loading=\"lazy\" decoding=\"async\"  src=\"https:\/\/muzeumpolonii.uw.edu.pl\/wp-content\/uploads\/TygPol.jpg\" alt=\"\" width=\"290\" height=\"406\" \/><\/a><\/td>\n<\/tr>\n<\/TABLE>\n","protected":false},"excerpt":{"rendered":"<div class=\"mh-excerpt\"> <a class=\"mh-excerpt-more\" href=\"https:\/\/muzeumpolonii.uw.edu.pl\/?page_id=10\" title=\"Australia i Oceania\">[&#8230;]<\/a><\/div>\n","protected":false},"author":1,"featured_media":0,"parent":0,"menu_order":0,"comment_status":"closed","ping_status":"closed","template":"","meta":{"footnotes":""},"class_list":["post-10","page","type-page","status-publish"],"_links":{"self":[{"href":"https:\/\/muzeumpolonii.uw.edu.pl\/index.php?rest_route=\/wp\/v2\/pages\/10","targetHints":{"allow":["GET"]}}],"collection":[{"href":"https:\/\/muzeumpolonii.uw.edu.pl\/index.php?rest_route=\/wp\/v2\/pages"}],"about":[{"href":"https:\/\/muzeumpolonii.uw.edu.pl\/index.php?rest_route=\/wp\/v2\/types\/page"}],"author":[{"embeddable":true,"href":"https:\/\/muzeumpolonii.uw.edu.pl\/index.php?rest_route=\/wp\/v2\/users\/1"}],"replies":[{"embeddable":true,"href":"https:\/\/muzeumpolonii.uw.edu.pl\/index.php?rest_route=%2Fwp%2Fv2%2Fcomments&post=10"}],"version-history":[{"count":20,"href":"https:\/\/muzeumpolonii.uw.edu.pl\/index.php?rest_route=\/wp\/v2\/pages\/10\/revisions"}],"predecessor-version":[{"id":5615,"href":"https:\/\/muzeumpolonii.uw.edu.pl\/index.php?rest_route=\/wp\/v2\/pages\/10\/revisions\/5615"}],"wp:attachment":[{"href":"https:\/\/muzeumpolonii.uw.edu.pl\/index.php?rest_route=%2Fwp%2Fv2%2Fmedia&parent=10"}],"curies":[{"name":"wp","href":"https:\/\/api.w.org\/{rel}","templated":true}]}}